{"id":144,"date":"2020-04-26T20:54:35","date_gmt":"2020-04-26T18:54:35","guid":{"rendered":"http:\/\/llefia.org\/covid19\/?page_id=144"},"modified":"2020-06-15T09:41:04","modified_gmt":"2020-06-15T07:41:04","slug":"connecta-tic-reutilitza","status":"publish","type":"page","link":"https:\/\/llefia.org\/covid19\/connecta-tic-reutilitza\/","title":{"rendered":"Connecta-TIC Reutilitza"},"content":{"rendered":"\n<p>El projecte <a rel=\"noreferrer noopener\" href=\"https:\/\/drive.google.com\/file\/d\/1A5VJnLFESb2C-d9AfSDL1fTqMlaHb1p-\/view?usp=sharing\" target=\"_blank\">Connecta-TIC<\/a>, enfront la bretxa digital, impulsat inicialment per <a rel=\"noreferrer noopener\" href=\"https:\/\/www.fampasbadalona.org\/fampas\/web\/\" target=\"_blank\">Fampas<\/a> Badalona i <a rel=\"noreferrer noopener\" href=\"https:\/\/www.llefia.org\" target=\"_blank\">Llefi@Net<\/a> Xarxa Ciutadana, planteja l\u00ednies de treball i mesures per a redu\u00efr la bretxa digital de les fam\u00edlies en la situaci\u00f3 de confinament i en el post confinament, tot preparant escenaris per a la millora de la ciutat en l\u2019\u00e0mbit d\u2019acc\u00e9s i \u00fas de les TIC, per a facilitar als estudiants condicions d\u2019igualtat en el desenvolupament acad\u00e8mic i afrontar amb millor garanties situacions futures emprant les tecnologies de la informaci\u00f3.<\/p>\n\n\n\n<p>Una de les l\u00ednies de treball \u00e9s la Campanya de donaci\u00f3 i reutilitzaci\u00f3 d&#8217;equipament inform\u00e0tic, amb un proc\u00e9s de recollida de tauletes t\u00e0ctils, port\u00e0tils, ordinadors de sobretaula en des\u00fas per a habilitar-los per a usos educatius, on els ciutadans s&#8217;empoderen en el projecte de reutilitzaci\u00f3 i capacitaci\u00f3 digital.<\/p>\n\n\n\n<p><strong>Com pots participar?<\/strong> <\/p>\n\n\n\n<ul><li>Donant equips inform\u00e0tics que tinguis, preferentment maquinari a partir de l\u2019any 2015.<\/li><li>Aportant coneixement i participaci\u00f3 volunt\u00e0ria en el proc\u00e9s de rehabilitaci\u00f3, reutilitzaci\u00f3 dels dispositius.<\/li><li>Amb aportaci\u00f3 econ\u00f2mica de suport al projecte per a l&#8217;adquisici\u00f3 de dispositius i elements com disc durs, piles, mem\u00f2ries i altres complements.<\/li><\/ul>\n\n\n\n<p>Selecciona com vols participar i ens posarem en contacte amb t\u00fa.&nbsp;<\/p>\n\n\n\n<p class=\"has-text-align-center\"><a rel=\"noreferrer noopener\" href=\"https:\/\/llefia.org\/covid19\/donar-connecta-tic\/\" target=\"_blank\"><img class=\"wp-image-152\" style=\"width: 150px\" src=\"http:\/\/llefia.org\/covid19\/wp-content\/uploads\/sites\/24\/2020\/04\/button_donar-dispositiu.png\" alt=\"\"><\/a>                 <a rel=\"noreferrer noopener\" href=\"https:\/\/llefia.org\/covid19\/connecta-tic-voluntari\/\" target=\"_blank\"><img loading=\"lazy\" width=\"200\" height=\"50\" class=\"wp-image-190\" style=\"width: 150px\" src=\"http:\/\/llefia.org\/covid19\/wp-content\/uploads\/sites\/24\/2020\/04\/button_vull-ser-voluntari.png\" alt=\"\"><\/a>  <\/p>\n\n\n\n<p><strong>Funcionament<\/strong><\/p>\n\n\n\n<p>A partir de les cessions d\u2019equips inform\u00e0tics que es recolliran o b\u00e9 que podeu entregar als punts de recollida habilitats que us indicarem,  i despr\u00e9s d\u2019un treball de revisi\u00f3 i de posada a punt es conformaran els equips que posteriorment s\u2019assignaran a fam\u00edlies, segons criteris consensuats amb la comunitat educativa, entitats, serveis d\u2019educaci\u00f3 i els serveis socials de l\u2019Ajuntament.<\/p>\n\n\n<p><img loading=\"lazy\" class=\"wp-image-202 aligncenter\" src=\"http:\/\/llefia.org\/covid19\/wp-content\/uploads\/sites\/24\/2020\/04\/FLUJO_sinsombras-300x300.png\" alt=\"\" width=\"435\" height=\"435\" srcset=\"https:\/\/llefia.org\/covid19\/wp-content\/uploads\/sites\/24\/2020\/04\/FLUJO_sinsombras-300x300.png 300w, https:\/\/llefia.org\/covid19\/wp-content\/uploads\/sites\/24\/2020\/04\/FLUJO_sinsombras-150x150.png 150w, https:\/\/llefia.org\/covid19\/wp-content\/uploads\/sites\/24\/2020\/04\/FLUJO_sinsombras-768x768.png 768w, https:\/\/llefia.org\/covid19\/wp-content\/uploads\/sites\/24\/2020\/04\/FLUJO_sinsombras.png 854w\" sizes=\"(max-width: 435px) 100vw, 435px\" \/><\/p>\n\n\n<p class=\"has-text-align-left\">Si formes part d&#8217;alguna entitat, associaci\u00f3 i vols col\u00b7laborar cedint espai de la teva entitat, associaci\u00f3 per a ampliar la xarxa de punts de recollida de dispositius, ens pots contactar omplint el seg\u00fcent formulari: <\/p>\n\n\n\n<p>   <a rel=\"noreferrer noopener\" href=\"https:\/\/llefia.org\/covid19\/connecta-tic-punts-recollida\/\" target=\"_blank\"><img loading=\"lazy\" width=\"304\" height=\"66\" class=\"wp-image-233\" style=\"width: 150px;\" src=\"http:\/\/llefia.org\/covid19\/wp-content\/uploads\/sites\/24\/2020\/04\/button_punt-de-recollida.png\" alt=\"\" srcset=\"https:\/\/llefia.org\/covid19\/wp-content\/uploads\/sites\/24\/2020\/04\/button_punt-de-recollida.png 304w, https:\/\/llefia.org\/covid19\/wp-content\/uploads\/sites\/24\/2020\/04\/button_punt-de-recollida-300x65.png 300w\" sizes=\"(max-width: 304px) 100vw, 304px\" \/><\/a><\/p>\n","protected":false},"excerpt":{"rendered":"<p>El projecte Connecta-TIC, enfront la bretxa digital, impulsat inicialment per Fampas Badalona i Llefi@Net Xarxa Ciutadana, planteja l\u00ednies de treball i mesures per a redu\u00efr la bretxa digital de les fam\u00edlies en la situaci\u00f3 de confinament i en el post confinament, tot preparant escenaris per a la millora de la ciutat en l\u2019\u00e0mbit d\u2019acc\u00e9s i&hellip;<\/p>\n","protected":false},"author":15,"featured_media":207,"parent":0,"menu_order":0,"comment_status":"closed","ping_status":"closed","template":"","meta":[],"_links":{"self":[{"href":"https:\/\/llefia.org\/covid19\/wp-json\/wp\/v2\/pages\/144"}],"collection":[{"href":"https:\/\/llefia.org\/covid19\/wp-json\/wp\/v2\/pages"}],"about":[{"href":"https:\/\/llefia.org\/covid19\/wp-json\/wp\/v2\/types\/page"}],"author":[{"embeddable":true,"href":"https:\/\/llefia.org\/covid19\/wp-json\/wp\/v2\/users\/15"}],"replies":[{"embeddable":true,"href":"https:\/\/llefia.org\/covid19\/wp-json\/wp\/v2\/comments?post=144"}],"version-history":[{"count":40,"href":"https:\/\/llefia.org\/covid19\/wp-json\/wp\/v2\/pages\/144\/revisions"}],"predecessor-version":[{"id":372,"href":"https:\/\/llefia.org\/covid19\/wp-json\/wp\/v2\/pages\/144\/revisions\/372"}],"wp:featuredmedia":[{"embeddable":true,"href":"https:\/\/llefia.org\/covid19\/wp-json\/wp\/v2\/media\/207"}],"wp:attachment":[{"href":"https:\/\/llefia.org\/covid19\/wp-json\/wp\/v2\/media?parent=144"}],"curies":[{"name":"wp","href":"https:\/\/api.w.org\/{rel}","templated":true}]}}