{"id":39,"date":"2020-04-13T17:14:38","date_gmt":"2020-04-13T15:14:38","guid":{"rendered":"http:\/\/llefia.org\/covid19\/?page_id=39"},"modified":"2020-04-26T21:26:39","modified_gmt":"2020-04-26T19:26:39","slug":"transformacio-digital","status":"publish","type":"page","link":"https:\/\/llefia.org\/covid19\/transformacio-digital\/","title":{"rendered":"Transformaci\u00f3 digital"},"content":{"rendered":"\n<p>Iniciatives i projectes de transformaci\u00f3 digital des de la vessant ciutadana i ve\u00efnal, per reduir la bretxa digital, millorar la comunitat i la conviv\u00e8ncia.<\/p>\n\n\n\n<p><a href=\"https:\/\/llefia.org\/covid19\/connecta-tic-reutilitza\/\" target=\"_blank\" rel=\"noreferrer noopener\">Vols participar en la donaci\u00f3 de pc, port\u00e0tils, equipament inform\u00e0tic, per a facilitar la continuitat escolar online dels nens i nenes del barri i la ciutat?<\/a><\/p>\n\n\n\n<p>Vols facilitar, refor\u00e7ar la connectivitat wifi als escolars de la teva comunitat de ve\u00efns?<\/p>\n","protected":false},"excerpt":{"rendered":"<p>Iniciatives i projectes de transformaci\u00f3 digital des de la vessant ciutadana i ve\u00efnal, per reduir la bretxa digital, millorar la comunitat i la conviv\u00e8ncia. Vols participar en la donaci\u00f3 de pc, port\u00e0tils, equipament inform\u00e0tic, per a facilitar la continuitat escolar online dels nens i nenes del barri i la ciutat? Vols facilitar, refor\u00e7ar la connectivitat&hellip;<\/p>\n","protected":false},"author":44,"featured_media":0,"parent":0,"menu_order":0,"comment_status":"closed","ping_status":"closed","template":"","meta":[],"_links":{"self":[{"href":"https:\/\/llefia.org\/covid19\/wp-json\/wp\/v2\/pages\/39"}],"collection":[{"href":"https:\/\/llefia.org\/covid19\/wp-json\/wp\/v2\/pages"}],"about":[{"href":"https:\/\/llefia.org\/covid19\/wp-json\/wp\/v2\/types\/page"}],"author":[{"embeddable":true,"href":"https:\/\/llefia.org\/covid19\/wp-json\/wp\/v2\/users\/44"}],"replies":[{"embeddable":true,"href":"https:\/\/llefia.org\/covid19\/wp-json\/wp\/v2\/comments?post=39"}],"version-history":[{"count":5,"href":"https:\/\/llefia.org\/covid19\/wp-json\/wp\/v2\/pages\/39\/revisions"}],"predecessor-version":[{"id":148,"href":"https:\/\/llefia.org\/covid19\/wp-json\/wp\/v2\/pages\/39\/revisions\/148"}],"wp:attachment":[{"href":"https:\/\/llefia.org\/covid19\/wp-json\/wp\/v2\/media?parent=39"}],"curies":[{"name":"wp","href":"https:\/\/api.w.org\/{rel}","templated":true}]}}