{"id":40,"date":"2020-04-13T17:14:38","date_gmt":"2020-04-13T15:14:38","guid":{"rendered":"http:\/\/llefia.org\/covid19\/?page_id=40"},"modified":"2020-05-11T10:50:37","modified_gmt":"2020-05-11T08:50:37","slug":"formacio","status":"publish","type":"page","link":"https:\/\/llefia.org\/covid19\/formacio\/","title":{"rendered":"Formaci\u00f3"},"content":{"rendered":"\n<p><strong>Jitsi, una eina de videotrucada<\/strong><\/p>\n\n\n\n<p>Apr\u00e9n com organitzar reunions, classes, tallers, trobades familiars i d&#8217;amics amb una plataforma de videoconfer\u00e8ncia.<\/p>\n\n\n\n<div class=\"wp-block-file\"><a href=\"http:\/\/llefia.org\/covid19\/wp-content\/uploads\/sites\/24\/2020\/04\/jitsi.pdf\">Manual de jitsi<\/a><a href=\"http:\/\/llefia.org\/covid19\/wp-content\/uploads\/sites\/24\/2020\/04\/jitsi.pdf\" class=\"wp-block-file__button\" download>Baixa<\/a><\/div>\n\n\n\n<div style=\"height:31px\" aria-hidden=\"true\" class=\"wp-block-spacer\"><\/div>\n\n\n\n<hr class=\"wp-block-separator\" \/>\n\n\n\n<div style=\"height:43px\" aria-hidden=\"true\" class=\"wp-block-spacer\"><\/div>\n\n\n\n<p><strong>Telegram,  m\u00e9s que un servei de missatgeria<\/strong><\/p>\n\n\n\n<p>\u00c9s un servei de missatgeria instantani que s\u2019utilitza, fonamentalment, per mantenir conversacions de persona a persona o en grups. Igual que en WhatsApp, es pot enviar missatges de text, veu i fins i tot realitzar videotrucades.<\/p>\n\n\n\n<p>Tamb\u00e9 es pot compatir fotos i v\u00eddeos, aix\u00ed com altres elements menys convencionals com can\u00e7ons, arxius de qualsevol tipus o la ubicaci\u00f3 que pot actualitza-se a temps real.<\/p>\n\n\n\n<p>No obstant, la seva particularitat de Telegram s\u00f3n els bots, els xats secrets, o els canals.<\/p>\n\n\n\n<p>El Ministeri de Sanitat t\u00e9 un canal a Telegram on actualitza al moment totes les informacions que van sorgint.  El podeu veure aqu\u00ed: <a rel=\"noreferrer noopener\" href=\"https:\/\/t.me\/sanidadgob\" target=\"_blank\">Canal Telegram Ministeri de Sanitat<\/a><\/p>\n\n\n\n<div style=\"height:53px\" aria-hidden=\"true\" class=\"wp-block-spacer\"><\/div>\n\n\n\n<hr class=\"wp-block-separator\" \/>\n\n\n\n<div style=\"height:62px\" aria-hidden=\"true\" class=\"wp-block-spacer\"><\/div>\n\n\n\n<p><strong>Utilitza el m\u00f2bil com a c\u00e0mera a l&#8217;ordinador<\/strong><\/p>\n\n\n\n<p>En aquests temps de confinament, una de les eines m\u00e9s \u00fatils que tenim per a continuar mantenint el contacte social s\u00f3n les videoconfer\u00e8ncies.<\/p>\n\n\n\n<p>En general tenim eines i aplicacions v\u00e0lides per a qualsevol dispositiu, per\u00f2 quan es tracta de reunions llargues o amb molts participants el m\u00e9s c\u00f2mode \u00e9s l&#8217;ordinador, ens proporciona una pantalla m\u00e9s gran que qualsevol tauleta o tel\u00e8fon intel\u00b7ligent i si necessitem fer consultes (web, altres aplicacions, &#8230;) durant la videoconfer\u00e8ncia \u00e9s m\u00e9s f\u00e0cil.<\/p>\n\n\n\n<p>Avui en dia gaireb\u00e9 tots els equips port\u00e0tils porten de s\u00e8rie una c\u00e0mera web, per\u00f2 els equips de sobretaula i port\u00e0tils m\u00e9s antics no. Si a aix\u00f2 li afegim que les videoconfer\u00e8ncies \u00e9s alguna cosa que cr\u00e8iem d&#8217;\u00fas exclusiu en l&#8217;entorn empresarial, ens trobem en un escenari on molta gent no t\u00e9 webcam per l&#8217;ordinador.<\/p>\n\n\n\n<p>Si disposes d&#8217;un tel\u00e8fon Android aquest problema est\u00e0 resolt, pots usar el teu tel\u00e8fon com a webcam. Desc\u00e0rrega l&#8217;aplicaci\u00f3 \u201c<a rel=\"noreferrer noopener\" href=\"https:\/\/play.google.com\/store\/apps\/details?id=com.dev47apps.droidcam\" target=\"_blank\">Droidcam<\/a>\u201d de Google Play i el client per a l&#8217;ordinador en el seu web <a rel=\"noreferrer noopener\" href=\"https:\/\/www.dev47apps.com\/\" target=\"_blank\">Dev47Apps<\/a> .<\/p>\n\n\n\n<p>Amb aquesta aplicaci\u00f3 converteixes el teu tel\u00e8fon en un servidor de v\u00eddeo al qual el client es connecta perqu\u00e8 puguis usar el seu senyal de v\u00eddeo.<\/p>\n\n\n\n<p>Tot va per Wifi, no necessites cap configuraci\u00f3 especial m\u00e9s enll\u00e0 de tenir tant l&#8217;ordinador com el tel\u00e8fon intel\u00b7ligent dins de la mateixa xarxa. Despr\u00e9s d&#8217;instal\u00b7lar l&#8217;app en el m\u00f2bil i obrir-la veur\u00e0s una pantalla com aquesta:<\/p>\n\n\n\n<div class=\"wp-block-image\"><figure class=\"aligncenter size-large is-resized\"><img loading=\"lazy\" src=\"http:\/\/llefia.org\/covid19\/wp-content\/uploads\/sites\/24\/2020\/05\/imagen1.png\" alt=\"\" class=\"wp-image-306\" width=\"253\" height=\"112\" srcset=\"https:\/\/llefia.org\/covid19\/wp-content\/uploads\/sites\/24\/2020\/05\/imagen1.png 368w, https:\/\/llefia.org\/covid19\/wp-content\/uploads\/sites\/24\/2020\/05\/imagen1-300x133.png 300w\" sizes=\"(max-width: 253px) 100vw, 253px\" \/><\/figure><\/div>\n\n\n\n<p>Despr\u00e9s, instal\u00b7la l&#8217;aplicaci\u00f3 d&#8217;escriptori i reinicia l&#8217;ordinador. Obre l&#8217;aplicaci\u00f3 i copia les dades que veus en l&#8217;app del tel\u00e8fon intel\u00b7ligent en l&#8217;aplicaci\u00f3 de l&#8217;ordinador i prem el bot\u00f3 \u201cSTART\u201d.<\/p>\n\n\n\n<div class=\"wp-block-image\"><figure class=\"aligncenter size-large is-resized\"><img loading=\"lazy\" src=\"http:\/\/llefia.org\/covid19\/wp-content\/uploads\/sites\/24\/2020\/05\/imagen2.png\" alt=\"\" class=\"wp-image-307\" width=\"452\" height=\"221\" srcset=\"https:\/\/llefia.org\/covid19\/wp-content\/uploads\/sites\/24\/2020\/05\/imagen2.png 567w, https:\/\/llefia.org\/covid19\/wp-content\/uploads\/sites\/24\/2020\/05\/imagen2-300x147.png 300w\" sizes=\"(max-width: 452px) 100vw, 452px\" \/><\/figure><\/div>\n\n\n\n<p>Si tot ha anat b\u00e9, veur\u00e0s com la pantalla del teu tel\u00e8fon canvia i apareix la imatge que capta la c\u00e0mera del teu tel\u00e8fon. A partir d&#8217;aquest punt ja pots usar-ho en qualsevol aplicaci\u00f3 de l&#8217;ordinador. Si et pregunta, el dispositiu que has de seleccionar \u00e9s \u201cDroidcam\u201d.<\/p>\n\n\n\n<p>Tot funciona per Wifi, la qual cosa pot provocar una mica de retard en la imatge. Existeix l&#8217;opci\u00f3 de connectar tot via cable USB, per\u00f2 la connexi\u00f3 \u00e9s molt m\u00e9s complexa i requereix la instal\u00b7laci\u00f3 d&#8217;altres programes i configuracions especials en el teu tel\u00e8fon.<\/p>\n","protected":false},"excerpt":{"rendered":"<p>Jitsi, una eina de videotrucada Apr\u00e9n com organitzar reunions, classes, tallers, trobades familiars i d&#8217;amics amb una plataforma de videoconfer\u00e8ncia. Telegram, m\u00e9s que un servei de missatgeria \u00c9s un servei de missatgeria instantani que s\u2019utilitza, fonamentalment, per mantenir conversacions de persona a persona o en grups. Igual que en WhatsApp, es pot enviar missatges de&hellip;<\/p>\n","protected":false},"author":44,"featured_media":0,"parent":0,"menu_order":0,"comment_status":"closed","ping_status":"closed","template":"","meta":[],"_links":{"self":[{"href":"https:\/\/llefia.org\/covid19\/wp-json\/wp\/v2\/pages\/40"}],"collection":[{"href":"https:\/\/llefia.org\/covid19\/wp-json\/wp\/v2\/pages"}],"about":[{"href":"https:\/\/llefia.org\/covid19\/wp-json\/wp\/v2\/types\/page"}],"author":[{"embeddable":true,"href":"https:\/\/llefia.org\/covid19\/wp-json\/wp\/v2\/users\/44"}],"replies":[{"embeddable":true,"href":"https:\/\/llefia.org\/covid19\/wp-json\/wp\/v2\/comments?post=40"}],"version-history":[{"count":8,"href":"https:\/\/llefia.org\/covid19\/wp-json\/wp\/v2\/pages\/40\/revisions"}],"predecessor-version":[{"id":317,"href":"https:\/\/llefia.org\/covid19\/wp-json\/wp\/v2\/pages\/40\/revisions\/317"}],"wp:attachment":[{"href":"https:\/\/llefia.org\/covid19\/wp-json\/wp\/v2\/media?parent=40"}],"curies":[{"name":"wp","href":"https:\/\/api.w.org\/{rel}","templated":true}]}}