{"id":412,"date":"2025-04-22T23:39:23","date_gmt":"2025-04-22T21:39:23","guid":{"rendered":"https:\/\/llefia.org\/santjordi\/?page_id=412"},"modified":"2025-04-22T23:39:24","modified_gmt":"2025-04-22T21:39:24","slug":"la-pobreza","status":"publish","type":"page","link":"https:\/\/llefia.org\/santjordi\/la-pobreza\/","title":{"rendered":"LA POBREZA"},"content":{"rendered":"\n<p>La muerte se acercaba sigilosa al pobre, acech\u00e1ndolo en cada rinc\u00f3n de su miserable existencia. Con su aliento fr\u00edo, le susurraba al o\u00eddo, record\u00e1ndole la fragilidad de su vida, la lucha constante por sobrevivir en un mundo que le daba la espalda.<br>Cada paso que daba parec\u00eda ser uno m\u00e1s hacia su inevitable final, como una sombra que nunca lo dejaba.<br>Mientras tanto, la Vida acechaba al rico, no con la calma de la esperanza, sino con la presi\u00f3n del tiempo que se le escapaba. En su lujosa mansi\u00f3n rodeado de riquezas y lujos, sent\u00eda que algo le faltaba. La vida lo observaba desde lejos, un recordatorio constante de que el dinero no lo salvaba del vac\u00edo existencial. Mientras \u00e9l disfrutaba de su opulencia, la Vida lo miraba con ojos que ped\u00edan m\u00e1s: m\u00e1s amor, m\u00e1s prop\u00f3sito, m\u00e1s humanidad. El rico, atrapado en su abundancia, comenzaba a entender que su final no vendr\u00eda por la falta de recursos, sino por la ausencia de lo que realmente da sentido a la existencia.<\/p>\n\n\n\n<p>Alba Navarrete Rodriguez (categoria adults)<\/p>\n","protected":false},"excerpt":{"rendered":"<p>La muerte se acercaba sigilosa al pobre, acech\u00e1ndolo en cada rinc\u00f3n de su miserable existencia. Con su aliento fr\u00edo, le susurraba al o\u00eddo, record\u00e1ndole la fragilidad de su vida, la lucha constante por sobrevivir en un mundo que le daba la espalda.Cada paso que daba parec\u00eda ser uno m\u00e1s hacia su inevitable final, como una sombra que nunca lo dejaba.Mientras tanto, la Vida acechaba al rico, no con la calma<\/p>\n<a href=\"https:\/\/llefia.org\/santjordi\/la-pobreza\/\"> <div class=\"readmorelink\"><div class=\"rmtext\">[ Read More ]<\/div><\/div><\/a>","protected":false},"author":15,"featured_media":0,"parent":0,"menu_order":0,"comment_status":"closed","ping_status":"closed","template":"","meta":[],"_links":{"self":[{"href":"https:\/\/llefia.org\/santjordi\/wp-json\/wp\/v2\/pages\/412"}],"collection":[{"href":"https:\/\/llefia.org\/santjordi\/wp-json\/wp\/v2\/pages"}],"about":[{"href":"https:\/\/llefia.org\/santjordi\/wp-json\/wp\/v2\/types\/page"}],"author":[{"embeddable":true,"href":"https:\/\/llefia.org\/santjordi\/wp-json\/wp\/v2\/users\/15"}],"replies":[{"embeddable":true,"href":"https:\/\/llefia.org\/santjordi\/wp-json\/wp\/v2\/comments?post=412"}],"version-history":[{"count":1,"href":"https:\/\/llefia.org\/santjordi\/wp-json\/wp\/v2\/pages\/412\/revisions"}],"predecessor-version":[{"id":413,"href":"https:\/\/llefia.org\/santjordi\/wp-json\/wp\/v2\/pages\/412\/revisions\/413"}],"wp:attachment":[{"href":"https:\/\/llefia.org\/santjordi\/wp-json\/wp\/v2\/media?parent=412"}],"curies":[{"name":"wp","href":"https:\/\/api.w.org\/{rel}","templated":true}]}}