{"id":420,"date":"2025-04-22T23:45:25","date_gmt":"2025-04-22T21:45:25","guid":{"rendered":"https:\/\/llefia.org\/santjordi\/?page_id=420"},"modified":"2025-04-22T23:45:25","modified_gmt":"2025-04-22T21:45:25","slug":"sempre-li-havia-agradat-la-xocolata-clara","status":"publish","type":"page","link":"https:\/\/llefia.org\/santjordi\/sempre-li-havia-agradat-la-xocolata-clara\/","title":{"rendered":"Sempre li havia agradat la xocolata clara&#8230;"},"content":{"rendered":"\n<p>Sempre li havia agradat la xocolata clara. Passejar-se en les altures, anar darrere del mar. Sempre havia estat boig per trobar un sentit, i es va oblidar de sentir. D&#8217;ideals asocials, socialment misantrop. Lluny de les estrelles, moria en fredors estiuenques. Sempre li havien agradat les paraules espesses, el temps xafog\u00f3s, les tempestes agostenques. D\u00e8bilment atractiu l&#8217;escenari f\u00e0cil. Subtilment impacient, amb la presa als turmells. D&#8217;ac\u00ed i d&#8217;all\u00e0 caminava sense mirar per on passava. Vulgarment imb\u00e8cil, visionava la gentada, pensaments egoc\u00e8ntrics, paratges encisadors.<br>Vaig trobar-lo al bell mig de la multitud, una vida apartada. Un rostre ple de fredor. Uns ulls brillants que punxaven qualsevol \u00e0nima perduda. Vaig trobar-lo sol, sense ning\u00fa a qui explicar-li tot all\u00f2 que passava per aquella ment complexa i malaltissa. Poca cosa, nervi\u00f3s, estressat, amb ganes de veure m\u00f3n sense moure&#8217;s de la seva petita i estreta identitat. Cobejava l&#8217;oce\u00e0, se li notava en les mans. Unes mans de dits prims, no gaire llargs. Gastades, cansades, ferides&#8230;? Mai vaig saber llegir m\u00e9s enll\u00e0. Simplement, unes mans de dits prims, no gaire llargs, que cobejaven l&#8217;oce\u00e0. La seva boca, desfilada al ritme de paraules melodioses, llavis fins, per\u00f2 tendenciosos; amb ganes d&#8217;explorar universos paral\u00b7lels. Aquella boca m&#8217;evocava una nit serena de juliol, una nit d&#8217;olor d\u2019herba molla, i silenci de muntanyes de fons. Aquella boca m&#8217;abocava a la m\u00e9s b\u00e8stia bogeria, impregnada en suor, d&#8217;aquell que se sua entranyes endins, d&#8217;aquell que recorre els teus intestins i una vegada ha marxat, et sents buida dins una blancor encegadora.<\/p>\n\n\n\n<p>Alba Mudarra Gonzalez (categoria adults)<\/p>\n","protected":false},"excerpt":{"rendered":"<p>Sempre li havia agradat la xocolata clara. Passejar-se en les altures, anar darrere del mar. Sempre havia estat boig per trobar un sentit, i es va oblidar de sentir. D&#8217;ideals asocials, socialment misantrop. Lluny de les estrelles, moria en fredors estiuenques. Sempre li havien agradat les paraules espesses, el temps xafog\u00f3s, les tempestes agostenques. D\u00e8bilment atractiu l&#8217;escenari f\u00e0cil. Subtilment impacient, amb la presa als turmells. D&#8217;ac\u00ed i d&#8217;all\u00e0 caminava sense<\/p>\n<a href=\"https:\/\/llefia.org\/santjordi\/sempre-li-havia-agradat-la-xocolata-clara\/\"> <div class=\"readmorelink\"><div class=\"rmtext\">[ Read More ]<\/div><\/div><\/a>","protected":false},"author":15,"featured_media":0,"parent":0,"menu_order":0,"comment_status":"closed","ping_status":"closed","template":"","meta":[],"_links":{"self":[{"href":"https:\/\/llefia.org\/santjordi\/wp-json\/wp\/v2\/pages\/420"}],"collection":[{"href":"https:\/\/llefia.org\/santjordi\/wp-json\/wp\/v2\/pages"}],"about":[{"href":"https:\/\/llefia.org\/santjordi\/wp-json\/wp\/v2\/types\/page"}],"author":[{"embeddable":true,"href":"https:\/\/llefia.org\/santjordi\/wp-json\/wp\/v2\/users\/15"}],"replies":[{"embeddable":true,"href":"https:\/\/llefia.org\/santjordi\/wp-json\/wp\/v2\/comments?post=420"}],"version-history":[{"count":1,"href":"https:\/\/llefia.org\/santjordi\/wp-json\/wp\/v2\/pages\/420\/revisions"}],"predecessor-version":[{"id":421,"href":"https:\/\/llefia.org\/santjordi\/wp-json\/wp\/v2\/pages\/420\/revisions\/421"}],"wp:attachment":[{"href":"https:\/\/llefia.org\/santjordi\/wp-json\/wp\/v2\/media?parent=420"}],"curies":[{"name":"wp","href":"https:\/\/api.w.org\/{rel}","templated":true}]}}