{"id":422,"date":"2025-04-22T23:50:59","date_gmt":"2025-04-22T21:50:59","guid":{"rendered":"https:\/\/llefia.org\/santjordi\/?page_id=422"},"modified":"2025-04-22T23:51:00","modified_gmt":"2025-04-22T21:51:00","slug":"bryat-wyatt","status":"publish","type":"page","link":"https:\/\/llefia.org\/santjordi\/bryat-wyatt\/","title":{"rendered":"Bryat Wyatt"},"content":{"rendered":"\n<p>Hab\u00eda un luchador de WWE que se llamaba Bray Wyatt. Ten\u00eda muchos disfraces, incluida<br>una m\u00e1scara de terror, que cuando se la pon\u00eda le llamaban el final de Bray Wyatt.<\/p>\n\n\n\n<p>Era el mejor luchador de la WWE en el a\u00f1o 2020.<br>Luchaba con personas muy capaces<br><br>Luchador profesional estadounidense.<br>Usaba unas m\u00e1scaras y disfraces<br>Con sus m\u00e1scaras daba mucho miedo.<br>Hab\u00eda disfraces en una estanter\u00eda<br>Alma poderosa y de guerrero.<br>Dominaba los combates con facilidad y alegr\u00eda.<br>Odiaba perder cualquier combate.<br>Resistente y fuerte en el ring porque lo hac\u00eda con mucha valent\u00eda.<\/p>\n\n\n\n<p>Pol Garcia (categoria juvenil)<\/p>\n","protected":false},"excerpt":{"rendered":"<p>Hab\u00eda un luchador de WWE que se llamaba Bray Wyatt. Ten\u00eda muchos disfraces, incluidauna m\u00e1scara de terror, que cuando se la pon\u00eda le llamaban el final de Bray Wyatt. Era el mejor luchador de la WWE en el a\u00f1o 2020.Luchaba con personas muy capaces Luchador profesional estadounidense.Usaba unas m\u00e1scaras y disfracesCon sus m\u00e1scaras daba mucho miedo.Hab\u00eda disfraces en una estanter\u00edaAlma poderosa y de guerrero.Dominaba los combates con facilidad y alegr\u00eda.Odiaba<\/p>\n<a href=\"https:\/\/llefia.org\/santjordi\/bryat-wyatt\/\"> <div class=\"readmorelink\"><div class=\"rmtext\">[ Read More ]<\/div><\/div><\/a>","protected":false},"author":15,"featured_media":0,"parent":0,"menu_order":0,"comment_status":"closed","ping_status":"closed","template":"","meta":[],"_links":{"self":[{"href":"https:\/\/llefia.org\/santjordi\/wp-json\/wp\/v2\/pages\/422"}],"collection":[{"href":"https:\/\/llefia.org\/santjordi\/wp-json\/wp\/v2\/pages"}],"about":[{"href":"https:\/\/llefia.org\/santjordi\/wp-json\/wp\/v2\/types\/page"}],"author":[{"embeddable":true,"href":"https:\/\/llefia.org\/santjordi\/wp-json\/wp\/v2\/users\/15"}],"replies":[{"embeddable":true,"href":"https:\/\/llefia.org\/santjordi\/wp-json\/wp\/v2\/comments?post=422"}],"version-history":[{"count":1,"href":"https:\/\/llefia.org\/santjordi\/wp-json\/wp\/v2\/pages\/422\/revisions"}],"predecessor-version":[{"id":423,"href":"https:\/\/llefia.org\/santjordi\/wp-json\/wp\/v2\/pages\/422\/revisions\/423"}],"wp:attachment":[{"href":"https:\/\/llefia.org\/santjordi\/wp-json\/wp\/v2\/media?parent=422"}],"curies":[{"name":"wp","href":"https:\/\/api.w.org\/{rel}","templated":true}]}}