{"id":424,"date":"2025-04-22T23:52:58","date_gmt":"2025-04-22T21:52:58","guid":{"rendered":"https:\/\/llefia.org\/santjordi\/?page_id=424"},"modified":"2025-04-22T23:52:58","modified_gmt":"2025-04-22T21:52:58","slug":"temps-era-temps","status":"publish","type":"page","link":"https:\/\/llefia.org\/santjordi\/temps-era-temps\/","title":{"rendered":"TEMPS ERA TEMPS"},"content":{"rendered":"\n<p>Conten els saberuts que una vegada hi havia, en una petita ciutat banyada pel blau intens de la mar Mediterr\u00e0nia, un lloc que els vilatans anomenaven Nimphianus, unes vil\u00b7les que, amb el temps, passaren de ser modestos habitatges rurals a magn\u00edfiques resid\u00e8ncies envoltades de jardins florits on les oliveres i els tarongers compartien protagonisme.<br>Amb el pas dels anys, aquest parad\u00eds dels afores de Baetulo va atraure gents de diversos indrets de la pen\u00ednsula Ib\u00e8rica, tots amb el somni d\u2019una vida millor.<br>Entre aquells viatgers hi havia fam\u00edlies amb esperances que al territori de Baetulo no nom\u00e9s trobarien feina, sin\u00f3 un lloc on arrelar els seus somnis.<br>Amb les mans treballadores i el cor ple d\u2019il\u00b7lusi\u00f3 van construir habitatges i es va endinsar en aquest espai viu i vibrant, on els vilatans compartien el pa i les hist\u00f2ries al voltant d\u2019una taula.<br>Amb els anys, Nimphianus es va convertir en m\u00e9s que un refugi per a aquells que buscaven prosperitat i va esdevenir un mosaic de cultures i experi\u00e8ncies. Els infants corrien pels carrers enfangats, aprenent els secrets que amagaven les fonts i els patis ocults de les velles vil\u00b7les que havien esdevingut part essencial de l\u2019\u00e0nima de Nimphianus. Els comerciants omplien els carrers amb crits i colors diversos per oferir esp\u00e8cies ex\u00f2tiques, joies treballades a m\u00e0 i relats de terres llunyanes.<br>Als capvespres les tavernes s\u2019omplien de vida i m\u00fasica, s\u2019entrecreuaven lleng\u00fces d\u2019arreu i les hist\u00f2ries compartides passaven a formar part de l\u2019esperit col\u00b7lectiu del territori.<br>A cada rac\u00f3, Nimphianus reflectia l\u2019ess\u00e8ncia dels seus habitants, cadascun afegint un toc \u00fanic a l&#8217;encant que captivava visitants i alimentava els somnis dels ciutadans i les ciutadanes i les parets d\u2019adob esdevenien testimoniatges d\u2019una evoluci\u00f3 cont\u00ednua que abra\u00e7ava la diversitat i la creativitat.<br>Al llarg del segle XX, els habitants de Nimphianus es van enfrontar a nombrosos reptes per transformar el territori en un lloc m\u00e9s habitable i funcional. Amb una poblaci\u00f3 creixent i recursos limitats, l&#8217;acc\u00e9s als serveis b\u00e0sics i equipaments essencials es va convertir en una prioritat absoluta.<br>Als anys seixanta, en plena crisi econ\u00f2mica, les comunitats van organitzar-se per reclamar escoles per als infants, serveis sanitaris adequats, zones d\u2019esbarjo i espais verds. Van ser d\u00e8cades en qu\u00e8 les associacions ve\u00efnals van emergir com a for\u00e7a impulsora, amb manifestacions i reunions a les places i carrers per captar l&#8217;atenci\u00f3 de les autoritats locals, al servei dels poderosos depredadors del territori.<br>Les dones, especialment, van jugar un paper crucial en aquella lluita per dignificar l\u2019espa\u00ed com\u00fa.<br>Amb const\u00e0ncia i determinaci\u00f3, els habitants llefiatencs van aconseguir que es pavimentessin i il\u00b7luminessin els carrers, es constru\u00efssin escoles i es creessin espais p\u00fablics com ara parcs i biblioteques.<br>Tot i les millores aconseguides, les desigualtats socials eren evidents. Per aix\u00f2, els moviments socials van persistir, ara amb demandes per als habitatges assequibles i la millora dels serveis i els espais comuns. Aquestes d\u00e8cades van esdevenir un testimoni de la resist\u00e8ncia i solidaritat dels seus habitants.<br>Si b\u00e9 al final del segle XX Nimphianus havia aconseguit un desenvolupament notable gr\u00e0cies a l&#8217;esfor\u00e7 col\u00b7lectiu i la capacitat de la seva gent d&#8217;organitzar-se i lluitar pel benestar com\u00fa, no era menys cert que amb l\u2019arribada de noves persones procedents d\u2019arreu del m\u00f3n altres problemes van apar\u00e8ixer. Malgrat aix\u00f2, la comunitat va respondre amb la mateixa for\u00e7a i determinaci\u00f3 que havia mostrat sempre.<br>El ve\u00efnat no nom\u00e9s va treballar per acollir i solidaritzar-se amb els nouvinguts, sin\u00f3 que va aconseguir transformar aquests desafiaments en noves oportunitats. Es van crear programes d&#8217;integraci\u00f3 cultural, es van enfortir els vincles socials i es van impulsar activitats que promovien la col\u00b7laboraci\u00f3 i la conviv\u00e8ncia. Els talents, les tradicions i les perspectives del nou ve\u00efnatge van enriquir Nimphianus i el van convertir en un lloc encara m\u00e9s vibrant i divers.<br>Aix\u00ed, amb el temps, Nimphianus es va consolidar com un exemple viu d&#8217;harmonia i progr\u00e9s i gr\u00e0cies al treball conjunt de tots els seus habitants, el territori de la ponent Baetulo es va convertir en un s\u00edmbol d&#8217;esperan\u00e7a i un model per a altres comunitats. La gent de Nimphianus mirava al futur amb optimisme, sabent que, unida, era capa\u00e7 de superar qualsevol obstacle i construir un m\u00f3n millor per a les generacions futures.<br>I jo vaig venir per poder-ho explicar i poder-ho escriure, perqu\u00e8 si no hagu\u00e9s vingut no ho hauria sabut.<\/p>\n\n\n\n<p>Pedro Jes\u00fas Fern\u00e1ndez Mart\u00ednez (categoria adults)<\/p>\n","protected":false},"excerpt":{"rendered":"<p>Conten els saberuts que una vegada hi havia, en una petita ciutat banyada pel blau intens de la mar Mediterr\u00e0nia, un lloc que els vilatans anomenaven Nimphianus, unes vil\u00b7les que, amb el temps, passaren de ser modestos habitatges rurals a magn\u00edfiques resid\u00e8ncies envoltades de jardins florits on les oliveres i els tarongers compartien protagonisme.Amb el pas dels anys, aquest parad\u00eds dels afores de Baetulo va atraure gents de diversos indrets<\/p>\n<a href=\"https:\/\/llefia.org\/santjordi\/temps-era-temps\/\"> <div class=\"readmorelink\"><div class=\"rmtext\">[ Read More ]<\/div><\/div><\/a>","protected":false},"author":15,"featured_media":0,"parent":0,"menu_order":0,"comment_status":"closed","ping_status":"closed","template":"","meta":[],"_links":{"self":[{"href":"https:\/\/llefia.org\/santjordi\/wp-json\/wp\/v2\/pages\/424"}],"collection":[{"href":"https:\/\/llefia.org\/santjordi\/wp-json\/wp\/v2\/pages"}],"about":[{"href":"https:\/\/llefia.org\/santjordi\/wp-json\/wp\/v2\/types\/page"}],"author":[{"embeddable":true,"href":"https:\/\/llefia.org\/santjordi\/wp-json\/wp\/v2\/users\/15"}],"replies":[{"embeddable":true,"href":"https:\/\/llefia.org\/santjordi\/wp-json\/wp\/v2\/comments?post=424"}],"version-history":[{"count":1,"href":"https:\/\/llefia.org\/santjordi\/wp-json\/wp\/v2\/pages\/424\/revisions"}],"predecessor-version":[{"id":425,"href":"https:\/\/llefia.org\/santjordi\/wp-json\/wp\/v2\/pages\/424\/revisions\/425"}],"wp:attachment":[{"href":"https:\/\/llefia.org\/santjordi\/wp-json\/wp\/v2\/media?parent=424"}],"curies":[{"name":"wp","href":"https:\/\/api.w.org\/{rel}","templated":true}]}}