{"id":428,"date":"2025-04-22T23:56:43","date_gmt":"2025-04-22T21:56:43","guid":{"rendered":"https:\/\/llefia.org\/santjordi\/?page_id=428"},"modified":"2025-04-22T23:56:43","modified_gmt":"2025-04-22T21:56:43","slug":"per-comencar-el-meu-nom-es-marta","status":"publish","type":"page","link":"https:\/\/llefia.org\/santjordi\/per-comencar-el-meu-nom-es-marta\/","title":{"rendered":"Per comen\u00e7ar el meu nom \u00e9s Marta&#8230;"},"content":{"rendered":"\n<p>Per comen\u00e7ar el meu nom \u00e9s Marta i tinc 10 anys.<br>Avui m&#8217;he aixecat a les 10:00h del mat\u00ed. Vaig prendre un caf\u00e8, que per cert, estava fastig\u00f3s. Per\u00f2 he de fer veure que soc una noia madura i productiva, encara que no t\u00e9 res a veure. En fi, no m&#8217;enrotllo. Vaig sortir de casa i vaig agafar el cotxe cap a la casa de la meva inf\u00e0ncia. Vaig arribar i amb un sentiment sense nom, vaig obrir la porta. Estava guardant coses que no servien o que s\u00ed. D&#8217;una caixa a una altra. Serveix, no serveix, serveix, no serveix&#8230; I aix\u00ed succesivament. Fins que els meus ulls van veure el conill de peluix de quan era petita&#8230; Petita? Quan tenia 10 anys? Qu\u00e8? Totes aquestes paraules s&#8217;apoderaven de la meva ment. No tinc 10 anys&#8230; En tinc 20. Ha passat molt de temps. El sentiment que he descobert \u00e9s la nost\u00e0lgia. Estava atrapada en el meu passat.<\/p>\n\n\n\n<p>Sara Khtira Bennaser (categoria juvenil)<\/p>\n","protected":false},"excerpt":{"rendered":"<p>Per comen\u00e7ar el meu nom \u00e9s Marta i tinc 10 anys.Avui m&#8217;he aixecat a les 10:00h del mat\u00ed. Vaig prendre un caf\u00e8, que per cert, estava fastig\u00f3s. Per\u00f2 he de fer veure que soc una noia madura i productiva, encara que no t\u00e9 res a veure. En fi, no m&#8217;enrotllo. Vaig sortir de casa i vaig agafar el cotxe cap a la casa de la meva inf\u00e0ncia. Vaig arribar i<\/p>\n<a href=\"https:\/\/llefia.org\/santjordi\/per-comencar-el-meu-nom-es-marta\/\"> <div class=\"readmorelink\"><div class=\"rmtext\">[ Read More ]<\/div><\/div><\/a>","protected":false},"author":15,"featured_media":0,"parent":0,"menu_order":0,"comment_status":"closed","ping_status":"closed","template":"","meta":[],"_links":{"self":[{"href":"https:\/\/llefia.org\/santjordi\/wp-json\/wp\/v2\/pages\/428"}],"collection":[{"href":"https:\/\/llefia.org\/santjordi\/wp-json\/wp\/v2\/pages"}],"about":[{"href":"https:\/\/llefia.org\/santjordi\/wp-json\/wp\/v2\/types\/page"}],"author":[{"embeddable":true,"href":"https:\/\/llefia.org\/santjordi\/wp-json\/wp\/v2\/users\/15"}],"replies":[{"embeddable":true,"href":"https:\/\/llefia.org\/santjordi\/wp-json\/wp\/v2\/comments?post=428"}],"version-history":[{"count":1,"href":"https:\/\/llefia.org\/santjordi\/wp-json\/wp\/v2\/pages\/428\/revisions"}],"predecessor-version":[{"id":429,"href":"https:\/\/llefia.org\/santjordi\/wp-json\/wp\/v2\/pages\/428\/revisions\/429"}],"wp:attachment":[{"href":"https:\/\/llefia.org\/santjordi\/wp-json\/wp\/v2\/media?parent=428"}],"curies":[{"name":"wp","href":"https:\/\/api.w.org\/{rel}","templated":true}]}}