{"id":430,"date":"2025-04-22T23:58:13","date_gmt":"2025-04-22T21:58:13","guid":{"rendered":"https:\/\/llefia.org\/santjordi\/?page_id=430"},"modified":"2025-04-22T23:58:13","modified_gmt":"2025-04-22T21:58:13","slug":"sant-jordi-por-siempre","status":"publish","type":"page","link":"https:\/\/llefia.org\/santjordi\/sant-jordi-por-siempre\/","title":{"rendered":"Sant Jordi por siempre"},"content":{"rendered":"\n<p>\u2014\u00a1Mira que eres guapo, Pepe! \u2014exclama Mar\u00eda limpiando con esmero el cristal ovalado que protege la fotograf\u00eda.<br>Mar y ciudad se extienden tras ella. \u00bfEst\u00e1 sola? Dir\u00edamos que s\u00ed pero no podemos aplicar aquello de \u00abno hay ni un alma\u00bb. Es un paraje repleto de ellas. Se encuentra en la calle m\u00e1s elevada del cementerio de Sant Pere de Badalona, a las afueras del barrio de Pomar.<br>Este es el tercer Sant Jordi que acude al camposanto para visitar los restos de su amado esposo. Y con un libro bajo el brazo. Ha prolongado dicha celebraci\u00f3n m\u00e1s all\u00e1 de su muerte sin romper la tradici\u00f3n a la cual no falla desde que comenzaron a regalarse la rosa y el libro, a finales de la d\u00e9cada de los setenta. Y lo hace a hurtadillas, su familia lo ignora. Se echar\u00edan las manos a la cabeza si supiesen la caminata que inflige a sus castigadas piernas cada 23 de abril hasta la cima de la monta\u00f1a. \u00a1Y este a\u00f1o cumple ochenta y seis! Siempre viene acompa\u00f1ada de sus hijos el d\u00eda de Todos los Santos pero ella necesita esa otra visita complementaria, \u00edntima y secreta con \u00e9l. Como si todav\u00eda fuesen demasiado j\u00f3venes y tuvieran un idilio que ocultar.<br>\u2014Te he sorprendido este a\u00f1o, \u00bfeh? Lo he comprado en la papeler\u00eda de Carmen. F\u00edjate que es una novedad de alguien que lleva muerto m\u00e1s de cien a\u00f1os\u2026 \u2014Mar\u00eda sonr\u00ede retirando de la repisa de m\u00e1rmol un libro h\u00famedo y polvoriento. Se sorprende a si misma por la casualidad de las \u00faltimas palabras pronunciadas, pues el libro que acaba de recuperar es Cien a\u00f1os de soledad de Gabriel Garc\u00eda M\u00e1rquez.<br>Hoy le ha le\u00eddo el principio del libro que ha tra\u00eddo, la primera novela escrita por Julio Verne, in\u00e9dita en castellano hasta la fecha: Un cura en 1835. Cada Sant Jordi le trae una nueva novela o alguna que dej\u00f3 en casa por empezar, le lee los primeros p\u00e1rrafos y la sustituye por la que dej\u00f3 el a\u00f1o anterior. Llegar\u00e1 un momento en el que su familia se percate de que el libro va cambiando cada a\u00f1o. Y ella tambi\u00e9n se har\u00e1 la sorprendida fingiendo no saber nada, con la actitud de una chiquilla de cinco a\u00f1os.<br>Finalizada la limpieza de la l\u00e1pida y una vez acomodado el nuevo libro, cierra la ventanilla del nicho con llave. Comprueba que las letras met\u00e1licas que conforman el nombre y los apellidos de su marido est\u00e9n bien relucientes a la luz del sol primaveral.<br>\u2014Pues no nos quedan a\u00f1os por celebrar el d\u00eda de Sant Jordi, cari\u00f1o m\u00edo\u2026 \u2014dice emocionada. Una l\u00e1grima brota para quedar atrapada poco despu\u00e9s en uno de los surcos de su veterana piel.<br>Mar\u00eda es consciente: un d\u00eda no muy lejano \u2014aunque no sabe cu\u00e1ndo\u2014 ella tambi\u00e9n reposar\u00e1 all\u00ed junto a \u00e9l. Pero ese no es su principal deseo. Su anhelo es que puedan seguir celebrando ese d\u00eda en el otro lado, que todos los d\u00edas sean hoy y revivir por siempre el d\u00eda de Sant Jordi. Se imagina en el m\u00e1s all\u00e1 viendo a Jos\u00e9 ilusionado con el nuevo libro que le regale mientras ella pone en agua la rosa fresca que nunca se marchitar\u00e1. Felices con esa so\u00f1ada y merecida eternidad.<br>Antes de volver a la ciudad tan solo le queda recoger su rosa, esa con la que \u00e9l la obsequia. No es una rosa natural, es una de las que configuran el ramo de pl\u00e1stico que pusieron ella y su familia el primer 1 de noviembre tras el fallecimiento de Jos\u00e9, cuando dejaron el primer libro, La sombra del viento de Carlos Ruiz Zaf\u00f3n. \u00bfPasar\u00e1n tantos a\u00f1os como para agotar el ramo? \u00bfSer\u00e1 capaz hasta el final de sus d\u00edas de subir a cambiarle el libro? El destino lo decidir\u00e1.<br>Se marcha risue\u00f1a con su rosa y el libro amarillento que volver\u00e1 a su hogar. Mientras baja la pronunciada cuesta puede admirar en toda su extensi\u00f3n la ciudad costera que la ha acogido durante casi setenta a\u00f1os. Le encanta pensar en que cuando est\u00e9 abajo alg\u00fan conocido le pregunte en la tusa qui\u00e9n le ha regalado la rosa. Y solo ella lo sabr\u00e1. Sonr\u00ede plet\u00f3rica. Ama el d\u00eda de Sant Jordi y lo piensa celebrar por siempre junto a \u00e9l.<\/p>\n\n\n\n<p>\u00d3scar Green  (Categoria adults)<\/p>\n","protected":false},"excerpt":{"rendered":"<p>\u2014\u00a1Mira que eres guapo, Pepe! \u2014exclama Mar\u00eda limpiando con esmero el cristal ovalado que protege la fotograf\u00eda.Mar y ciudad se extienden tras ella. \u00bfEst\u00e1 sola? Dir\u00edamos que s\u00ed pero no podemos aplicar aquello de \u00abno hay ni un alma\u00bb. Es un paraje repleto de ellas. Se encuentra en la calle m\u00e1s elevada del cementerio de Sant Pere de Badalona, a las afueras del barrio de Pomar.Este es el tercer Sant<\/p>\n<a href=\"https:\/\/llefia.org\/santjordi\/sant-jordi-por-siempre\/\"> <div class=\"readmorelink\"><div class=\"rmtext\">[ Read More ]<\/div><\/div><\/a>","protected":false},"author":15,"featured_media":0,"parent":0,"menu_order":0,"comment_status":"closed","ping_status":"closed","template":"","meta":[],"_links":{"self":[{"href":"https:\/\/llefia.org\/santjordi\/wp-json\/wp\/v2\/pages\/430"}],"collection":[{"href":"https:\/\/llefia.org\/santjordi\/wp-json\/wp\/v2\/pages"}],"about":[{"href":"https:\/\/llefia.org\/santjordi\/wp-json\/wp\/v2\/types\/page"}],"author":[{"embeddable":true,"href":"https:\/\/llefia.org\/santjordi\/wp-json\/wp\/v2\/users\/15"}],"replies":[{"embeddable":true,"href":"https:\/\/llefia.org\/santjordi\/wp-json\/wp\/v2\/comments?post=430"}],"version-history":[{"count":1,"href":"https:\/\/llefia.org\/santjordi\/wp-json\/wp\/v2\/pages\/430\/revisions"}],"predecessor-version":[{"id":431,"href":"https:\/\/llefia.org\/santjordi\/wp-json\/wp\/v2\/pages\/430\/revisions\/431"}],"wp:attachment":[{"href":"https:\/\/llefia.org\/santjordi\/wp-json\/wp\/v2\/media?parent=430"}],"curies":[{"name":"wp","href":"https:\/\/api.w.org\/{rel}","templated":true}]}}