{"id":432,"date":"2025-04-23T00:00:01","date_gmt":"2025-04-22T22:00:01","guid":{"rendered":"https:\/\/llefia.org\/santjordi\/?page_id=432"},"modified":"2025-04-23T00:00:02","modified_gmt":"2025-04-22T22:00:02","slug":"el-amor-de-fibonacci","status":"publish","type":"page","link":"https:\/\/llefia.org\/santjordi\/el-amor-de-fibonacci\/","title":{"rendered":"EL AMOR DE FIBONACCI"},"content":{"rendered":"\n<p>Con una creciente espiral en el est\u00f3mago<br>y un aura de valor que no me creo,<br>me envalentono, cojo todo el aliento para decirle: te quiero.<br>Por unos instantes, se detiene mi coraz\u00f3n. Me quedo a cero.<br>Y de repente, bum, un latido que me hace estallar el pecho.<br>Y como un rayo, bum, uno m\u00e1s. Van dos.<br>Tres segundos tard\u00f3 en contestar y mis cinco sentidos se detuvieron,<br>al escuchar su reciprocidad.<br>Ocho d\u00edas despu\u00e9s, sigo sin acostumbrarme,<br>y al d\u00e9cimo tercero, lo asimilo.<br>Veintiuna palabras le dije aquella noche,<br>y a\u00fan, a treinta y cuatro a\u00f1os vista,<br>no me he arrepentido.<br>Cinco y cinco lenguajes del amor,<br>del neurodivergente, y el neurot\u00edpico,<br>y todos los expreso contigo.<br>Ochenta y nueve veces te he elegido,<br>incluso en los d\u00edas en que no sab\u00eda c\u00f3mo sostenerme.<br>Incluso cuando el mundo se volv\u00eda ruido,<br>t\u00fa eras la nota que lo ordenaba todo.<br>Y si hubiera ciento cuarenta y cuatro tipos de amor diferentes,<br>todos sabemos que somos este:<br>el que no necesita demostraciones,<br>el que abraza sin razones,<br>y el que despierta de verdad nuestros corazones.<br>El que queda cuando pierdes tu magia,<br>el que queda cuando no te quedan ganas,<br>el que queda cuando todos se marchan,<br>el que queda cuando no queda m\u00e1s nada.<br>Y con las doscientas treinta y tres palabras que dura el relato,<br>solo quiero decirte claro: te amo.<\/p>\n\n\n\n<p>Roberto Adrian Hernando Tamayo (Categoria adults)<\/p>\n","protected":false},"excerpt":{"rendered":"<p>Con una creciente espiral en el est\u00f3magoy un aura de valor que no me creo,me envalentono, cojo todo el aliento para decirle: te quiero.Por unos instantes, se detiene mi coraz\u00f3n. Me quedo a cero.Y de repente, bum, un latido que me hace estallar el pecho.Y como un rayo, bum, uno m\u00e1s. Van dos.Tres segundos tard\u00f3 en contestar y mis cinco sentidos se detuvieron,al escuchar su reciprocidad.Ocho d\u00edas despu\u00e9s, sigo sin<\/p>\n<a href=\"https:\/\/llefia.org\/santjordi\/el-amor-de-fibonacci\/\"> <div class=\"readmorelink\"><div class=\"rmtext\">[ Read More ]<\/div><\/div><\/a>","protected":false},"author":15,"featured_media":0,"parent":0,"menu_order":0,"comment_status":"closed","ping_status":"closed","template":"","meta":[],"_links":{"self":[{"href":"https:\/\/llefia.org\/santjordi\/wp-json\/wp\/v2\/pages\/432"}],"collection":[{"href":"https:\/\/llefia.org\/santjordi\/wp-json\/wp\/v2\/pages"}],"about":[{"href":"https:\/\/llefia.org\/santjordi\/wp-json\/wp\/v2\/types\/page"}],"author":[{"embeddable":true,"href":"https:\/\/llefia.org\/santjordi\/wp-json\/wp\/v2\/users\/15"}],"replies":[{"embeddable":true,"href":"https:\/\/llefia.org\/santjordi\/wp-json\/wp\/v2\/comments?post=432"}],"version-history":[{"count":1,"href":"https:\/\/llefia.org\/santjordi\/wp-json\/wp\/v2\/pages\/432\/revisions"}],"predecessor-version":[{"id":433,"href":"https:\/\/llefia.org\/santjordi\/wp-json\/wp\/v2\/pages\/432\/revisions\/433"}],"wp:attachment":[{"href":"https:\/\/llefia.org\/santjordi\/wp-json\/wp\/v2\/media?parent=432"}],"curies":[{"name":"wp","href":"https:\/\/api.w.org\/{rel}","templated":true}]}}