{"id":434,"date":"2025-04-23T00:01:10","date_gmt":"2025-04-22T22:01:10","guid":{"rendered":"https:\/\/llefia.org\/santjordi\/?page_id=434"},"modified":"2025-04-23T00:01:11","modified_gmt":"2025-04-22T22:01:11","slug":"corrent-entre-vaques-gossos-i-terrasses","status":"publish","type":"page","link":"https:\/\/llefia.org\/santjordi\/corrent-entre-vaques-gossos-i-terrasses\/","title":{"rendered":"CORRENT ENTRE VAQUES, GOSSOS I TERRASSES"},"content":{"rendered":"\n<p>Una vegada, vaig anar de viatge al meu pa\u00eds, al Pakistan, vaig anar al poble on viuen els meus oncles.<br>Ells tenien una granja i em van demanar que an\u00e9s a portar chapati a les vaques per menjar, perqu\u00e8 all\u00ed els hi donen chapati, o fenc normalment. Les vaques es van espantar quan em van veure arribar, no em coneixien i no estaven acostumades a veure gent desconeguda.<br>Van comen\u00e7ar a perseguir-me i jo estava morta de por, perqu\u00e8 no sabia que fer. Vaig c\u00f3rrer durant deu minuts, estava molt estressada quan sent\u00eda les seves passes al darrere meu, vaig c\u00f3rrer i c\u00f3rrer per tot el poble amb les vaques al darrere, fins que em va veure una persona del poble i em va ajudar a relaxar-les.<br>Per\u00f2 quan tornava a casa un gos va comen\u00e7ar a seguir-me i em va fer c\u00f3rrer novament.<br>Vaig acabar saltant una paret, saltant a una casa i despr\u00e9s vaig comen\u00e7ar a pujar per les terrasses fins arribar finalment a la terrassa de la casa dels meus oncles.<\/p>\n\n\n\n<p>FATIMA HUSSAIN (Categoria juvenil)<\/p>\n","protected":false},"excerpt":{"rendered":"<p>Una vegada, vaig anar de viatge al meu pa\u00eds, al Pakistan, vaig anar al poble on viuen els meus oncles.Ells tenien una granja i em van demanar que an\u00e9s a portar chapati a les vaques per menjar, perqu\u00e8 all\u00ed els hi donen chapati, o fenc normalment. Les vaques es van espantar quan em van veure arribar, no em coneixien i no estaven acostumades a veure gent desconeguda.Van comen\u00e7ar a perseguir-me<\/p>\n<a href=\"https:\/\/llefia.org\/santjordi\/corrent-entre-vaques-gossos-i-terrasses\/\"> <div class=\"readmorelink\"><div class=\"rmtext\">[ Read More ]<\/div><\/div><\/a>","protected":false},"author":15,"featured_media":0,"parent":0,"menu_order":0,"comment_status":"closed","ping_status":"closed","template":"","meta":[],"_links":{"self":[{"href":"https:\/\/llefia.org\/santjordi\/wp-json\/wp\/v2\/pages\/434"}],"collection":[{"href":"https:\/\/llefia.org\/santjordi\/wp-json\/wp\/v2\/pages"}],"about":[{"href":"https:\/\/llefia.org\/santjordi\/wp-json\/wp\/v2\/types\/page"}],"author":[{"embeddable":true,"href":"https:\/\/llefia.org\/santjordi\/wp-json\/wp\/v2\/users\/15"}],"replies":[{"embeddable":true,"href":"https:\/\/llefia.org\/santjordi\/wp-json\/wp\/v2\/comments?post=434"}],"version-history":[{"count":1,"href":"https:\/\/llefia.org\/santjordi\/wp-json\/wp\/v2\/pages\/434\/revisions"}],"predecessor-version":[{"id":435,"href":"https:\/\/llefia.org\/santjordi\/wp-json\/wp\/v2\/pages\/434\/revisions\/435"}],"wp:attachment":[{"href":"https:\/\/llefia.org\/santjordi\/wp-json\/wp\/v2\/media?parent=434"}],"curies":[{"name":"wp","href":"https:\/\/api.w.org\/{rel}","templated":true}]}}