{"id":436,"date":"2025-04-23T00:02:08","date_gmt":"2025-04-22T22:02:08","guid":{"rendered":"https:\/\/llefia.org\/santjordi\/?page_id=436"},"modified":"2025-04-23T00:02:09","modified_gmt":"2025-04-22T22:02:09","slug":"quina-vergonya","status":"publish","type":"page","link":"https:\/\/llefia.org\/santjordi\/quina-vergonya\/","title":{"rendered":"Quina vergonya"},"content":{"rendered":"\n<p>Un dia vaig anar al cinema del M\u00e0gic amb la meva fam\u00edlia a veure Inside out 2.<br>Vaig estar tot el dia ansiosa per anar a veure la pel\u00b7l\u00edcula. Va arribar l\u2019hora de marxar i em vaig posar molt bonica.<br>Ja al cinema vam fer la cua, vam comprar les entrades, les begudes i els snacks\u2026, vam seure a la sala, es van apagar els llums i va comen\u00e7ar la projecci\u00f3.<br>Quan est\u00e0vem sortint de la sessi\u00f3 hi havia molta gent, molts nens i nenes de diferents edats. I en aquell moment em va passar una cosa: em vaig marejar i vaig caure al terra.<br>Sentia que tot el m\u00f3n en mirava i em vaig posar vermella de la vergonya; justament, vergonya! Aquell personatge que m\u2019havia agradat tant a la pel\u00b7l\u00edcula!<br>Si hagu\u00e9s portat una caputxa m\u2019hauria tapat, tal com feia el gegant que acabava de veure representant aquesta emoci\u00f3. Pero com no em podia amagar, em vaig aixecar r\u00e0pid i vaig fer com si res no hagu\u00e9s passat.<br>Aix\u00f2 ho recordar\u00e9 sempre, perqu\u00e8 va ser el dia que m\u00e9s vergonya he passat en tota la meva vida.<\/p>\n\n\n\n<p>SAMAY MORENO AMAYA (categoria juvenil)<\/p>\n","protected":false},"excerpt":{"rendered":"<p>Un dia vaig anar al cinema del M\u00e0gic amb la meva fam\u00edlia a veure Inside out 2.Vaig estar tot el dia ansiosa per anar a veure la pel\u00b7l\u00edcula. Va arribar l\u2019hora de marxar i em vaig posar molt bonica.Ja al cinema vam fer la cua, vam comprar les entrades, les begudes i els snacks\u2026, vam seure a la sala, es van apagar els llums i va comen\u00e7ar la projecci\u00f3.Quan est\u00e0vem<\/p>\n<a href=\"https:\/\/llefia.org\/santjordi\/quina-vergonya\/\"> <div class=\"readmorelink\"><div class=\"rmtext\">[ Read More ]<\/div><\/div><\/a>","protected":false},"author":15,"featured_media":0,"parent":0,"menu_order":0,"comment_status":"closed","ping_status":"closed","template":"","meta":[],"_links":{"self":[{"href":"https:\/\/llefia.org\/santjordi\/wp-json\/wp\/v2\/pages\/436"}],"collection":[{"href":"https:\/\/llefia.org\/santjordi\/wp-json\/wp\/v2\/pages"}],"about":[{"href":"https:\/\/llefia.org\/santjordi\/wp-json\/wp\/v2\/types\/page"}],"author":[{"embeddable":true,"href":"https:\/\/llefia.org\/santjordi\/wp-json\/wp\/v2\/users\/15"}],"replies":[{"embeddable":true,"href":"https:\/\/llefia.org\/santjordi\/wp-json\/wp\/v2\/comments?post=436"}],"version-history":[{"count":1,"href":"https:\/\/llefia.org\/santjordi\/wp-json\/wp\/v2\/pages\/436\/revisions"}],"predecessor-version":[{"id":437,"href":"https:\/\/llefia.org\/santjordi\/wp-json\/wp\/v2\/pages\/436\/revisions\/437"}],"wp:attachment":[{"href":"https:\/\/llefia.org\/santjordi\/wp-json\/wp\/v2\/media?parent=436"}],"curies":[{"name":"wp","href":"https:\/\/api.w.org\/{rel}","templated":true}]}}