{"id":450,"date":"2025-04-23T00:20:00","date_gmt":"2025-04-22T22:20:00","guid":{"rendered":"https:\/\/llefia.org\/santjordi\/?page_id=450"},"modified":"2025-04-23T00:20:01","modified_gmt":"2025-04-22T22:20:01","slug":"els-rellotges-de-lavia-no-donaven-lhora","status":"publish","type":"page","link":"https:\/\/llefia.org\/santjordi\/els-rellotges-de-lavia-no-donaven-lhora\/","title":{"rendered":"Els rellotges de l&#8217;\u00e0via no donaven l&#8217;hora&#8230;"},"content":{"rendered":"\n<p>Els rellotges de l&#8217;\u00e0via no donaven l&#8217;hora<\/p>\n\n\n\n<p>A casa de la meva \u00e0via, els rellotges no donaven l&#8217;hora. Tic-tac, tic-tac, per\u00f2 res. Les manetes giraven quan volien, es detenien sense motiu, i a vegades \u2014les m\u00e9s inquietants\u2014 retrocedien a poc a poc, com penedint-se d&#8217;avan\u00e7ar.<\/p>\n\n\n\n<p>\u2014S\u00f3n capritxosos \u2014deia ella, i encongia les espatlles com qui parla del vent.<\/p>\n\n\n\n<p>Tenia rellotges pertot arreu. De p\u00e8ndol, de polsera, de cuina, de butxaca, fins a un dins d&#8217;una tassa trencada. Penjaven de les parets com si fossin quadres o retrats de fam\u00edlia. Alguns estaven parats a un quart de quatre, uns altres a les vuit en punt. N\u2019hi havia un, petit i oxidat, que nom\u00e9s marcava les dotze. Sempre. Com si esper\u00e9s a alg\u00fa que mai anava a arribar.<\/p>\n\n\n\n<p>Jo passava hores enfront d&#8217;ells, intentant entendre qu\u00e8 significaven. Perqu\u00e8 alguna cosa significaven. No eren aqu\u00ed per decoraci\u00f3, ni per nost\u00e0lgia. La meva \u00e0via els mirava de re\u00fcll, amb respecte. Com si sab\u00e9s que deien coses que no sab\u00edem llegir.<\/p>\n\n\n\n<p>\u2014I si un d&#8217;ells encerta? \u2014li vaig preguntar una tarda, mentre ella teixia en la seva butaca blava, aquest que feia olor de c\u00e0mfora i a llorer sec.<\/p>\n\n\n\n<p>\u2014Encertar qu\u00e8?<\/p>\n\n\n\n<p>\u2014L&#8217;hora. El moment.<\/p>\n\n\n\n<p>Ella va somriure.<\/p>\n\n\n\n<p>\u2014I qu\u00e8 passa si ho encerta? Est\u00e0s llest perqu\u00e8 arribi?<\/p>\n\n\n\n<p>No vaig saber qu\u00e8 dir. Perqu\u00e8 clar, un creu que vol saber l&#8217;hora exacta de les coses. La d&#8217;una crida, una abra\u00e7ada, una mort. Per\u00f2 quan el rellotge es det\u00e9 en un punt i es queda aqu\u00ed, alguna cosa en el cos tremola.<\/p>\n\n\n\n<p>A vegades crec que els rellotges de l&#8217;\u00e0via guardaven moments atrapats. Que cadascun era una esp\u00e8cie de g\u00e0bia, i dins vivia alguna cosa que no volia anar-se\u2019n. El del passad\u00eds, per exemple, feia olor de sopa calenta i a mans tremoloses. El del bany, a un plor breu i contingut. El de l&#8217;armari de rebost tenia una esquerda en el cristall, i sempre que el mirava sentia fred.<\/p>\n\n\n\n<p>Va haver-hi un que em va fer por de veritat. Estava en la seva tauleta de nit. Una esfera blanca, llisa, sense n\u00fameros. Nom\u00e9s les agulles, girant a poc a poc com a peixos cecs. Quan ho tocaves, s&#8217;escoltava alguna cosa. No era un tic-tac. Era com un sospir atrapat.<\/p>\n\n\n\n<p>Una vegada, ja gaireb\u00e9 adormida, la vaig sentir parlar-li:<\/p>\n\n\n\n<p>\u2014No, encara no. Espera una mica m\u00e9s.<\/p>\n\n\n\n<p>No vaig preguntar res l&#8217;endem\u00e0. Mai es pregunten unes certes coses a les \u00e0vies. S&#8217;accepten. Es carreguen com es carreguen les mantes velles: encara que pesin, abriguen.<\/p>\n\n\n\n<p>El dia que va morir, tots els rellotges es van detenir. Un darrere l&#8217;altre. Com si alg\u00fa hagu\u00e9s abaixat el tel\u00f3 d&#8217;una obra que ning\u00fa comprenia del tot. Nom\u00e9s el de la tauleta va continuar girant, per\u00f2 al rev\u00e9s.<\/p>\n\n\n\n<p>La casa va quedar en silenci. Un silenci dens, fet d&#8217;abs\u00e8ncies. Em va costar setmanes atrevir-me a tocar els rellotges. Em feia por que algun parl\u00e9s.<\/p>\n\n\n\n<p>I, tot i aix\u00ed, un dia em vaig asseure enfront del m\u00e9s antic. Vaig obrir la tapa. Dins, en lloc d&#8217;engranatges, vaig trobar una nota escrita amb la seva lletra: &#8220;El temps no \u00e9s el que cre\u00efs. No corre, no se\u2019n va. Es queda on fan mal les coses.&#8221;<\/p>\n\n\n\n<p>Des de llavors, porto un rellotge seu en la butxaca. No dona l&#8217;hora. No falta al seu costum. Per\u00f2 quan ho trec i ho estrenyo fort, sento que alg\u00fa m&#8217;observa amb tendresa des d&#8217;un rac\u00f3 que no est\u00e0 enlloc.<\/p>\n\n\n\n<p>I hi ha dies \u2014molt pocs, per\u00f2 n&#8217;hi ha\u2014 en els que juro que les agulles es mouen al comp\u00e0s de la meva mem\u00f2ria.<\/p>\n\n\n\n<p>Evelyn Megias Carrasco (categoria adults)<\/p>\n","protected":false},"excerpt":{"rendered":"<p>Els rellotges de l&#8217;\u00e0via no donaven l&#8217;hora A casa de la meva \u00e0via, els rellotges no donaven l&#8217;hora. Tic-tac, tic-tac, per\u00f2 res. Les manetes giraven quan volien, es detenien sense motiu, i a vegades \u2014les m\u00e9s inquietants\u2014 retrocedien a poc a poc, com penedint-se d&#8217;avan\u00e7ar. \u2014S\u00f3n capritxosos \u2014deia ella, i encongia les espatlles com qui parla del vent. Tenia rellotges pertot arreu. De p\u00e8ndol, de polsera, de cuina, de butxaca,<\/p>\n<a href=\"https:\/\/llefia.org\/santjordi\/els-rellotges-de-lavia-no-donaven-lhora\/\"> <div class=\"readmorelink\"><div class=\"rmtext\">[ Read More ]<\/div><\/div><\/a>","protected":false},"author":15,"featured_media":0,"parent":0,"menu_order":0,"comment_status":"closed","ping_status":"closed","template":"","meta":[],"_links":{"self":[{"href":"https:\/\/llefia.org\/santjordi\/wp-json\/wp\/v2\/pages\/450"}],"collection":[{"href":"https:\/\/llefia.org\/santjordi\/wp-json\/wp\/v2\/pages"}],"about":[{"href":"https:\/\/llefia.org\/santjordi\/wp-json\/wp\/v2\/types\/page"}],"author":[{"embeddable":true,"href":"https:\/\/llefia.org\/santjordi\/wp-json\/wp\/v2\/users\/15"}],"replies":[{"embeddable":true,"href":"https:\/\/llefia.org\/santjordi\/wp-json\/wp\/v2\/comments?post=450"}],"version-history":[{"count":1,"href":"https:\/\/llefia.org\/santjordi\/wp-json\/wp\/v2\/pages\/450\/revisions"}],"predecessor-version":[{"id":451,"href":"https:\/\/llefia.org\/santjordi\/wp-json\/wp\/v2\/pages\/450\/revisions\/451"}],"wp:attachment":[{"href":"https:\/\/llefia.org\/santjordi\/wp-json\/wp\/v2\/media?parent=450"}],"curies":[{"name":"wp","href":"https:\/\/api.w.org\/{rel}","templated":true}]}}