{"id":453,"date":"2025-04-23T00:26:03","date_gmt":"2025-04-22T22:26:03","guid":{"rendered":"https:\/\/llefia.org\/santjordi\/?page_id=453"},"modified":"2025-04-23T00:26:03","modified_gmt":"2025-04-22T22:26:03","slug":"manolo-el-chatarrero-de-santa-coloma","status":"publish","type":"page","link":"https:\/\/llefia.org\/santjordi\/manolo-el-chatarrero-de-santa-coloma\/","title":{"rendered":"MANOLO EL CHATARRERO DE SANTA COLOMA"},"content":{"rendered":"\n<p>Ya son muchas las noches, que me quedo en vela, sin poder dormir, y eso que lo<br>intento\u2026mirando al techo casi a oscuras, me siento como si estuviera en la trena y encima tener que aguantar el pestazo este. Ma\u00f1ana cumplo 58 a\u00f1os, y como dec\u00eda mi padre, sin oficio ni beneficio, ni perrito que me ladre, aunque ah\u00ed el viejo la cag\u00f3, quien le iba a decir que<br>su manolito, con las chatarras se iba a forrar\u2026 Ni puta idea de leer, pero a contar, que me echen un galgo, se d\u00f3nde estoy, que no es poco ,conozco a las gentes. Para que m\u00e1s,,, recuerdo como si fuera ayer, cuando mi padre me llevaba a rastras al cole,, ahora me sabe<br>mal, entraba por una puerta y me escabull\u00eda por la otra ..Si no hubiera sido tan golfillo, ahora, quiz\u00e1s ser\u00eda otra persona, aunque nunca se sabe. Conozco a m\u00e1s de uno, con estudios que d\u00e9jalos correr, golfos y tramposos donde los haya\u2026lo que yo me digo, muchas veces los estudios son importantes, pero el ser una buena persona, no se gana con estudios, Hay algo m\u00e1s\u2026me parece a mi. El golfo del Julian, ese si que es un bala, me echaba en cara cada vez que pod\u00eda, y casi siempre, delante de la Trini, que yo era un mendrugo que nunca har\u00eda nada<br>de provecho.<br>Si la Trini, no me hubiera dejado.. Ahora no estar\u00eda aqu\u00ed, solo comi\u00e9ndome los mocos, como una colilla\u2026.. Era guapa, la cabrona, pero tonta de cojones\u2026..pues no se larg\u00f3 con el golfo del Julian, que era m\u00e1s vago que la chaqueta un guarda y gordo como una foca.. no entender\u00e9 nunca porque se fue ,,\u2026La noche antes de largarse, la encontr\u00e9 un poco rara, no hablo de sus chorradas de siempre, con una maleta estuvo trasteando algo, pero no le di importancia,<br>bueno como siempre, para que me voy a enga\u00f1ar, se fue a su cuatro temprano, otra cosa extra\u00f1a, pues ella se iba siempre a dormir tarde, despu\u00e9s de ver las andanzas de los capullos de los supervivientes\u2026desde la puerta de su habitaci\u00f3n me envi\u00f3 un beso a lo franchute y hasta ahora\u2026.cualquiera que me esuche\u2026.pues no estoy hablando solo\u2026.<br>Que cosas me ocurren\u2026\u2026pues no soy tan malo como las gentes dicen\u2026que me emborracho dos veces a la semana, y que??,,, nadie me dice nada cuando me quedo sin comer porque el cami\u00f3n de la chatarra viene tarde, casi siempre y me quedo en el almac\u00e9n doce horas seguidas.<br>Alguna peleilla que otra he tenido, pero no he rajado a nadie, los guris, siempre me han soltado en cuanto se me va la pea\u2026 el sargento que ya me conoce, me suelta d\u00e1ndome una palmadita en la espalda y a lo bajini me dice, porfa Manolito, no me hagas cabrear y descansa una temporadita. Desde lo de la Trini, me paso las madrugadas, con las tias del bar wisqueria de la carretera, pero ya me he cansado, me gasto un past\u00f3n y me siento cada dia mas solo.<br>Lo tengo claro, voy a dejar de ser lo que soy, ahora con mi soledad de testigo, juro que Manolo va ha cambiar\u2026. Me da un poco de repel\u00fas, hablar con el Sr Jose , pero lo voy a hacer, es una buena persona, me cae muy bien, por las ma\u00f1anas siempre est\u00e1 sentado en un banco de la plaza, con sus libros y papeles,me dijo que cuando quiera vaya a verlo a la sacrist\u00eda.<br>Ma\u00f1ana sin falta voy a verlo, me acuerdo que me dijo, hijos has de cambiar, asi no puedes<br>seguir viviendo, se que soy un poco bruto, pero mi escuela ha sido la calle, mis maestros el cholo y el perlas, pues bastante bueno he salido, el cholo y el perlas, ya no est\u00e1n, se los llev\u00f3<br>las drogas y el mal vivir. Porque no puedo ser como ese vecino, que vive en dos calles mas abajo \u2018\u2019\u2019? no lo conozco, pero me gustar\u00eda ser como el,trajeado,calladito, siempre acompa\u00f1ado de un ni\u00f1o y una mujer, se les ve felices y seguro que no tienen tantas perras como yo.<br>Esta noche, me siento diferente, algo en mi me est\u00e1 diciendo que es el momento de dar un vuelco a mi rastrera vida. Quiero empezar de nuevo, como si fuera un ni\u00f1o, ver las cosas<br>como son, ir a la escuela, aprender a ser feliz, conocer lo bueno de las gentes y encontrar una mujer, que me sirva de gu\u00eda en este nuevo camino, que me haga re\u00edr junto a ella ..tampoco<br>quiero tanto, yo creo que lo puedo conseguir,,,,.<br>Han pasado unos a\u00f1os, en el viejo parque, dos ni\u00f1os juegan con una pelota,\u2026Manolito y su hermanita, se rien, porque su papa, se ha resbalado en un charco y se ha manchado su traje preferido.<\/p>\n\n\n\n<p>Jaime Gonzalez Cabrera (categoria adults)<\/p>\n","protected":false},"excerpt":{"rendered":"<p>Ya son muchas las noches, que me quedo en vela, sin poder dormir, y eso que lointento\u2026mirando al techo casi a oscuras, me siento como si estuviera en la trena y encima tener que aguantar el pestazo este. Ma\u00f1ana cumplo 58 a\u00f1os, y como dec\u00eda mi padre, sin oficio ni beneficio, ni perrito que me ladre, aunque ah\u00ed el viejo la cag\u00f3, quien le iba a decir quesu manolito, con<\/p>\n<a href=\"https:\/\/llefia.org\/santjordi\/manolo-el-chatarrero-de-santa-coloma\/\"> <div class=\"readmorelink\"><div class=\"rmtext\">[ Read More ]<\/div><\/div><\/a>","protected":false},"author":15,"featured_media":0,"parent":0,"menu_order":0,"comment_status":"closed","ping_status":"closed","template":"","meta":[],"_links":{"self":[{"href":"https:\/\/llefia.org\/santjordi\/wp-json\/wp\/v2\/pages\/453"}],"collection":[{"href":"https:\/\/llefia.org\/santjordi\/wp-json\/wp\/v2\/pages"}],"about":[{"href":"https:\/\/llefia.org\/santjordi\/wp-json\/wp\/v2\/types\/page"}],"author":[{"embeddable":true,"href":"https:\/\/llefia.org\/santjordi\/wp-json\/wp\/v2\/users\/15"}],"replies":[{"embeddable":true,"href":"https:\/\/llefia.org\/santjordi\/wp-json\/wp\/v2\/comments?post=453"}],"version-history":[{"count":1,"href":"https:\/\/llefia.org\/santjordi\/wp-json\/wp\/v2\/pages\/453\/revisions"}],"predecessor-version":[{"id":454,"href":"https:\/\/llefia.org\/santjordi\/wp-json\/wp\/v2\/pages\/453\/revisions\/454"}],"wp:attachment":[{"href":"https:\/\/llefia.org\/santjordi\/wp-json\/wp\/v2\/media?parent=453"}],"curies":[{"name":"wp","href":"https:\/\/api.w.org\/{rel}","templated":true}]}}