{"id":455,"date":"2025-04-23T00:28:10","date_gmt":"2025-04-22T22:28:10","guid":{"rendered":"https:\/\/llefia.org\/santjordi\/?page_id=455"},"modified":"2025-04-23T00:28:10","modified_gmt":"2025-04-22T22:28:10","slug":"ozzy-osbourne-y-yo-estabamos-en-la-cima","status":"publish","type":"page","link":"https:\/\/llefia.org\/santjordi\/ozzy-osbourne-y-yo-estabamos-en-la-cima\/","title":{"rendered":"Ozzy Osbourne y yo est\u00e1bamos en la cima&#8230;"},"content":{"rendered":"\n<p>Ozzy Osbourne y yo est\u00e1bamos en la cima de una de esas monta\u00f1as verticales que algunos chalados escalan sin cuerdas, y no sab\u00edamos c\u00f3mo diablos hab\u00edamos ido a parar all\u00ed, y yo no sab\u00eda por qu\u00e9 diablos estaba con Ozzy, que llevaba vaqueros negros y chaqueta de cuero negra y camiseta de Ozzy Osbourne negra y su inconfundible pelo largo, liso y negro. No obstante, soy incapaz de recordar nada de mi propia imagen.<br>El caso es que est\u00e1bamos en ese acantilado, y daba v\u00e9rtigo mirar hacia abajo, un v\u00e9rtigo de cojones, porque era de noche y no se ve\u00eda el fondo, pero no costaba adivinar que se hallaba lo suficientemente lejos como para quedar hechos unas plastas de carne y m\u00fasculos y sangre y huesos y dientes y entra\u00f1as si nos ca\u00edamos, as\u00ed que pasamos de volver a hacerlo. Y tampoco sab\u00edamos por qu\u00e9, hab\u00eda un colch\u00f3n all\u00ed, un viejo y sucio colch\u00f3n de muelles, y un estrech\u00edsimo sendero nac\u00eda en lo alto del despe\u00f1adero, y descend\u00eda a su trav\u00e9s en una acusada pendiente, y Ozzy y yo est\u00e1bamos helados y cagados de miedo, de hambre y de sed, por lo que decidimos intentar largarnos, de la \u00fanica forma que se nos ocurri\u00f3.<br>Me\u00e9, cogimos el colch\u00f3n y lo pegamos a la pared del precipicio, justo donde la senda iniciaba su bajada hacia lo que esper\u00e1bamos que fuese tierra firme, con sus mil millones de benditas penas, y nos estiramos en \u00e9l, pegados el uno al otro, Ozzy en la parte que daba al vac\u00edo, yo en la de la pared, porque Ozzy siempre hab\u00eda sido un colgado sin remedio, \u00e1vido de emociones fuertes (tal vez su miedo era fingido; el m\u00edo era muy real), y empujamos hacia la trocha, yo contra la pared de dentro, \u00e9l contra el borde del camino, y el colch\u00f3n (el paso era tan angosto que medio palmo se asomaba a ese oscuro y fr\u00edo infierno), con nosotros encima, mercanc\u00eda en apuros, empez\u00f3 a bajar.<br>El colch\u00f3n fue tomando velocidad, y yo no pod\u00eda dejar de pensar que se desviar\u00eda y nos ir\u00edamos abajo, y cuando ese pensamiento estaba a punto de parar mi coraz\u00f3n me gir\u00e9 y vi que el cabr\u00f3n de Ozzy estaba durmiendo a pierna suelta. Hasta un peque\u00f1o hilillo de baba asomaba por la comisura de sus labios, y esa visi\u00f3n fue como un milagro tranquilizador, y sus ronquidos descompasados me parecieron el lento y suave fluir de un r\u00edo, y me dorm\u00ed yo tambi\u00e9n, bajo el negro manto estrellado, sin destino asegurado.<br><br>Me despert\u00e9. El colch\u00f3n se hab\u00eda parado. Segu\u00eda en \u00e9l. El despe\u00f1adero hab\u00eda desaparecido. Bueno, no; mir\u00e9 hacia arriba: ahora ascend\u00eda hasta el infinito. De la que nos hab\u00edamos librado. Mir\u00e9 a Ozzy; segu\u00eda durmiendo. A nuestro alrededor se extend\u00eda un descampado de tierra con trece o catorce coches aparcados, bordeado por una pared de roca rojiza de unos tres metros de altura coronada de pinos que se inclinaban hacia adelante, d\u00e1ndonos la bienvenida. Me sent\u00eda como si hubiese resucitado, como si un potente rayo me hubiese partido por la mitad y Dios hubiese cogido mis dos mitades y las hubiese pegado con su saliva bendita. Me levant\u00e9, anduve hacia los coches, me met\u00ed entre dos de ellos y volv\u00ed a mear. Pens\u00e9: \u201c\u00bfde d\u00f3nde sale tanto pip\u00ed?\u201d Volv\u00ed al colch\u00f3n y le d\u00ed unos suaves puntapi\u00e9s a Ozzy en el hombro. La saliva le encharcaba la cara y el pelo. Se despert\u00f3, se sec\u00f3 con la manga de la chaqueta, se levant\u00f3, anduvo hacia los coches, me\u00f3 entre dos de ellos, volvi\u00f3 y me pregunt\u00f3 si me apetec\u00eda un trago.<\/p>\n\n\n\n<p>Pitu Pitarch Pujol (categoria adults)<\/p>\n","protected":false},"excerpt":{"rendered":"<p>Ozzy Osbourne y yo est\u00e1bamos en la cima de una de esas monta\u00f1as verticales que algunos chalados escalan sin cuerdas, y no sab\u00edamos c\u00f3mo diablos hab\u00edamos ido a parar all\u00ed, y yo no sab\u00eda por qu\u00e9 diablos estaba con Ozzy, que llevaba vaqueros negros y chaqueta de cuero negra y camiseta de Ozzy Osbourne negra y su inconfundible pelo largo, liso y negro. No obstante, soy incapaz de recordar nada<\/p>\n<a href=\"https:\/\/llefia.org\/santjordi\/ozzy-osbourne-y-yo-estabamos-en-la-cima\/\"> <div class=\"readmorelink\"><div class=\"rmtext\">[ Read More ]<\/div><\/div><\/a>","protected":false},"author":15,"featured_media":0,"parent":0,"menu_order":0,"comment_status":"closed","ping_status":"closed","template":"","meta":[],"_links":{"self":[{"href":"https:\/\/llefia.org\/santjordi\/wp-json\/wp\/v2\/pages\/455"}],"collection":[{"href":"https:\/\/llefia.org\/santjordi\/wp-json\/wp\/v2\/pages"}],"about":[{"href":"https:\/\/llefia.org\/santjordi\/wp-json\/wp\/v2\/types\/page"}],"author":[{"embeddable":true,"href":"https:\/\/llefia.org\/santjordi\/wp-json\/wp\/v2\/users\/15"}],"replies":[{"embeddable":true,"href":"https:\/\/llefia.org\/santjordi\/wp-json\/wp\/v2\/comments?post=455"}],"version-history":[{"count":1,"href":"https:\/\/llefia.org\/santjordi\/wp-json\/wp\/v2\/pages\/455\/revisions"}],"predecessor-version":[{"id":456,"href":"https:\/\/llefia.org\/santjordi\/wp-json\/wp\/v2\/pages\/455\/revisions\/456"}],"wp:attachment":[{"href":"https:\/\/llefia.org\/santjordi\/wp-json\/wp\/v2\/media?parent=455"}],"curies":[{"name":"wp","href":"https:\/\/api.w.org\/{rel}","templated":true}]}}