{"id":457,"date":"2025-04-23T00:29:05","date_gmt":"2025-04-22T22:29:05","guid":{"rendered":"https:\/\/llefia.org\/santjordi\/?page_id=457"},"modified":"2025-04-23T00:29:05","modified_gmt":"2025-04-22T22:29:05","slug":"cuando-callan-las-voces","status":"publish","type":"page","link":"https:\/\/llefia.org\/santjordi\/cuando-callan-las-voces\/","title":{"rendered":"Cuando callan las voces"},"content":{"rendered":"\n<p>Mi cabeza se va lejos. Miro el papel en blanco. Las historias se amontonan en mi mente, empuj\u00e1ndose unas a otras, pero no s\u00e9 c\u00f3mo empezar. La primera frase siempre es la m\u00e1s dif\u00edcil.<\/p>\n\n\n\n<p>\u2014No pierdas el tiempo con estas tonter\u00edas \u2014dice una voz dentro de m\u00ed\u2014. No sirves para escribir. \u00bfNo ves que no tienes talento? S\u00e9 pr\u00e1ctica. Tienes que planchar, ordenar los armarios. Hay tantas cosas por hacer, y t\u00fa aqu\u00ed, empe\u00f1ada en escribir. \u00bfQui\u00e9n te crees que eres?<\/p>\n\n\n\n<p>Miro por la ventana. Veo, pero no veo. Escucho, pero no escucho.<\/p>\n\n\n\n<p>Otra voz se suma, m\u00e1s cansada, m\u00e1s resignada.<br>\u2014Siempre la misma historia. Que si deber\u00edas hacer esto, que si las mujeres tienen que encargarse de aquello&#8230; Qu\u00e9 pesada. D\u00e9jate de cuentos. Ponte una serie, rel\u00e1jate. Y, de paso, en la cocina quedan unas galletas de chocolate. No se habr\u00e1n acabado. Imag\u00ednate: sof\u00e1, serie, galletas. Perfecto.<\/p>\n\n\n\n<p>\u2014Claro, t\u00fa anim\u00e1ndola a no hacer nada, y yo intentando que se ponga en marcha. Vaya ayuda. C\u00e1llate, no molestes.<\/p>\n\n\n\n<p>\u2014Solo digo que descanse. Ha sido una semana dura. Mucho trabajo, muchas exigencias. No todo en la vida es hacer, hacer, hacer. Tambi\u00e9n hay que vivir. Eres una amargada.<\/p>\n\n\n\n<p>Inspiro. Las voces recorren mi cuerpo. Me siento cansada. Me siento inm\u00f3vil.<\/p>\n\n\n\n<p>Entonces llega Princesa. Se sube al escritorio de un salto y se tumba sobre el papel. Se restriega con la cabeza contra m\u00ed. Es tan cari\u00f1osa&#8230; Sus ojos verdes me miran como si supieran algo. Su pelo negro brilla.<\/p>\n\n\n\n<p>\u201cMe gusta cuando escribes\u201d, parece decir. \u201cTienes una energ\u00eda bonita. Escribir te calma, como a m\u00ed el ronroneo. Tu cuerpo se relaja. Se nota el calor que sale de ti.\u201d<\/p>\n\n\n\n<p>La acaricio. Ella ronronea. Vuelvo a mirar el papel. Las palabras empiezan a salir, sin apuro, suaves, como el agua de un manantial. Es agradable. Me fluye. Princesa me mira. Es como si entendiera c\u00f3mo me siento, como si estuviera contenta por m\u00ed.<\/p>\n\n\n\n<p>\u00bfEntienden los gatos lo que sentimos?<\/p>\n\n\n\n<p>Escribo y me vac\u00edo. Escribo y me lleno. Sonr\u00edo. Las voces se han callado. Por ahora. Solo quedan el ronroneo de Princesa y el sonido de mi bol\u00edgrafo. El tiempo parece detenerse. Todo est\u00e1 en pausa. Siento esa vibraci\u00f3n en mi mano. Escribo, borro, vuelvo a escribir. Y disfruto.<\/p>\n\n\n\n<p>Marta Tadeo Gomez (categoria adults)<\/p>\n","protected":false},"excerpt":{"rendered":"<p>Mi cabeza se va lejos. Miro el papel en blanco. Las historias se amontonan en mi mente, empuj\u00e1ndose unas a otras, pero no s\u00e9 c\u00f3mo empezar. La primera frase siempre es la m\u00e1s dif\u00edcil. \u2014No pierdas el tiempo con estas tonter\u00edas \u2014dice una voz dentro de m\u00ed\u2014. No sirves para escribir. \u00bfNo ves que no tienes talento? S\u00e9 pr\u00e1ctica. Tienes que planchar, ordenar los armarios. Hay tantas cosas por hacer,<\/p>\n<a href=\"https:\/\/llefia.org\/santjordi\/cuando-callan-las-voces\/\"> <div class=\"readmorelink\"><div class=\"rmtext\">[ Read More ]<\/div><\/div><\/a>","protected":false},"author":15,"featured_media":0,"parent":0,"menu_order":0,"comment_status":"closed","ping_status":"closed","template":"","meta":[],"_links":{"self":[{"href":"https:\/\/llefia.org\/santjordi\/wp-json\/wp\/v2\/pages\/457"}],"collection":[{"href":"https:\/\/llefia.org\/santjordi\/wp-json\/wp\/v2\/pages"}],"about":[{"href":"https:\/\/llefia.org\/santjordi\/wp-json\/wp\/v2\/types\/page"}],"author":[{"embeddable":true,"href":"https:\/\/llefia.org\/santjordi\/wp-json\/wp\/v2\/users\/15"}],"replies":[{"embeddable":true,"href":"https:\/\/llefia.org\/santjordi\/wp-json\/wp\/v2\/comments?post=457"}],"version-history":[{"count":1,"href":"https:\/\/llefia.org\/santjordi\/wp-json\/wp\/v2\/pages\/457\/revisions"}],"predecessor-version":[{"id":458,"href":"https:\/\/llefia.org\/santjordi\/wp-json\/wp\/v2\/pages\/457\/revisions\/458"}],"wp:attachment":[{"href":"https:\/\/llefia.org\/santjordi\/wp-json\/wp\/v2\/media?parent=457"}],"curies":[{"name":"wp","href":"https:\/\/api.w.org\/{rel}","templated":true}]}}