{"id":459,"date":"2025-04-23T00:30:33","date_gmt":"2025-04-22T22:30:33","guid":{"rendered":"https:\/\/llefia.org\/santjordi\/?page_id=459"},"modified":"2025-04-23T00:30:34","modified_gmt":"2025-04-22T22:30:34","slug":"una-manana-cualquiera","status":"publish","type":"page","link":"https:\/\/llefia.org\/santjordi\/una-manana-cualquiera\/","title":{"rendered":"Una ma\u00f1ana cualquiera&#8230;"},"content":{"rendered":"\n<p>Una ma\u00f1ana cualquiera, mientras el caf\u00e9 a\u00fan no ha terminado de colarse, recibes un WhatsApp de un n\u00famero desconocido. No lo abres. Sospechas que ser\u00e1 otro mensaje publicitario o alguna estafa disfrazada de oferta irrechazable. Lo ignoras.<\/p>\n\n\n\n<p>Pero algo no te deja seguir con tu rutina.<br>Hay algo en ese n\u00famero. En ese silencio digital que no grita, pero aprieta.<\/p>\n\n\n\n<p>Lo abres.<br>Solo hay una fecha.<br>Te paralizas.<\/p>\n\n\n\n<p>Intentas convencerte de que no significa nada. Que es pura casualidad.<br>Pero llega otro mensaje.<br>Una hora.<br>Exacta.<\/p>\n\n\n\n<p>Empiezas a notar c\u00f3mo el aire pesa m\u00e1s, c\u00f3mo tus dedos tiemblan sin haber tocado nada. El est\u00f3mago se revuelve. La boca se seca. La mente empieza a correr m\u00e1s r\u00e1pido que tu propio cuerpo.<\/p>\n\n\n\n<p>La notificaci\u00f3n de &#8220;Le\u00eddo&#8221; te hace maldecir. Ya saben que lo viste. Quien sea, lo sabe.<br>Te resistes. Pero no puedes evitarlo: guardas el n\u00famero, entras al perfil, y lo ves.<br>Esa imagen.<br>Ese rostro.<\/p>\n\n\n\n<p>Sientes un golpe seco en el pecho. Como si todos los recuerdos que juraste enterrar hubieran esperado su momento para regresar.<br>Y lo han hecho.<br>Con fuerza.<\/p>\n\n\n\n<p>Intentas bloquear el m\u00f3vil. Lo haces. Una, dos, tres veces.<br>Pero vuelves.<br>Y cada vez que lo haces, el v\u00e9rtigo es mayor.<br>Una nueva notificaci\u00f3n.<br>Una palabra.<br>Y no sabes si es una amenaza o una llave.<\/p>\n\n\n\n<p>Quisieras contestar. Quisieras gritar. Pero cada letra que escribes se borra antes de llegar a enviarse.<br>Al final, solo sale un mensaje torpe, casi mudo.<br>No esperas respuesta.<br>Pero llega.<\/p>\n\n\n\n<p>Ah\u00ed es cuando corres.<br>Sales sin pensar. Sin chaqueta. Sin rumbo claro, pero con un destino inevitable.<\/p>\n\n\n\n<p>Conduces como si el tiempo pudiera cambiarse. Como si el pasado pudiera reescribirse.<\/p>\n\n\n\n<p>Cuando llegas, solo queda el silencio.<br>Pero no est\u00e1s sola.<br>Hay m\u00e1s personas.<br>Demasiadas.<\/p>\n\n\n\n<p>Entonces lo entiendes.<\/p>\n\n\n\n<p>Ya no puedes huir.<br>Ya no puedes callar.<\/p>\n\n\n\n<p>Lloras. Pero no por miedo.<br>Es alivio.<br>Es fin.<\/p>\n\n\n\n<p>Miras el mar. Respiras.<br>Y saltas.<\/p>\n\n\n\n<p>Por primera vez en meses, sientes libertad.<\/p>\n\n\n\n<p>Los mensajes siguen ah\u00ed.<br>Fijos. Fr\u00edos.<br>Uno a uno:<br>La fecha.<br>La hora.<br>La imagen.<br>La ubicaci\u00f3n.<\/p>\n\n\n\n<p>Todos enviados por ti.<br>Todos abiertos.<br>Todos le\u00eddos.<br>Por la polic\u00eda.<\/p>\n\n\n\n<p>Porque no era un chantaje.<br>Era una confesi\u00f3n.<\/p>\n\n\n\n<p>Jos\u00e9 Morales L\u00f3pez (categoria adults)<\/p>\n","protected":false},"excerpt":{"rendered":"<p>Una ma\u00f1ana cualquiera, mientras el caf\u00e9 a\u00fan no ha terminado de colarse, recibes un WhatsApp de un n\u00famero desconocido. No lo abres. Sospechas que ser\u00e1 otro mensaje publicitario o alguna estafa disfrazada de oferta irrechazable. Lo ignoras. Pero algo no te deja seguir con tu rutina.Hay algo en ese n\u00famero. En ese silencio digital que no grita, pero aprieta. Lo abres.Solo hay una fecha.Te paralizas. Intentas convencerte de que no<\/p>\n<a href=\"https:\/\/llefia.org\/santjordi\/una-manana-cualquiera\/\"> <div class=\"readmorelink\"><div class=\"rmtext\">[ Read More ]<\/div><\/div><\/a>","protected":false},"author":15,"featured_media":0,"parent":0,"menu_order":0,"comment_status":"closed","ping_status":"closed","template":"","meta":[],"_links":{"self":[{"href":"https:\/\/llefia.org\/santjordi\/wp-json\/wp\/v2\/pages\/459"}],"collection":[{"href":"https:\/\/llefia.org\/santjordi\/wp-json\/wp\/v2\/pages"}],"about":[{"href":"https:\/\/llefia.org\/santjordi\/wp-json\/wp\/v2\/types\/page"}],"author":[{"embeddable":true,"href":"https:\/\/llefia.org\/santjordi\/wp-json\/wp\/v2\/users\/15"}],"replies":[{"embeddable":true,"href":"https:\/\/llefia.org\/santjordi\/wp-json\/wp\/v2\/comments?post=459"}],"version-history":[{"count":1,"href":"https:\/\/llefia.org\/santjordi\/wp-json\/wp\/v2\/pages\/459\/revisions"}],"predecessor-version":[{"id":460,"href":"https:\/\/llefia.org\/santjordi\/wp-json\/wp\/v2\/pages\/459\/revisions\/460"}],"wp:attachment":[{"href":"https:\/\/llefia.org\/santjordi\/wp-json\/wp\/v2\/media?parent=459"}],"curies":[{"name":"wp","href":"https:\/\/api.w.org\/{rel}","templated":true}]}}