{"id":465,"date":"2025-04-23T00:36:54","date_gmt":"2025-04-22T22:36:54","guid":{"rendered":"https:\/\/llefia.org\/santjordi\/?page_id=465"},"modified":"2025-04-23T00:36:55","modified_gmt":"2025-04-22T22:36:55","slug":"el-asesinato-de-dona-blanca","status":"publish","type":"page","link":"https:\/\/llefia.org\/santjordi\/el-asesinato-de-dona-blanca\/","title":{"rendered":"EL ASESINATO DE DO\u00d1A BLANCA"},"content":{"rendered":"\n<p>Un d\u00eda, en la mansi\u00f3n de Godmar, en Badalona\u2026<br>La due\u00f1a de esa mansi\u00f3n fue asesinada. La due\u00f1a era do\u00f1a Blanca, una mujer amable y sin enemigos. Todo apuntaba a que fue su marido, Don Negro, lo investigaron y el asesino lo hab\u00eda preparado todo para incriminarle. Diez a\u00f1os despu\u00e9s se descubri\u00f3 que no fue Don Negro el asesino pero en ese entonces ya estaba muerto desde hac\u00eda 7 a\u00f1os.<br>Se descubri\u00f3 que hac\u00eda 5 a\u00f1os un ni\u00f1o llamado Esteban fue a la mansi\u00f3n y se encontr\u00f3 con los fantasmas. Ese ni\u00f1o se fue corriendo preso del miedo pero volvi\u00f3 para cazar a los fantasmas y lo consigui\u00f3. Le cost\u00f3 mucho sudor, esfuerzo y l\u00e1grimas pero lo logr\u00f3 con la ayuda de su amigo Michael y de su hermano Christian. Pero Esteban, Michael y Christian tuvieron un problemilla: la m\u00e1quina solo pod\u00eda cazar a un fantasma pero hicieron una trampa improvisada con materiales de los alrededores de la mansi\u00f3n. Todo volvi\u00f3 a la normalidad pero no se sab\u00eda el asesino.<br>Pero a\u00f1os despu\u00e9s se vio que en los materiales de la trampa hab\u00eda una carta. Pon\u00eda: \u201cNo me queda mucho tiempo. Me vienen a buscar. Pero antes de irme quiero confesar que yo fui el asesino de Do\u00f1a Blanca\u201d. Firmado: Don Gris.<\/p>\n\n\n\n<p>Mario Lechuga Guti\u00e9rrez (categoria infantil)<\/p>\n","protected":false},"excerpt":{"rendered":"<p>Un d\u00eda, en la mansi\u00f3n de Godmar, en Badalona\u2026La due\u00f1a de esa mansi\u00f3n fue asesinada. La due\u00f1a era do\u00f1a Blanca, una mujer amable y sin enemigos. Todo apuntaba a que fue su marido, Don Negro, lo investigaron y el asesino lo hab\u00eda preparado todo para incriminarle. Diez a\u00f1os despu\u00e9s se descubri\u00f3 que no fue Don Negro el asesino pero en ese entonces ya estaba muerto desde hac\u00eda 7 a\u00f1os.Se descubri\u00f3<\/p>\n<a href=\"https:\/\/llefia.org\/santjordi\/el-asesinato-de-dona-blanca\/\"> <div class=\"readmorelink\"><div class=\"rmtext\">[ Read More ]<\/div><\/div><\/a>","protected":false},"author":15,"featured_media":0,"parent":0,"menu_order":0,"comment_status":"closed","ping_status":"closed","template":"","meta":[],"_links":{"self":[{"href":"https:\/\/llefia.org\/santjordi\/wp-json\/wp\/v2\/pages\/465"}],"collection":[{"href":"https:\/\/llefia.org\/santjordi\/wp-json\/wp\/v2\/pages"}],"about":[{"href":"https:\/\/llefia.org\/santjordi\/wp-json\/wp\/v2\/types\/page"}],"author":[{"embeddable":true,"href":"https:\/\/llefia.org\/santjordi\/wp-json\/wp\/v2\/users\/15"}],"replies":[{"embeddable":true,"href":"https:\/\/llefia.org\/santjordi\/wp-json\/wp\/v2\/comments?post=465"}],"version-history":[{"count":1,"href":"https:\/\/llefia.org\/santjordi\/wp-json\/wp\/v2\/pages\/465\/revisions"}],"predecessor-version":[{"id":466,"href":"https:\/\/llefia.org\/santjordi\/wp-json\/wp\/v2\/pages\/465\/revisions\/466"}],"wp:attachment":[{"href":"https:\/\/llefia.org\/santjordi\/wp-json\/wp\/v2\/media?parent=465"}],"curies":[{"name":"wp","href":"https:\/\/api.w.org\/{rel}","templated":true}]}}