{"id":467,"date":"2025-04-23T00:37:51","date_gmt":"2025-04-22T22:37:51","guid":{"rendered":"https:\/\/llefia.org\/santjordi\/?page_id=467"},"modified":"2025-04-23T00:37:52","modified_gmt":"2025-04-22T22:37:52","slug":"el-mirall-menganya","status":"publish","type":"page","link":"https:\/\/llefia.org\/santjordi\/el-mirall-menganya\/","title":{"rendered":"El mirall m&#8217;enganya"},"content":{"rendered":"\n<p>Quina por em fa el metge, la infermera em mira amb ll\u00e0stima mentre em fa mil proves. No m&#8217;agrada gens aix\u00f2, nom\u00e9s desitjo que el pare vingui aviat. No deixen de dir-me per un nom que no conec, no soc Clara, em dic Sofi.<\/p>\n\n\n\n<p>-Hola, vinc una mica tard, per\u00f2 ja podem marxar.<br>-Sii<br>Per fi ha vingut el pare.<br>-Est\u00e0s b\u00e9? Ens queda una parada per arribar a casa.<br>Hem arribat, per\u00f2 no reconec aquest lloc. Hi ha un mirall a l&#8217;entrada.<br>-Qui hi ha reflectit? No em veig, nom\u00e9s e sveu una \u00e0via vella i descuidada.<br>-\u00c0via, vina a predre la medicaci\u00f3!<\/p>\n\n\n\n<p>Rocio Baidal Baja\u00f1a (categoria juvenil)<\/p>\n","protected":false},"excerpt":{"rendered":"<p>Quina por em fa el metge, la infermera em mira amb ll\u00e0stima mentre em fa mil proves. No m&#8217;agrada gens aix\u00f2, nom\u00e9s desitjo que el pare vingui aviat. No deixen de dir-me per un nom que no conec, no soc Clara, em dic Sofi. -Hola, vinc una mica tard, per\u00f2 ja podem marxar.-SiiPer fi ha vingut el pare.-Est\u00e0s b\u00e9? Ens queda una parada per arribar a casa.Hem arribat, per\u00f2 no<\/p>\n<a href=\"https:\/\/llefia.org\/santjordi\/el-mirall-menganya\/\"> <div class=\"readmorelink\"><div class=\"rmtext\">[ Read More ]<\/div><\/div><\/a>","protected":false},"author":15,"featured_media":0,"parent":0,"menu_order":0,"comment_status":"closed","ping_status":"closed","template":"","meta":[],"_links":{"self":[{"href":"https:\/\/llefia.org\/santjordi\/wp-json\/wp\/v2\/pages\/467"}],"collection":[{"href":"https:\/\/llefia.org\/santjordi\/wp-json\/wp\/v2\/pages"}],"about":[{"href":"https:\/\/llefia.org\/santjordi\/wp-json\/wp\/v2\/types\/page"}],"author":[{"embeddable":true,"href":"https:\/\/llefia.org\/santjordi\/wp-json\/wp\/v2\/users\/15"}],"replies":[{"embeddable":true,"href":"https:\/\/llefia.org\/santjordi\/wp-json\/wp\/v2\/comments?post=467"}],"version-history":[{"count":1,"href":"https:\/\/llefia.org\/santjordi\/wp-json\/wp\/v2\/pages\/467\/revisions"}],"predecessor-version":[{"id":468,"href":"https:\/\/llefia.org\/santjordi\/wp-json\/wp\/v2\/pages\/467\/revisions\/468"}],"wp:attachment":[{"href":"https:\/\/llefia.org\/santjordi\/wp-json\/wp\/v2\/media?parent=467"}],"curies":[{"name":"wp","href":"https:\/\/api.w.org\/{rel}","templated":true}]}}