{"id":469,"date":"2025-04-23T00:39:54","date_gmt":"2025-04-22T22:39:54","guid":{"rendered":"https:\/\/llefia.org\/santjordi\/?page_id=469"},"modified":"2025-04-23T00:40:15","modified_gmt":"2025-04-22T22:40:15","slug":"una-infima-posibilidad","status":"publish","type":"page","link":"https:\/\/llefia.org\/santjordi\/una-infima-posibilidad\/","title":{"rendered":"Una \u00ednfima posibilidad"},"content":{"rendered":"\n<p>&#8220;Una vez descartado lo imposible, lo que queda, por improbable que parezca, debe ser la verdad&#8221;. Sir Arthur Conan Doyle.<\/p>\n\n\n\n<p>Una \u00ednfima posibilidad<br>Llevaba largo tiempo pensando en la insignificancia del ser humano -una humilde gota en el oc\u00e9ano inabarcable del tiempo y una simple mota en la vasta alfombra de la galaxia-; contemplando, noche tras noche, aquellas estrellas que titilaban antiguos sue\u00f1os convertidos en polvo sideral, desmenuzados tras incontables eones. Tan solo nos muestran un p\u00e1lido y evanescente rostro.<br>Cometas que fulguran, como nosotros, en el crep\u00fasculo melanc\u00f3lico de la atm\u00f3sfera que nos protege del vac\u00edo -pero que no evita que aquel se adentre en nuestro pensamiento m\u00e1s \u00edntimo, haciendo que temblemos como hojas sin rumbo definido-.<br>Y me hizo sentir una angustiosa soledad m\u00e1s all\u00e1 de toda descripci\u00f3n; la cual es, en ocasiones, una losa cuya pesadez es demasiada para mis ignorantes hombros, cual l\u00e1pida marm\u00f3rea que tan solo esconde decrepitud y olvido.<br>Y cerr\u00e9 los ojos, intentando sobreponerme a aquel v\u00e9rtigo c\u00f3smico; es el suyo un efecto tan descorazonador, que tardo largas horas en recuperarme de su influjo.<br>E intento aferrarme a alg\u00fan ancla en la inmensa bah\u00eda de la nada, intentando escuchar las respuestas, aguzando el o\u00eddo, en una cueva l\u00f3brega donde solamente resuena el eco de la voz del silencio. Sus paredes son cambiantes y resbaladizas, pues es imposible permanecer en ella m\u00e1s que un instante.<br>Aunque, cuanto m\u00e1s perdido me encuentro y m\u00e1s inquieta se halla mi alma, noto las manos de ella sobre las m\u00edas y enfoco de nuevo mi perdida mirada tras vagar en los siempre procelosos mares del infinito.<br>Entonces, \u00a1cu\u00e1nta dicha siento por haberla encontrado, yo, un simple n\u00e1ufrago en la incesante marea de la eternidad!<br>Pues en la vastedad del tiempo y en la inmensidad del espacio, sus ojos azules son como dos faros que iluminan mi existencia, emitiendo un resplandor que tranquiliza mi perturbado esp\u00edritu; de ellos emana una radiante dicha, pues demuestran que somos una bendita coincidencia; entre un oc\u00e9ano de hip\u00f3tesis y un mill\u00f3n de probabilidades, hemos logrado coincidir en un determinado punto entre la incesante vor\u00e1gine del universo y las eras periclitadas y venideras. \u00a1Una bendita e \u00ednfima posibilidad!<br>Y la contemplo largamente; se halla recortada su figura con unas delicadas tijeras, sobre el exiguo lienzo de la existencia que nos ha sido dada compartir.<\/p>\n\n\n\n<p>Oscar S\u00e1nchez Garc\u00eda (categoria adults)<\/p>\n","protected":false},"excerpt":{"rendered":"<p>&#8220;Una vez descartado lo imposible, lo que queda, por improbable que parezca, debe ser la verdad&#8221;. Sir Arthur Conan Doyle. Una \u00ednfima posibilidadLlevaba largo tiempo pensando en la insignificancia del ser humano -una humilde gota en el oc\u00e9ano inabarcable del tiempo y una simple mota en la vasta alfombra de la galaxia-; contemplando, noche tras noche, aquellas estrellas que titilaban antiguos sue\u00f1os convertidos en polvo sideral, desmenuzados tras incontables eones.<\/p>\n<a href=\"https:\/\/llefia.org\/santjordi\/una-infima-posibilidad\/\"> <div class=\"readmorelink\"><div class=\"rmtext\">[ Read More ]<\/div><\/div><\/a>","protected":false},"author":15,"featured_media":0,"parent":0,"menu_order":0,"comment_status":"closed","ping_status":"closed","template":"","meta":[],"_links":{"self":[{"href":"https:\/\/llefia.org\/santjordi\/wp-json\/wp\/v2\/pages\/469"}],"collection":[{"href":"https:\/\/llefia.org\/santjordi\/wp-json\/wp\/v2\/pages"}],"about":[{"href":"https:\/\/llefia.org\/santjordi\/wp-json\/wp\/v2\/types\/page"}],"author":[{"embeddable":true,"href":"https:\/\/llefia.org\/santjordi\/wp-json\/wp\/v2\/users\/15"}],"replies":[{"embeddable":true,"href":"https:\/\/llefia.org\/santjordi\/wp-json\/wp\/v2\/comments?post=469"}],"version-history":[{"count":1,"href":"https:\/\/llefia.org\/santjordi\/wp-json\/wp\/v2\/pages\/469\/revisions"}],"predecessor-version":[{"id":470,"href":"https:\/\/llefia.org\/santjordi\/wp-json\/wp\/v2\/pages\/469\/revisions\/470"}],"wp:attachment":[{"href":"https:\/\/llefia.org\/santjordi\/wp-json\/wp\/v2\/media?parent=469"}],"curies":[{"name":"wp","href":"https:\/\/api.w.org\/{rel}","templated":true}]}}