{"id":471,"date":"2025-04-23T00:43:25","date_gmt":"2025-04-22T22:43:25","guid":{"rendered":"https:\/\/llefia.org\/santjordi\/?page_id=471"},"modified":"2025-04-23T00:43:26","modified_gmt":"2025-04-22T22:43:26","slug":"en-patufet-en-patufit-i-en-patufut","status":"publish","type":"page","link":"https:\/\/llefia.org\/santjordi\/en-patufet-en-patufit-i-en-patufut\/","title":{"rendered":"EN PATUFET, EN PATUFIT I EN PATUFUT"},"content":{"rendered":"\n<p>Vet aqu\u00ed una vegada hi havia tres nens molt petits que tothom coneixia amb els noms d\u2019en Patufet, en Patufit i en Patufut. Un dia la seva mare estava cuinant i es va adonar que li faltava sal.<br>En Patufet, en Patufit i en Patufut li van demanar a la mare anar a comprar. La mare no volia que hi anessin, perqu\u00e8 eren molt petits, per\u00f2 ells van comen\u00e7ar a marranejar fins a aconseguir anar a comprar.<\/p>\n\n\n\n<p>Com que eren molt petits i no volien que els trepitgessin van comen\u00e7ar a cantar:<br>Patim, patam, patum.<br>Homes i dones del cap dret.<br>Patim, patam, patum.<br>No trepitgeu els germanets.<\/p>\n\n\n\n<p>Els germans van arribar a la botiga d\u2019en Josepet. El botiguer es va espantar molt, perqu\u00e8 nom\u00e9s veia un bitllet que caminava sol. Llavors va sentir unes veus que deien:<br>Necessitem un bitlletet de sal!<br>En Josepet va preparar el paquet, el va deixar a terra i va veure com marxava sol. Els germans van tornar a casa cantant.<br>Llavors la mare va dir que havia de portar el dinar al pare. Els germans van tornar a plorar i van aconseguir marxar amb el cistell a l\u2019hort.<\/p>\n\n\n\n<p>Quan feia una mica que caminaven va comen\u00e7ar a fer molt sol i van decidir amagar-se sota una s\u00edndria. Prop d\u2019all\u00e0 hi havia un hipop\u00f2tam, que tenia molta gana. L\u2019hipop\u00f2tam va veure la s\u00edndria i se la va menjar, per\u00f2 tamb\u00e9 es va empassar els germans. En Patufut va aconseguir escapar. Els pares veient que no tornaven a casa i que tampoc havien arribat a l\u2019hort, es van comen\u00e7ar a preocupar. Aix\u00ed que van decidir comen\u00e7ar-los a buscar, llavors va arribar en Patufut i els va explicar el que havia succe\u00eft. Van trobar l\u2019hipop\u00f2tam i com que havia menjat la s\u00edndria bruta amb molts bacteris, li va agafar una forta diarrea. Aix\u00ed van sortir volant els dos germans i van tornar a estar tots junts.<\/p>\n\n\n\n<p>Conte explicat, ja s\u2019ha acabat.<\/p>\n\n\n\n<p>Adriano Valentino Quispe Lay i  Juliano Emanuel Arru\u00e9 Pizarro (categoria infantil)<\/p>\n","protected":false},"excerpt":{"rendered":"<p>Vet aqu\u00ed una vegada hi havia tres nens molt petits que tothom coneixia amb els noms d\u2019en Patufet, en Patufit i en Patufut. Un dia la seva mare estava cuinant i es va adonar que li faltava sal.En Patufet, en Patufit i en Patufut li van demanar a la mare anar a comprar. La mare no volia que hi anessin, perqu\u00e8 eren molt petits, per\u00f2 ells van comen\u00e7ar a marranejar<\/p>\n<a href=\"https:\/\/llefia.org\/santjordi\/en-patufet-en-patufit-i-en-patufut\/\"> <div class=\"readmorelink\"><div class=\"rmtext\">[ Read More ]<\/div><\/div><\/a>","protected":false},"author":15,"featured_media":0,"parent":0,"menu_order":0,"comment_status":"closed","ping_status":"closed","template":"","meta":[],"_links":{"self":[{"href":"https:\/\/llefia.org\/santjordi\/wp-json\/wp\/v2\/pages\/471"}],"collection":[{"href":"https:\/\/llefia.org\/santjordi\/wp-json\/wp\/v2\/pages"}],"about":[{"href":"https:\/\/llefia.org\/santjordi\/wp-json\/wp\/v2\/types\/page"}],"author":[{"embeddable":true,"href":"https:\/\/llefia.org\/santjordi\/wp-json\/wp\/v2\/users\/15"}],"replies":[{"embeddable":true,"href":"https:\/\/llefia.org\/santjordi\/wp-json\/wp\/v2\/comments?post=471"}],"version-history":[{"count":1,"href":"https:\/\/llefia.org\/santjordi\/wp-json\/wp\/v2\/pages\/471\/revisions"}],"predecessor-version":[{"id":472,"href":"https:\/\/llefia.org\/santjordi\/wp-json\/wp\/v2\/pages\/471\/revisions\/472"}],"wp:attachment":[{"href":"https:\/\/llefia.org\/santjordi\/wp-json\/wp\/v2\/media?parent=471"}],"curies":[{"name":"wp","href":"https:\/\/api.w.org\/{rel}","templated":true}]}}