{"id":475,"date":"2025-04-23T00:45:49","date_gmt":"2025-04-22T22:45:49","guid":{"rendered":"https:\/\/llefia.org\/santjordi\/?page_id=475"},"modified":"2025-04-23T00:45:49","modified_gmt":"2025-04-22T22:45:49","slug":"el-drac-de-terril-lultima-oportunitat","status":"publish","type":"page","link":"https:\/\/llefia.org\/santjordi\/el-drac-de-terril-lultima-oportunitat\/","title":{"rendered":"El Drac de Terril: L&#8217;\u00faltima oportunitat"},"content":{"rendered":"\n<p>En les seves muntanyes de Terril, es va con\u00e8ixer: Silvia, Alexia, Alex&#8230; Ells vivien a Sevilla i es van anar coneixent durant mesos. Dos mesos m\u00e9s tard, van perdre 2 milions d&#8217;euros. Es van adonar que el drac els va robar els diners mentre dormien la nit del 3 de mar\u00e7. El 3 de maig del 2025, es van reunir i van decidir anar a investigar la muntanya de Terril. Van arribar a les 21:00 de la nit i es van trobar amb el drac agafant un tresor. Sigil\u00b7losament van comen\u00e7ar a perseguir-lo, per\u00f2 el drac els va atrapar i va comen\u00e7ar a atacar-los.<\/p>\n\n\n\n<p>&#8220;Vosaltres qu\u00e8 feu aqu\u00ed? Qu\u00e8 voleu?&#8221; va cridar el drac, mentre l&#8217;aire al voltant seu tremolava de la seva ira.<br>&#8220;Volem els nostres 2 milions d&#8217;euros&#8221;, va respondre l&#8217;Alex amb amb calma. &#8220;Sabem que vas robar-los aquella nit&#8221;. El drac va riure amb for\u00e7a, creient que no podrien guanyar. Per\u00f2 Silvia va fer un pas endavant i va desafiar-lo.<br>&#8220;Ens els tornar\u00e0s, o ho lamentar\u00e0s.&#8221; El drac, tot d&#8217;una, va quedar desconcertat, &#8220;aquest tresor \u00e9s m\u00e9s valu\u00f3s del que creieu&#8230;&#8221;<\/p>\n\n\n\n<p>De sobte, el temps es va aturar i una llum intensa va inundar la cova.&#8221; Temps Fugit&#8221;, va murmurar el drac. Sense perdre el temps, Alex va llan\u00e7ar una pedra per distreure&#8217;l. Van agafar els diners i van escapar de la cova, deixant el drac ven\u00e7ut.<\/p>\n\n\n\n<p>Pseud\u00f2nim: Hugo &#8220;el Fulanito&#8221;. (categoria juvenil)<\/p>\n","protected":false},"excerpt":{"rendered":"<p>En les seves muntanyes de Terril, es va con\u00e8ixer: Silvia, Alexia, Alex&#8230; Ells vivien a Sevilla i es van anar coneixent durant mesos. Dos mesos m\u00e9s tard, van perdre 2 milions d&#8217;euros. Es van adonar que el drac els va robar els diners mentre dormien la nit del 3 de mar\u00e7. El 3 de maig del 2025, es van reunir i van decidir anar a investigar la muntanya de Terril.<\/p>\n<a href=\"https:\/\/llefia.org\/santjordi\/el-drac-de-terril-lultima-oportunitat\/\"> <div class=\"readmorelink\"><div class=\"rmtext\">[ Read More ]<\/div><\/div><\/a>","protected":false},"author":15,"featured_media":0,"parent":0,"menu_order":0,"comment_status":"closed","ping_status":"closed","template":"","meta":[],"_links":{"self":[{"href":"https:\/\/llefia.org\/santjordi\/wp-json\/wp\/v2\/pages\/475"}],"collection":[{"href":"https:\/\/llefia.org\/santjordi\/wp-json\/wp\/v2\/pages"}],"about":[{"href":"https:\/\/llefia.org\/santjordi\/wp-json\/wp\/v2\/types\/page"}],"author":[{"embeddable":true,"href":"https:\/\/llefia.org\/santjordi\/wp-json\/wp\/v2\/users\/15"}],"replies":[{"embeddable":true,"href":"https:\/\/llefia.org\/santjordi\/wp-json\/wp\/v2\/comments?post=475"}],"version-history":[{"count":1,"href":"https:\/\/llefia.org\/santjordi\/wp-json\/wp\/v2\/pages\/475\/revisions"}],"predecessor-version":[{"id":476,"href":"https:\/\/llefia.org\/santjordi\/wp-json\/wp\/v2\/pages\/475\/revisions\/476"}],"wp:attachment":[{"href":"https:\/\/llefia.org\/santjordi\/wp-json\/wp\/v2\/media?parent=475"}],"curies":[{"name":"wp","href":"https:\/\/api.w.org\/{rel}","templated":true}]}}