{"id":477,"date":"2025-04-23T00:48:03","date_gmt":"2025-04-22T22:48:03","guid":{"rendered":"https:\/\/llefia.org\/santjordi\/?page_id=477"},"modified":"2025-04-23T00:48:03","modified_gmt":"2025-04-22T22:48:03","slug":"els-tres-desitjos","status":"publish","type":"page","link":"https:\/\/llefia.org\/santjordi\/els-tres-desitjos\/","title":{"rendered":"ELS TRES DESITJOS"},"content":{"rendered":"\n<p>Vet aqu\u00ed una vegada un follet pobre que vivia en una caseta al bosc amb la seva dona. Un dia, mentre tallava llenya, va trobar un home. Era un llenyataire.<br>El follet anava a talar l&#8217;arbre que estava al costat de casa del llenyataire. Ell li va demanar que no ho fes. En agra\u00efment, li va concedir tres desitjos.<br>El follet, tot emocionat, va c\u00f3rrer cap a casa seva per explicar-ho a la seva dona.<br>\u2014Mira, Maria! Aquest mat\u00ed al bosc he trobat un llenyataire, que m\u2019ha demanat que no tal\u00e9s l&#8217;arbre que estava al costat de casa seva. A canvi, ens ha concedit tres desitjos. Ara podrem viure millor.<br>\u2014Doncs cal pensar-ho b\u00e9 \u2014va respondre ella.<br>Per celebrar-ho, van seure davant la llar de foc i van comen\u00e7ar a menjar l\u2019escudella que ella havia preparat amb les coses que tenien. Ella va dir:<br>\u2014Ai, ara mateix em menjaria uns macarrons amb tom\u00e0quet.<br>I de sobte\u2026 Paf! Uns macarrons amb tom\u00e0quet van apar\u00e8ixer davant seu.<br>El follet enfurismat va cridar:<br>\u2014Maria! Qu\u00e8 has fet? Has malgastat un desig per uns simples macarrons! Llavors ella els va guardar a la nevera. No parava de pensar qu\u00e8 podia fer amb aquell menjar.<br>L\u2019endem\u00e0 va tenir una idea. Havia provat els macarrons, eren bon\u00edssims. Amb aquells macarrons podria obrir un restaurant. Qu\u00e8 necessitava? Cuiners, taules, estovalles, plats, olles, paelles, coberts\u2026<br>I paf! Va apar\u00e8ixer un restaurant molt gran i molt bonic. Faltava el tercer desig. Els dos follets van comen\u00e7ar a pensar i van decidir demanar aliments fins a l\u2019infinit per ajudar les persones pobres.<br>El follet i la Maria van decidir posar a aquest restaurant el nom ELS TRES DESITJOS.<br>Aquesta hist\u00f2ria ens vol fer pensar que hem de compartir i ajudar les persones.<br>I aquest conte s\u2019ha acabat.<\/p>\n\n\n\n<p>Bisma Kausar Malik (categoria infantil)<\/p>\n","protected":false},"excerpt":{"rendered":"<p>Vet aqu\u00ed una vegada un follet pobre que vivia en una caseta al bosc amb la seva dona. Un dia, mentre tallava llenya, va trobar un home. Era un llenyataire.El follet anava a talar l&#8217;arbre que estava al costat de casa del llenyataire. Ell li va demanar que no ho fes. En agra\u00efment, li va concedir tres desitjos.El follet, tot emocionat, va c\u00f3rrer cap a casa seva per explicar-ho a<\/p>\n<a href=\"https:\/\/llefia.org\/santjordi\/els-tres-desitjos\/\"> <div class=\"readmorelink\"><div class=\"rmtext\">[ Read More ]<\/div><\/div><\/a>","protected":false},"author":15,"featured_media":0,"parent":0,"menu_order":0,"comment_status":"closed","ping_status":"closed","template":"","meta":[],"_links":{"self":[{"href":"https:\/\/llefia.org\/santjordi\/wp-json\/wp\/v2\/pages\/477"}],"collection":[{"href":"https:\/\/llefia.org\/santjordi\/wp-json\/wp\/v2\/pages"}],"about":[{"href":"https:\/\/llefia.org\/santjordi\/wp-json\/wp\/v2\/types\/page"}],"author":[{"embeddable":true,"href":"https:\/\/llefia.org\/santjordi\/wp-json\/wp\/v2\/users\/15"}],"replies":[{"embeddable":true,"href":"https:\/\/llefia.org\/santjordi\/wp-json\/wp\/v2\/comments?post=477"}],"version-history":[{"count":1,"href":"https:\/\/llefia.org\/santjordi\/wp-json\/wp\/v2\/pages\/477\/revisions"}],"predecessor-version":[{"id":478,"href":"https:\/\/llefia.org\/santjordi\/wp-json\/wp\/v2\/pages\/477\/revisions\/478"}],"wp:attachment":[{"href":"https:\/\/llefia.org\/santjordi\/wp-json\/wp\/v2\/media?parent=477"}],"curies":[{"name":"wp","href":"https:\/\/api.w.org\/{rel}","templated":true}]}}