{"id":479,"date":"2025-04-23T00:49:00","date_gmt":"2025-04-22T22:49:00","guid":{"rendered":"https:\/\/llefia.org\/santjordi\/?page_id=479"},"modified":"2025-04-23T00:49:01","modified_gmt":"2025-04-22T22:49:01","slug":"un-dia-cualquiera","status":"publish","type":"page","link":"https:\/\/llefia.org\/santjordi\/un-dia-cualquiera\/","title":{"rendered":"Un d\u00eda cualquiera"},"content":{"rendered":"\n<p>Son las 19:00 horas de un d\u00eda cualquiera: me pongo la ropa deportiva para salir a correr, como de costumbre. Quiero dejar atr\u00e1s, al menos por un momento, mis preocupaciones y quebraderos de cabeza. Desentumecer los m\u00fasculos del cuerpo y del alma, tras un anodino y estresante d\u00eda de trabajo.<\/p>\n\n\n\n<p>Me coloco los auriculares y salgo a la calle. Empiezo a correr, sonr\u00edo. La brisa c\u00e1lida me acaricia la cara; me lleno de energ\u00eda con cada zancada. \u00a1Me siento tan bien! Pero, de repente, me doy cuenta de que estoy entrando en un armario cuyas puertas entreabiertas me invitan a pasar. Estoy dentro\u2026 Atravieso ropa ordenada y cuidadosamente colgada, con un embriagador olor: a limpio, a sol, a agua clara, y al mimo de quien cuida sus vestimentas.<\/p>\n\n\n\n<p>Voy avanzando, me dejo llevar, como si conociera este lugar. Llego a una habitaci\u00f3n que parece de otra \u00e9poca. En ella, encuentro cortinas de color burdeos, muy tupidas, pero que dejan pasar la luz del sol; un sill\u00f3n con tapizado de flores y unos libros entreabiertos encima; al lado, una l\u00e1mpara de pie con una gran pantalla de tela con flecos. Es, sin duda, un lugar ideal para entregarse a la lectura. Una estancia acogedora, extra\u00f1a, pero que a la vez invita a quedarse. Me dejo llevar, avanzo, sigo explorando este lugar.<\/p>\n\n\n\n<p>De pronto, mi olfato percibe un perfume infantil. A lo lejos, oigo unas risas de ni\u00f1os, parece que est\u00e1n jugando. Entre tanto est\u00edmulo, me pregunto: \u00bfQu\u00e9 hago yo aqu\u00ed? Me doy cuenta de que debo irme, pero con cuidado: si me ven, podr\u00eda asustar a los residentes de esta casa. Tengo que encontrar la salida, volver a ver la ropa cuidadosamente colgada en la balda. Veo una luz que entra por una puerta entreabierta, me dejo guiar por esa faro en la oscuridad. De pronto, estoy de nuevo en el parque de siempre, con otros runners que, sudorosos, siguen su rumbo, ensimismados en sus propios pensamientos.<\/p>\n\n\n\n<p>Sigo corriendo, mis piernas no me dejan parar. \u00bfTal vez estoy huyendo? Pero \u00bfde qu\u00e9 o de qui\u00e9n? Empiezo a pensar en lo bien que se estaba en el lugar del que acabo de venir, ese peque\u00f1o universo, desconocido, pero a la vez familiar. Una realidad que no es m\u00e1s que esos recuerdos que se han quedado arrinconados en un armario de mi cerebro y que quieren aflorar al exterior, quieren llamar mi atenci\u00f3n. Tal vez dej\u00e9 pasar tantos momentos bonitos, \u00edntimos, irrepetibles\u2026 De alguna manera, algo en mi interior quiere recuperar esos preciosos instantes y escapar de los anodinos d\u00edas.<\/p>\n\n\n\n<p>Y es que no solo corro f\u00edsicamente, tambi\u00e9n mentalmente. De una acci\u00f3n a otra, de un pensamiento a otro. Una vida ajetreada que, cuando me deja hueco para escucharme, me recuerda que quiero detenerme, ensimismarme en los rayos de sol que atraviesan mi ventana, hojear sin prisa un libro que dej\u00e9 entreabierto hace tiempo. En definitiva, volver a disfrutar de lo que me hace feliz. Al fin y al cabo, estamos hechos de retazos de vida.<\/p>\n\n\n\n<p>S\u00ed, ma\u00f1ana volver\u00e9. Recuperar\u00e9 esos universos arrinconados en el interior de mi mente e intentar\u00e9 conectar con lo que me est\u00e1n urgiendo: pausa, consciencia y presencia. Antes de que sea demasiado tarde, quiero adentrarme de nuevo en mi aut\u00e9ntico mundo. El mundo donde el tiempo se detiene, donde correr ya no tiene sentido.<\/p>\n\n\n\n<p>Manoli Guti\u00e9rrez Torres (categoria adults)<\/p>\n","protected":false},"excerpt":{"rendered":"<p>Son las 19:00 horas de un d\u00eda cualquiera: me pongo la ropa deportiva para salir a correr, como de costumbre. Quiero dejar atr\u00e1s, al menos por un momento, mis preocupaciones y quebraderos de cabeza. Desentumecer los m\u00fasculos del cuerpo y del alma, tras un anodino y estresante d\u00eda de trabajo. Me coloco los auriculares y salgo a la calle. Empiezo a correr, sonr\u00edo. La brisa c\u00e1lida me acaricia la cara;<\/p>\n<a href=\"https:\/\/llefia.org\/santjordi\/un-dia-cualquiera\/\"> <div class=\"readmorelink\"><div class=\"rmtext\">[ Read More ]<\/div><\/div><\/a>","protected":false},"author":15,"featured_media":0,"parent":0,"menu_order":0,"comment_status":"closed","ping_status":"closed","template":"","meta":[],"_links":{"self":[{"href":"https:\/\/llefia.org\/santjordi\/wp-json\/wp\/v2\/pages\/479"}],"collection":[{"href":"https:\/\/llefia.org\/santjordi\/wp-json\/wp\/v2\/pages"}],"about":[{"href":"https:\/\/llefia.org\/santjordi\/wp-json\/wp\/v2\/types\/page"}],"author":[{"embeddable":true,"href":"https:\/\/llefia.org\/santjordi\/wp-json\/wp\/v2\/users\/15"}],"replies":[{"embeddable":true,"href":"https:\/\/llefia.org\/santjordi\/wp-json\/wp\/v2\/comments?post=479"}],"version-history":[{"count":1,"href":"https:\/\/llefia.org\/santjordi\/wp-json\/wp\/v2\/pages\/479\/revisions"}],"predecessor-version":[{"id":480,"href":"https:\/\/llefia.org\/santjordi\/wp-json\/wp\/v2\/pages\/479\/revisions\/480"}],"wp:attachment":[{"href":"https:\/\/llefia.org\/santjordi\/wp-json\/wp\/v2\/media?parent=479"}],"curies":[{"name":"wp","href":"https:\/\/api.w.org\/{rel}","templated":true}]}}