{"id":483,"date":"2025-04-23T00:51:51","date_gmt":"2025-04-22T22:51:51","guid":{"rendered":"https:\/\/llefia.org\/santjordi\/?page_id=483"},"modified":"2025-04-23T00:51:52","modified_gmt":"2025-04-22T22:51:52","slug":"el-bosc-encantat","status":"publish","type":"page","link":"https:\/\/llefia.org\/santjordi\/el-bosc-encantat\/","title":{"rendered":"El bosc encantat"},"content":{"rendered":"\n<p>Lluny de la ciutat hi havia un bosc encantat molt fosc, gran i que no es veia a causa de la boira. Ning\u00fa s\u2019atrevia a anar a aquell lloc tan esgarrif\u00f3s, per\u00f2 en Marc, l\u2019Ismael i l\u2019Ian es van<br>proposar anar-hi per veure com era i que hi havia.<\/p>\n\n\n\n<p>Tot comen\u00e7\u00e0 a casa del Marc.<br>-Us heu assabentat? -va dir en Marc, mentre mirava la not\u00edcia en el m\u00f2bil.<br>-De qu\u00e8? -van dir alhora l\u2019Ian i l\u2019Ismael<br>-Ha sortit a les not\u00edcies, diuen que ha desaparegut un noi en aquell bosc on no hi va ning\u00fa -va respondre en Marc.<br>-I si hi anem? &#8211; va proposar l\u2019Ian interessat per aquell misteri\u00f3s bosc.<br>-Jo no estic molt segur d\u2019anar all\u00e0, \u00e9s una mica perill\u00f3s -va dir l\u2019Ismael<br>-A veure, si vosaltres voleu\u2026 L\u2019\u00fanic que haur\u00edem d\u2019anar a comprar les coses necess\u00e0ries per entrar.- va dir en Marc una mica conf\u00f3s.<\/p>\n\n\n\n<p>Van anar tots tres junts a la botiga a comprar llanternes, menjar, aigua i les coses necess\u00e0ries per poder sobreviure uns quants dies all\u00e0. Quan van tenir-ho tot van tornar a casa a preparar-se la motxilla i a descansar per al dia seg\u00fcent estar forts.<\/p>\n\n\n\n<p>Van arribar i es van quedar bocabadats. Al Marc el van trucar els seus pares, per\u00f2 ell no els va agafar el m\u00f2bil perqu\u00e8 estava observant el bosc. Van entrar una mica insegurs i amb el cor accelerat. Es van ficar m\u00e9s endins, quan de sobte van veure una llum a la llunyania.<br>-Qu\u00e8 \u00e9s aquella llum del fons tan brillant? &#8211; va preguntar el Marc molt estranyat.<br>-Potser \u00e9s el nen que es va perdre i t\u00e9 la llanterna encesa per si el veuen que el rescatin. &#8211; va comentar l\u2019Ismael.<br>-Llavors anem cap all\u00e0 &#8211; va dir l\u2019Ian.<\/p>\n\n\n\n<p>Van passar cinc minuts i encara no havien arribat per\u00f2 van sentir un soroll. Es van espantar quan de cop i volta va apar\u00e8ixer un noi. Era el noi que es va perdre! Es deia Kendall, es va fer amic dels tres nois i van continuant anant cap a la llum misteriosa del fons. Quan van arribar, tots quatre es van estranyar. No era una llum, sin\u00f3 una porta molt gran de la qual no es sabia on portava all\u00f2.<br>-I si l\u2019obrim?- va dir el kendall<br>-No estic gaire segur -va dir en Marc<br>-B\u00e9, ja que em arribat podem obrir-la &#8211; va dir l\u2019Ian.<br>La van obrir i van entrar com a un m\u00f3n diferent com si es tract\u00e9s d\u2019un m\u00f3n m\u00e0gic. Es van quedar un temps per investigar aquell m\u00f3n tan estrany.<\/p>\n\n\n\n<p>Els pares dels tres nois es van desesperar pensant que aquests tamb\u00e9 s\u2019havien perdut pel bosc, per\u00f2 un temps m\u00e9s tard van apar\u00e8ixer els quatre nois, sans i salvis, impacientats per tornar a anar-hi per descobrir tot el planeta.<\/p>\n\n\n\n<p>Marc Rivero Cerezo (categoria infantil)<\/p>\n","protected":false},"excerpt":{"rendered":"<p>Lluny de la ciutat hi havia un bosc encantat molt fosc, gran i que no es veia a causa de la boira. Ning\u00fa s\u2019atrevia a anar a aquell lloc tan esgarrif\u00f3s, per\u00f2 en Marc, l\u2019Ismael i l\u2019Ian es vanproposar anar-hi per veure com era i que hi havia. Tot comen\u00e7\u00e0 a casa del Marc.-Us heu assabentat? -va dir en Marc, mentre mirava la not\u00edcia en el m\u00f2bil.-De qu\u00e8? -van dir<\/p>\n<a href=\"https:\/\/llefia.org\/santjordi\/el-bosc-encantat\/\"> <div class=\"readmorelink\"><div class=\"rmtext\">[ Read More ]<\/div><\/div><\/a>","protected":false},"author":15,"featured_media":0,"parent":0,"menu_order":0,"comment_status":"closed","ping_status":"closed","template":"","meta":[],"_links":{"self":[{"href":"https:\/\/llefia.org\/santjordi\/wp-json\/wp\/v2\/pages\/483"}],"collection":[{"href":"https:\/\/llefia.org\/santjordi\/wp-json\/wp\/v2\/pages"}],"about":[{"href":"https:\/\/llefia.org\/santjordi\/wp-json\/wp\/v2\/types\/page"}],"author":[{"embeddable":true,"href":"https:\/\/llefia.org\/santjordi\/wp-json\/wp\/v2\/users\/15"}],"replies":[{"embeddable":true,"href":"https:\/\/llefia.org\/santjordi\/wp-json\/wp\/v2\/comments?post=483"}],"version-history":[{"count":1,"href":"https:\/\/llefia.org\/santjordi\/wp-json\/wp\/v2\/pages\/483\/revisions"}],"predecessor-version":[{"id":484,"href":"https:\/\/llefia.org\/santjordi\/wp-json\/wp\/v2\/pages\/483\/revisions\/484"}],"wp:attachment":[{"href":"https:\/\/llefia.org\/santjordi\/wp-json\/wp\/v2\/media?parent=483"}],"curies":[{"name":"wp","href":"https:\/\/api.w.org\/{rel}","templated":true}]}}