{"id":485,"date":"2025-04-23T00:53:00","date_gmt":"2025-04-22T22:53:00","guid":{"rendered":"https:\/\/llefia.org\/santjordi\/?page_id=485"},"modified":"2025-04-23T00:53:00","modified_gmt":"2025-04-22T22:53:00","slug":"un-estiu-al-camping","status":"publish","type":"page","link":"https:\/\/llefia.org\/santjordi\/un-estiu-al-camping\/","title":{"rendered":"Un estiu al c\u00e0mping"},"content":{"rendered":"\n<p>La Noa, una nena de dotze anys, sempre passa l\u2019estiu a un c\u00e0mping a Blanes que es diu \u201cCaravaning Internacional Costa Brava\u201d. Blanes \u00e9s una ciutat de platja i \u00e9s molt gran: t\u00e9 parcel\u00b7les, dues piscines, una pels grans i una altra pels nens petits, un bar, dos parcs, pistes de futbol, voleibol, tenis i p\u00e0del, i tamb\u00e9 t\u00e9 un local social que serveix per celebrar totes les festes, com Carnaval, Halloween\u2026 Definitivament, \u00e9s un lloc molt divertit i per aix\u00f2, la Noa sempre que pot vol marxar al c\u00e0mping per poder estar amb els seus amics i gaudir d\u2019uns dies de calma i desconnexi\u00f3.<\/p>\n\n\n\n<p>L\u2019estiu passat, la Noa i la seva colla d\u2019amics van passar els mesos de juliol i agost al c\u00e0mping. Van ser uns dies inoblidables en els quals van fer molts plans: anar a la bolera, a Port aventura que aix\u00f2 est\u00e0 molt lluny de Blanes, a molts parcs aqu\u00e0tics, a les platges m\u00e9s properes d\u2019all\u00e0, a les cales per llen\u00e7ar-se de les roques, i, tamb\u00e9, donaven voltes nocturnes pel c\u00e0mping, xerrant i jugant tots plegats. Tot anava genial fins que un dia se\u2019n va anar un amic de la colla, el Marco. Ell llogava la parcel\u00b7la i va haver de marxar a finals d\u2019estiu, una mica abans que la resta. Encara que la colla continuava gaudint de les vacances, trobaven a faltar al seu amic perqu\u00e8 s\u2019ho passaven molt millor quan estaven tots junts. El trobaven a faltar quan anaven a la platja, durant les nits que sortien a fer voltes pel c\u00e0mping, quan anaven a menjar fora, tamb\u00e9 en els parcs aqu\u00e0tics, i, sobretot, quan jugaven a voleibol a les tardes, despr\u00e9s d&#8217;anar a la piscina. La veritat \u00e9s que s\u2019ho continuaven passant genial, per\u00f2 sentien que els hi faltava alg\u00fa. Per aix\u00f2, tota la colla va decidir invitar-lo a passar uns dies a les seves parcel\u00b7les, perqu\u00e8 estigu\u00e9s m\u00e9s temps amb ells al c\u00e0mping abans que s&#8217;acab\u00e9s l\u2019estiu.<\/p>\n\n\n\n<p>Encara que ning\u00fa volia que l\u2019estiu s&#8217;acab\u00e9s, el setembre va arribar i cada membre de la colla va haver de marxar del c\u00e0mping per tornar a casa seva. Tots estaven una mica tristos i enfadats perqu\u00e8 ja no podrien veure\u2019s cada dia. Haurien de tornar a l\u2019escola, retrobar-se amb els amics de la ciutat i comen\u00e7ar de nou amb la rutina que tant els avorria\u2026 Tot semblava molt depriment, per\u00f2 es van enrecordar que sempre els hi quedarien els cap de setmana per tornar al lloc on tan bons moments van passar junts: el c\u00e0mping.<\/p>\n\n\n\n<p>Noa Mu\u00f1oz Rosa (categoria infantil)<\/p>\n","protected":false},"excerpt":{"rendered":"<p>La Noa, una nena de dotze anys, sempre passa l\u2019estiu a un c\u00e0mping a Blanes que es diu \u201cCaravaning Internacional Costa Brava\u201d. Blanes \u00e9s una ciutat de platja i \u00e9s molt gran: t\u00e9 parcel\u00b7les, dues piscines, una pels grans i una altra pels nens petits, un bar, dos parcs, pistes de futbol, voleibol, tenis i p\u00e0del, i tamb\u00e9 t\u00e9 un local social que serveix per celebrar totes les festes, com<\/p>\n<a href=\"https:\/\/llefia.org\/santjordi\/un-estiu-al-camping\/\"> <div class=\"readmorelink\"><div class=\"rmtext\">[ Read More ]<\/div><\/div><\/a>","protected":false},"author":15,"featured_media":0,"parent":0,"menu_order":0,"comment_status":"closed","ping_status":"closed","template":"","meta":[],"_links":{"self":[{"href":"https:\/\/llefia.org\/santjordi\/wp-json\/wp\/v2\/pages\/485"}],"collection":[{"href":"https:\/\/llefia.org\/santjordi\/wp-json\/wp\/v2\/pages"}],"about":[{"href":"https:\/\/llefia.org\/santjordi\/wp-json\/wp\/v2\/types\/page"}],"author":[{"embeddable":true,"href":"https:\/\/llefia.org\/santjordi\/wp-json\/wp\/v2\/users\/15"}],"replies":[{"embeddable":true,"href":"https:\/\/llefia.org\/santjordi\/wp-json\/wp\/v2\/comments?post=485"}],"version-history":[{"count":1,"href":"https:\/\/llefia.org\/santjordi\/wp-json\/wp\/v2\/pages\/485\/revisions"}],"predecessor-version":[{"id":486,"href":"https:\/\/llefia.org\/santjordi\/wp-json\/wp\/v2\/pages\/485\/revisions\/486"}],"wp:attachment":[{"href":"https:\/\/llefia.org\/santjordi\/wp-json\/wp\/v2\/media?parent=485"}],"curies":[{"name":"wp","href":"https:\/\/api.w.org\/{rel}","templated":true}]}}