{"id":487,"date":"2025-04-23T00:55:25","date_gmt":"2025-04-22T22:55:25","guid":{"rendered":"https:\/\/llefia.org\/santjordi\/?page_id=487"},"modified":"2025-04-23T00:55:25","modified_gmt":"2025-04-22T22:55:25","slug":"en-un-pequeno-pueblo","status":"publish","type":"page","link":"https:\/\/llefia.org\/santjordi\/en-un-pequeno-pueblo\/","title":{"rendered":"En un peque\u00f1o pueblo&#8230;"},"content":{"rendered":"\n<p>En un peque\u00f1o pueblo, un ni\u00f1o llamado Lucas ten\u00eda un amigo invisible llamado Leo. Juntos jugaban en el parque y compart\u00edan secretos. Un d\u00eda, Leo le dijo que siempre estar\u00eda con \u00e9l, incluso cuando crecieran. Lucas sonri\u00f3, sabiendo que la amistad verdadera nunca se desvanece, aunque no se vea<\/p>\n\n\n\n<p>Marc Romero (categoria juvenil)<\/p>\n","protected":false},"excerpt":{"rendered":"<p>En un peque\u00f1o pueblo, un ni\u00f1o llamado Lucas ten\u00eda un amigo invisible llamado Leo. Juntos jugaban en el parque y compart\u00edan secretos. Un d\u00eda, Leo le dijo que siempre estar\u00eda con \u00e9l, incluso cuando crecieran. Lucas sonri\u00f3, sabiendo que la amistad verdadera nunca se desvanece, aunque no se vea Marc Romero (categoria juvenil)<\/p>\n<a href=\"https:\/\/llefia.org\/santjordi\/en-un-pequeno-pueblo\/\"> <div class=\"readmorelink\"><div class=\"rmtext\">[ Read More ]<\/div><\/div><\/a>","protected":false},"author":15,"featured_media":0,"parent":0,"menu_order":0,"comment_status":"closed","ping_status":"closed","template":"","meta":[],"_links":{"self":[{"href":"https:\/\/llefia.org\/santjordi\/wp-json\/wp\/v2\/pages\/487"}],"collection":[{"href":"https:\/\/llefia.org\/santjordi\/wp-json\/wp\/v2\/pages"}],"about":[{"href":"https:\/\/llefia.org\/santjordi\/wp-json\/wp\/v2\/types\/page"}],"author":[{"embeddable":true,"href":"https:\/\/llefia.org\/santjordi\/wp-json\/wp\/v2\/users\/15"}],"replies":[{"embeddable":true,"href":"https:\/\/llefia.org\/santjordi\/wp-json\/wp\/v2\/comments?post=487"}],"version-history":[{"count":1,"href":"https:\/\/llefia.org\/santjordi\/wp-json\/wp\/v2\/pages\/487\/revisions"}],"predecessor-version":[{"id":488,"href":"https:\/\/llefia.org\/santjordi\/wp-json\/wp\/v2\/pages\/487\/revisions\/488"}],"wp:attachment":[{"href":"https:\/\/llefia.org\/santjordi\/wp-json\/wp\/v2\/media?parent=487"}],"curies":[{"name":"wp","href":"https:\/\/api.w.org\/{rel}","templated":true}]}}