{"id":489,"date":"2025-04-23T00:56:48","date_gmt":"2025-04-22T22:56:48","guid":{"rendered":"https:\/\/llefia.org\/santjordi\/?page_id=489"},"modified":"2025-04-23T00:56:48","modified_gmt":"2025-04-22T22:56:48","slug":"mi-sueno","status":"publish","type":"page","link":"https:\/\/llefia.org\/santjordi\/mi-sueno\/","title":{"rendered":"MI SUE\u00d1O"},"content":{"rendered":"\n<p>Hoy os vengo a hablar de mi sue\u00f1o, desde peque\u00f1o me gusta much\u00edsimo el futbol, comenc\u00e9 en un equipo de barrio, el Llefia, a los 12 a\u00f1os me fui a la Monta\u00f1esa y este a\u00f1o he vuelto a la Llefia, donde fui feliz, donde marcaba tantos goles y donde disfrutaba m\u00e1s del futbol, mi sue\u00f1o es llegar a ser jugador profesional, si no se da el caso me gustar\u00eda dedicarme a algo relacionado con el deporte, ya que me encanta mucho verlo y jugarlo<\/p>\n\n\n\n<p>Iker Reinoso (categoria juvenil)<\/p>\n","protected":false},"excerpt":{"rendered":"<p>Hoy os vengo a hablar de mi sue\u00f1o, desde peque\u00f1o me gusta much\u00edsimo el futbol, comenc\u00e9 en un equipo de barrio, el Llefia, a los 12 a\u00f1os me fui a la Monta\u00f1esa y este a\u00f1o he vuelto a la Llefia, donde fui feliz, donde marcaba tantos goles y donde disfrutaba m\u00e1s del futbol, mi sue\u00f1o es llegar a ser jugador profesional, si no se da el caso me gustar\u00eda dedicarme<\/p>\n<a href=\"https:\/\/llefia.org\/santjordi\/mi-sueno\/\"> <div class=\"readmorelink\"><div class=\"rmtext\">[ Read More ]<\/div><\/div><\/a>","protected":false},"author":15,"featured_media":0,"parent":0,"menu_order":0,"comment_status":"closed","ping_status":"closed","template":"","meta":[],"_links":{"self":[{"href":"https:\/\/llefia.org\/santjordi\/wp-json\/wp\/v2\/pages\/489"}],"collection":[{"href":"https:\/\/llefia.org\/santjordi\/wp-json\/wp\/v2\/pages"}],"about":[{"href":"https:\/\/llefia.org\/santjordi\/wp-json\/wp\/v2\/types\/page"}],"author":[{"embeddable":true,"href":"https:\/\/llefia.org\/santjordi\/wp-json\/wp\/v2\/users\/15"}],"replies":[{"embeddable":true,"href":"https:\/\/llefia.org\/santjordi\/wp-json\/wp\/v2\/comments?post=489"}],"version-history":[{"count":1,"href":"https:\/\/llefia.org\/santjordi\/wp-json\/wp\/v2\/pages\/489\/revisions"}],"predecessor-version":[{"id":490,"href":"https:\/\/llefia.org\/santjordi\/wp-json\/wp\/v2\/pages\/489\/revisions\/490"}],"wp:attachment":[{"href":"https:\/\/llefia.org\/santjordi\/wp-json\/wp\/v2\/media?parent=489"}],"curies":[{"name":"wp","href":"https:\/\/api.w.org\/{rel}","templated":true}]}}