{"id":491,"date":"2025-04-23T00:58:17","date_gmt":"2025-04-22T22:58:17","guid":{"rendered":"https:\/\/llefia.org\/santjordi\/?page_id=491"},"modified":"2025-04-23T00:58:18","modified_gmt":"2025-04-22T22:58:18","slug":"pluja-por-i-estrelles","status":"publish","type":"page","link":"https:\/\/llefia.org\/santjordi\/pluja-por-i-estrelles\/","title":{"rendered":"Pluja, por i estrelles"},"content":{"rendered":"\n<p>Hi havia una vegada, un monstre de color blau que es deia Larry. Era petit\u00f3 i tenia por de gaireb\u00e9 tot. Un dia, va sortir de casa i va comen\u00e7ar a ploure molt i es va mullar. Des d\u2019aquell moment li tenia por a sortir de casa.<\/p>\n\n\n\n<p>El seu amic, Nico, que tamb\u00e9 era un monstre, per\u00f2 de color vermell i molt m\u00e9s gran, estava preocupat per en Larry. Feia molt de temps que no el veia. Un dia es va decidir a anar a visitar-lo per veure si estava b\u00e9.<br>-Bon dia, amic!! -Va exclamar en Nico.<br>-Bon dia -va somriure en Larry.<br>-Qu\u00e8 t\u2019ha passat, Larry? Fa mesos que no ens veiem -va dir en Nico somrient.<br>-\u00c9s que em va passar una cosa molt dolenta! Em vaig mullar i tinc por de mullar-me una altra vegada\u2026<\/p>\n\n\n\n<p>En Nico va estar hores intentant que en Larry sort\u00eds, per\u00f2 no hi havia manera. Van passar els mesos, per\u00f2 en Larry encara no tenia el coratge suficient per sortir.<br>No va ser fins una freda nit d\u2019hivern que en Nico ja va tenir prou. Va anar a casa del seu amic i va trucar a la porta. En Larry va obrir la porta.<br>-Bona nit! -Va exclamar en Larry.<br>-Segueix-me -va dir en Nico directament, sense tornar la salutaci\u00f3.<br>-Em temo que no podr\u00e9, amic meu; em fa por mullar-me de nou.<br>En Nico va obligar a en Larry a sortir per la for\u00e7a i en Larry va intentar escapar, per\u00f2 no va poder.<br>-Ei, obre els ulls -va dir en Nico quan ja es trobaven lluny de la casa d\u2019en Larry.<br>En Larry va obrir a poc a poc els ulls i va veure el cel nocturn. Hi havia milers i milers d\u2019estrelles. Va sentir com el vent li tocava a la cara i com els grills cantaven.<br>-\u00c9s aix\u00f2 tot el que m\u2019he perdut?<br>En Nico va fer que s\u00ed amb el cap, per\u00f2 no va dir res. Es va quedar observant el cel amb el seu amic.<\/p>\n\n\n\n<p>En Larry a la fi es va adonar de tot el que s\u2019estava perdent per culpa de la por, i que un dia<br>plogui no significa que tots els dies hagi de ploure.<\/p>\n\n\n\n<p>Daniela Molina (categoria juvenil)<\/p>\n","protected":false},"excerpt":{"rendered":"<p>Hi havia una vegada, un monstre de color blau que es deia Larry. Era petit\u00f3 i tenia por de gaireb\u00e9 tot. Un dia, va sortir de casa i va comen\u00e7ar a ploure molt i es va mullar. Des d\u2019aquell moment li tenia por a sortir de casa. El seu amic, Nico, que tamb\u00e9 era un monstre, per\u00f2 de color vermell i molt m\u00e9s gran, estava preocupat per en Larry. Feia<\/p>\n<a href=\"https:\/\/llefia.org\/santjordi\/pluja-por-i-estrelles\/\"> <div class=\"readmorelink\"><div class=\"rmtext\">[ Read More ]<\/div><\/div><\/a>","protected":false},"author":15,"featured_media":0,"parent":0,"menu_order":0,"comment_status":"closed","ping_status":"closed","template":"","meta":[],"_links":{"self":[{"href":"https:\/\/llefia.org\/santjordi\/wp-json\/wp\/v2\/pages\/491"}],"collection":[{"href":"https:\/\/llefia.org\/santjordi\/wp-json\/wp\/v2\/pages"}],"about":[{"href":"https:\/\/llefia.org\/santjordi\/wp-json\/wp\/v2\/types\/page"}],"author":[{"embeddable":true,"href":"https:\/\/llefia.org\/santjordi\/wp-json\/wp\/v2\/users\/15"}],"replies":[{"embeddable":true,"href":"https:\/\/llefia.org\/santjordi\/wp-json\/wp\/v2\/comments?post=491"}],"version-history":[{"count":1,"href":"https:\/\/llefia.org\/santjordi\/wp-json\/wp\/v2\/pages\/491\/revisions"}],"predecessor-version":[{"id":492,"href":"https:\/\/llefia.org\/santjordi\/wp-json\/wp\/v2\/pages\/491\/revisions\/492"}],"wp:attachment":[{"href":"https:\/\/llefia.org\/santjordi\/wp-json\/wp\/v2\/media?parent=491"}],"curies":[{"name":"wp","href":"https:\/\/api.w.org\/{rel}","templated":true}]}}