{"id":499,"date":"2025-04-23T01:03:45","date_gmt":"2025-04-22T23:03:45","guid":{"rendered":"https:\/\/llefia.org\/santjordi\/?page_id=499"},"modified":"2025-04-23T01:03:46","modified_gmt":"2025-04-22T23:03:46","slug":"alba-y-su-ciudad","status":"publish","type":"page","link":"https:\/\/llefia.org\/santjordi\/alba-y-su-ciudad\/","title":{"rendered":"ALBA Y SU CIUDAD"},"content":{"rendered":"\n<p>Hab\u00eda una vez una ni\u00f1a que se llamaba Alba y que ten\u00eda 9 a\u00f1os, viv\u00eda en una ciudad muy peque\u00f1a ya que med\u00eda a penas un kil\u00f3metro cuadrado.<br>Su familia y amigos que siempre le ven\u00edan a visitar les explicaban todas las comodidades que tenia vivir en ciudades grandes y a Alba siempre le causaba much\u00edsima envidia, ya que ella ten\u00eda una casa peque\u00f1a y se sent\u00eda muy apretada y estresada.<br>Cuando la gente venia a visitarla se marchaban de inmediato a causa del agobio que sufr\u00edan en esta ciudad tan peque\u00f1a y se burlaban de que sus ciudades eran mejores que la suya. Cuando esto ocurr\u00eda Alba se sent\u00eda triste ya que esto supon\u00eda dejar de tener amigos.<br>Alba siempre le hab\u00eda replicado una y otra vez a sus padres que se mudaran a otra ciudad m\u00e1s acogedora y grande pero sus padres cre\u00edan que era mejor vivir en una ciudad peque\u00f1a.<br>La ciudad era tan peque\u00f1a que solo ten\u00edan un supermercado en el que casi nunca hab\u00eda comida porque en las casas hab\u00eda mucha gente y su familia casi siempre llegaban tarde para obtener alimentos.<br>Pas\u00f3 un a\u00f1o y lleg\u00f3 el momento en el que Alba se hart\u00f3 de su ciudad que tanto odiaba y fue un rato a meditar al bosque, a las afueras de la ciudad.<br>Despu\u00e9s de pasar un buen rato adentr\u00e1ndose en el bosque vio una peque\u00f1a caba\u00f1a hecha de madera, se acerc\u00f3 un poco a la caba\u00f1a y de repente un ogro sali\u00f3 de la nada, Alba aterrorizada, arranc\u00f3 a correr para explicar en casa lo que hab\u00eda visto, pero cuando les explic\u00f3 eso a sus padres de inmediato comenzaron a re\u00edr, pero a ella no le importaba y decidi\u00f3 ense\u00f1arles el ogro que se encontr\u00f3 al lado de la caba\u00f1a, pero cuando llegaron a la zona por donde se encontraba la caba\u00f1a no vieron absolutamente nada, sus padres de nuevo comenzaron a re\u00edr y se fueron caminando para casa a carcajadas.<br>Ya que no estaba el ogro Alba pens\u00f3 que seria buena idea entrar a la caba\u00f1a del bosque, cuando entr\u00f3 se top\u00f3 con un ser extra\u00f1o, asustada le pregunt\u00f3 que qu\u00e9 era, ella le respondi\u00f3 con voz de anciana: una bruja,<br>pero no me tengas miedo, yo no como ni\u00f1os ni nada de eso, Alba un poco desconfiada le pregunt\u00f3: \u00bftienes alg\u00fan hechizo que haga las ciudades m\u00e1s grandes? La bruja respondi\u00f3: no lo s\u00e9, tendr\u00eda que buscarlo, eso me llevar\u00eda 3 d\u00edas, como ves mi libro es muy grande.<br>Alba se march\u00f3 de la caba\u00f1a muy contenta ya que hab\u00eda alguna posibilidad de tener una ciudad mucho m\u00e1s grande.<br>Tres d\u00edas despu\u00e9s\u2026 Alba volvi\u00f3 a la caba\u00f1a, emocionada, le pregunt\u00f3 si hab\u00eda encontrado el hechizo, la bruja respondi\u00f3: si, lo he encontrado, pero tendr\u00e1s que ir a buscar los ingredientes, aqu\u00ed est\u00e1 la lista:<br>\u2022 Metal oxidado de coche<br>\u2022 Saliva de rana<br>\u2022 Circuitos de ordenador<br>\u2022 A.D.N de familiar<br>\u2022 Pluma de cuervo<br>Le explic\u00f3 la bruja que el metal lo pod\u00eda encontrar en un vertedero que estaba a 3 km, la saliva de rana en un estanque de aqu\u00ed al lado, los circuitos de ordenador destrozando un ordenador viejo, el A.D.N arranc\u00e1ndole un pelo a su padre o a su madre y la pluma de cuervo arranc\u00e1ndosela a alg\u00fan cuervo de por aqu\u00ed.<br>Alba tard\u00f3 en hacer estas actividades un d\u00eda, pero val\u00eda la pena, cuando ya tenia todos los ingredientes volvi\u00f3 a la caba\u00f1a y se los dio a la bruja, con ellos hizo una poci\u00f3n que ten\u00eda un color marr\u00f3n y que ol\u00eda fatal.<br>La bruja le explic\u00f3 que para que la poci\u00f3n hiciera efecto ten\u00edan que rociarla por toda la ciudad, Alba pens\u00f3 que ser\u00eda f\u00e1cil porque era la ciudad muy peque\u00f1a, ella y la bruja montaron en la escoba y echaron la poci\u00f3n por toda la ciudad, en unos instantes la poci\u00f3n funcion\u00f3 y todo el mundo se qued\u00f3 asombrado.<br>Alba reuni\u00f3 a toda la gente de la ciudad para informarles de que hab\u00eda sido ella quien hab\u00eda hecho esa maravilla.<\/p>\n\n\n\n<p>\u00a1La gente de la ciudad fueron felices y comieron perdices!<\/p>\n\n\n\n<p>FIN<br>Dana Pilar Jerez (categoria infantil)<\/p>\n","protected":false},"excerpt":{"rendered":"<p>Hab\u00eda una vez una ni\u00f1a que se llamaba Alba y que ten\u00eda 9 a\u00f1os, viv\u00eda en una ciudad muy peque\u00f1a ya que med\u00eda a penas un kil\u00f3metro cuadrado.Su familia y amigos que siempre le ven\u00edan a visitar les explicaban todas las comodidades que tenia vivir en ciudades grandes y a Alba siempre le causaba much\u00edsima envidia, ya que ella ten\u00eda una casa peque\u00f1a y se sent\u00eda muy apretada y estresada.Cuando<\/p>\n<a href=\"https:\/\/llefia.org\/santjordi\/alba-y-su-ciudad\/\"> <div class=\"readmorelink\"><div class=\"rmtext\">[ Read More ]<\/div><\/div><\/a>","protected":false},"author":15,"featured_media":0,"parent":0,"menu_order":0,"comment_status":"closed","ping_status":"closed","template":"","meta":[],"_links":{"self":[{"href":"https:\/\/llefia.org\/santjordi\/wp-json\/wp\/v2\/pages\/499"}],"collection":[{"href":"https:\/\/llefia.org\/santjordi\/wp-json\/wp\/v2\/pages"}],"about":[{"href":"https:\/\/llefia.org\/santjordi\/wp-json\/wp\/v2\/types\/page"}],"author":[{"embeddable":true,"href":"https:\/\/llefia.org\/santjordi\/wp-json\/wp\/v2\/users\/15"}],"replies":[{"embeddable":true,"href":"https:\/\/llefia.org\/santjordi\/wp-json\/wp\/v2\/comments?post=499"}],"version-history":[{"count":1,"href":"https:\/\/llefia.org\/santjordi\/wp-json\/wp\/v2\/pages\/499\/revisions"}],"predecessor-version":[{"id":500,"href":"https:\/\/llefia.org\/santjordi\/wp-json\/wp\/v2\/pages\/499\/revisions\/500"}],"wp:attachment":[{"href":"https:\/\/llefia.org\/santjordi\/wp-json\/wp\/v2\/media?parent=499"}],"curies":[{"name":"wp","href":"https:\/\/api.w.org\/{rel}","templated":true}]}}