{"id":501,"date":"2025-04-23T01:05:10","date_gmt":"2025-04-22T23:05:10","guid":{"rendered":"https:\/\/llefia.org\/santjordi\/?page_id=501"},"modified":"2025-04-23T01:05:10","modified_gmt":"2025-04-22T23:05:10","slug":"jo-quan-era-petit","status":"publish","type":"page","link":"https:\/\/llefia.org\/santjordi\/jo-quan-era-petit\/","title":{"rendered":"Jo, quan era petit&#8230;"},"content":{"rendered":"\n<p>Jo, quan era petit, a l&#8217;\u00e8poca dels 2000, que tindria uns 15 anys, els meus pares van anar de vacances per una setmana.<br>Quan al cap dels quatre dies comen\u00e7ava a olorar molt malament al bloc de pisos i cada dia que passava l&#8217;olor de putrefacci\u00f3 era pitjor i jo pensava que era un cad\u00e0ver, ja que, a la tele, passaven un programa de desapareguts i hi havia un cas de desaparici\u00f3 per la nostra zona. Vaig baixar les escales i vaig for\u00e7ar el pany, vaig entrar, i vaig veure un porc amb parts en descomposici\u00f3 i moltes mosques al voltant. Igualment, vaig trucar a la policia per si de cas.<\/p>\n\n\n\n<p>Eric Vaquera L\u00f3pez (categoria juvenil)<\/p>\n","protected":false},"excerpt":{"rendered":"<p>Jo, quan era petit, a l&#8217;\u00e8poca dels 2000, que tindria uns 15 anys, els meus pares van anar de vacances per una setmana.Quan al cap dels quatre dies comen\u00e7ava a olorar molt malament al bloc de pisos i cada dia que passava l&#8217;olor de putrefacci\u00f3 era pitjor i jo pensava que era un cad\u00e0ver, ja que, a la tele, passaven un programa de desapareguts i hi havia un cas de<\/p>\n<a href=\"https:\/\/llefia.org\/santjordi\/jo-quan-era-petit\/\"> <div class=\"readmorelink\"><div class=\"rmtext\">[ Read More ]<\/div><\/div><\/a>","protected":false},"author":15,"featured_media":0,"parent":0,"menu_order":0,"comment_status":"closed","ping_status":"closed","template":"","meta":[],"_links":{"self":[{"href":"https:\/\/llefia.org\/santjordi\/wp-json\/wp\/v2\/pages\/501"}],"collection":[{"href":"https:\/\/llefia.org\/santjordi\/wp-json\/wp\/v2\/pages"}],"about":[{"href":"https:\/\/llefia.org\/santjordi\/wp-json\/wp\/v2\/types\/page"}],"author":[{"embeddable":true,"href":"https:\/\/llefia.org\/santjordi\/wp-json\/wp\/v2\/users\/15"}],"replies":[{"embeddable":true,"href":"https:\/\/llefia.org\/santjordi\/wp-json\/wp\/v2\/comments?post=501"}],"version-history":[{"count":1,"href":"https:\/\/llefia.org\/santjordi\/wp-json\/wp\/v2\/pages\/501\/revisions"}],"predecessor-version":[{"id":502,"href":"https:\/\/llefia.org\/santjordi\/wp-json\/wp\/v2\/pages\/501\/revisions\/502"}],"wp:attachment":[{"href":"https:\/\/llefia.org\/santjordi\/wp-json\/wp\/v2\/media?parent=501"}],"curies":[{"name":"wp","href":"https:\/\/api.w.org\/{rel}","templated":true}]}}