{"id":503,"date":"2025-04-23T01:12:10","date_gmt":"2025-04-22T23:12:10","guid":{"rendered":"https:\/\/llefia.org\/santjordi\/?page_id=503"},"modified":"2025-04-23T11:36:23","modified_gmt":"2025-04-23T09:36:23","slug":"categoria-adults-2025","status":"publish","type":"page","link":"https:\/\/llefia.org\/santjordi\/categoria-adults-2025\/","title":{"rendered":"Categoria adults 2025"},"content":{"rendered":"\n<ul><li><a rel=\"noreferrer noopener\" href=\"https:\/\/llefia.org\/santjordi\/lombra-de-loblit\/\" data-type=\"page\" data-id=\"495\" target=\"_blank\">L\u2019ombres de l&#8217;oblit<\/a> Eva Mar\u00eda Baos Ruiz<\/li><li><a rel=\"noreferrer noopener\" href=\"https:\/\/llefia.org\/santjordi\/plou-sobre-mullat\/\" data-type=\"page\" data-id=\"493\" target=\"_blank\">Plou sobre mullat<\/a> Esperan\u00e7a Servat Ballester<\/li><li><a rel=\"noreferrer noopener\" href=\"https:\/\/llefia.org\/santjordi\/un-dia-cualquiera\/\" data-type=\"page\" data-id=\"479\" target=\"_blank\">Un d\u00eda cualquiera<\/a> Manoli Guti\u00e9rrez Torres<\/li><li><a rel=\"noreferrer noopener\" href=\"https:\/\/llefia.org\/santjordi\/una-infima-posibilidad\/\" data-type=\"page\" data-id=\"469\" target=\"_blank\">Una \u00ednfima posibilidad<\/a> Oscar S\u00e1nchez Garc\u00eda<\/li><li><a href=\"https:\/\/llefia.org\/santjordi\/una-manana-cualquiera\/\" data-type=\"page\" data-id=\"459\">Una ma\u00f1ana cualquiera\u2026<\/a> Jos\u00e9 Morales L\u00f3pez<\/li><li><a rel=\"noreferrer noopener\" href=\"https:\/\/llefia.org\/santjordi\/cuando-callan-las-voces\/\" data-type=\"page\" data-id=\"457\" target=\"_blank\">Cuando callan las voces<\/a> Marta Tadeo Gomez<\/li><li><a rel=\"noreferrer noopener\" href=\"https:\/\/llefia.org\/santjordi\/ozzy-osbourne-y-yo-estabamos-en-la-cima\/\" data-type=\"page\" data-id=\"455\" target=\"_blank\">Ozzy Osbourne y yo est\u00e1bamos en la cima\u2026<\/a> Pitu Pitarch Pujol<\/li><li><a rel=\"noreferrer noopener\" href=\"https:\/\/llefia.org\/santjordi\/manolo-el-chatarrero-de-santa-coloma\/\" data-type=\"page\" data-id=\"453\" target=\"_blank\">Manolo el chatarrero de Santa Coloma<\/a> Jaime Gonzalez Cabrera<\/li><li><a rel=\"noreferrer noopener\" href=\"https:\/\/llefia.org\/santjordi\/els-rellotges-de-lavia-no-donaven-lhora\/\" data-type=\"page\" data-id=\"450\" target=\"_blank\">Els rellotges de l\u2019\u00e0via no donaven l\u2019hora\u2026<\/a> Evelyn Megias Carrasco<\/li><li><a rel=\"noreferrer noopener\" href=\"https:\/\/llefia.org\/santjordi\/loblit\/\" data-type=\"page\" data-id=\"448\" target=\"_blank\">L\u2019oblit<\/a> M\u00edriam Matheu Ribera<\/li><li><a rel=\"noreferrer noopener\" href=\"https:\/\/llefia.org\/santjordi\/les-cartes\/\" data-type=\"page\" data-id=\"446\" target=\"_blank\">Les cartes<\/a> Montserrat Pi Mas<\/li><li><a rel=\"noreferrer noopener\" href=\"https:\/\/llefia.org\/santjordi\/dicen-los-mas-veteranos-del-lugar\/\" data-type=\"page\" data-id=\"442\" target=\"_blank\">Dicen los m\u00e1s veteranos del lugar\u2026<\/a> Juan Jose Mu\u00f1iz Peidr\u00f3<\/li><li><a href=\"https:\/\/llefia.org\/santjordi\/nous-temps-noves-families\/\" data-type=\"page\" data-id=\"440\">Nous temps, noves fam\u00edlies<\/a> Cristina Steegmann Pascual<\/li><li><a rel=\"noreferrer noopener\" href=\"https:\/\/llefia.org\/santjordi\/la-ventafocs-del-segle-xxi\/\" data-type=\"page\" data-id=\"438\" target=\"_blank\">La ventafocs del segle XXI<\/a> Cristina Steegmann Pascual<\/li><li><a rel=\"noreferrer noopener\" href=\"https:\/\/llefia.org\/santjordi\/el-amor-de-fibonacci\/\" data-type=\"page\" data-id=\"432\" target=\"_blank\">El amor de Fibonacci<\/a> Roberto Adrian Hernando Tamayo<\/li><li><a rel=\"noreferrer noopener\" href=\"https:\/\/llefia.org\/santjordi\/sant-jordi-por-siempre\/\" data-type=\"page\" data-id=\"430\" target=\"_blank\">Sant Jordi por siempre<\/a> \u00d3scar Green (\u00d3scar Lechuga Samper)<\/li><li><a href=\"https:\/\/llefia.org\/santjordi\/emboscats\/\" data-type=\"page\" data-id=\"426\" target=\"_blank\" rel=\"noreferrer noopener\">Emboscats<\/a> Lourdes Rosell\u00f3 Oll\u00e9<\/li><li><a rel=\"noreferrer noopener\" href=\"https:\/\/llefia.org\/santjordi\/temps-era-temps\/\" data-type=\"page\" data-id=\"424\" target=\"_blank\">Temps era temps<\/a> Pedro Jes\u00fas Fern\u00e1ndez Mart\u00ednez<\/li><li><a rel=\"noreferrer noopener\" href=\"https:\/\/llefia.org\/santjordi\/sempre-li-havia-agradat-la-xocolata-clara\/\" data-type=\"page\" data-id=\"420\" target=\"_blank\">Sempre li havia agradat la xocolata clara\u2026<\/a> Alba Mudarra Gonzalez<\/li><li><a rel=\"noreferrer noopener\" href=\"https:\/\/llefia.org\/santjordi\/sant-jordi-sense-por\/\" data-type=\"page\" data-id=\"418\" target=\"_blank\">Sant Jordi sense por<\/a> Julia Alabarce P\u00e1ez<\/li><li><a rel=\"noreferrer noopener\" href=\"https:\/\/llefia.org\/santjordi\/la-pobreza\/\" data-type=\"page\" data-id=\"412\" target=\"_blank\">La pobreza<\/a> Alba Navarrete Rodriguez<\/li><li><a rel=\"noreferrer noopener\" href=\"https:\/\/llefia.org\/santjordi\/transbordo\/\" data-type=\"page\" data-id=\"410\" target=\"_blank\">Transbordo<\/a> Pablo Llanos<\/li><li><a rel=\"noreferrer noopener\" href=\"https:\/\/llefia.org\/santjordi\/lescriptor-aficionat\/\" data-type=\"page\" data-id=\"408\" target=\"_blank\">L\u2019escriptor aficionat<\/a> Ramon Gonz\u00e1lez Reverter<\/li><\/ul>\n","protected":false},"excerpt":{"rendered":"<p>L\u2019ombres de l&#8217;oblit Eva Mar\u00eda Baos Ruiz Plou sobre mullat Esperan\u00e7a Servat Ballester Un d\u00eda cualquiera Manoli Guti\u00e9rrez Torres Una \u00ednfima posibilidad Oscar S\u00e1nchez Garc\u00eda Una ma\u00f1ana cualquiera\u2026 Jos\u00e9 Morales L\u00f3pez Cuando callan las voces Marta Tadeo Gomez Ozzy Osbourne y yo est\u00e1bamos en la cima\u2026 Pitu Pitarch Pujol Manolo el chatarrero de Santa Coloma Jaime Gonzalez Cabrera Els rellotges de l\u2019\u00e0via no donaven l\u2019hora\u2026 Evelyn Megias Carrasco L\u2019oblit M\u00edriam<\/p>\n<a href=\"https:\/\/llefia.org\/santjordi\/categoria-adults-2025\/\"> <div class=\"readmorelink\"><div class=\"rmtext\">[ Read More ]<\/div><\/div><\/a>","protected":false},"author":15,"featured_media":0,"parent":0,"menu_order":0,"comment_status":"closed","ping_status":"closed","template":"","meta":[],"_links":{"self":[{"href":"https:\/\/llefia.org\/santjordi\/wp-json\/wp\/v2\/pages\/503"}],"collection":[{"href":"https:\/\/llefia.org\/santjordi\/wp-json\/wp\/v2\/pages"}],"about":[{"href":"https:\/\/llefia.org\/santjordi\/wp-json\/wp\/v2\/types\/page"}],"author":[{"embeddable":true,"href":"https:\/\/llefia.org\/santjordi\/wp-json\/wp\/v2\/users\/15"}],"replies":[{"embeddable":true,"href":"https:\/\/llefia.org\/santjordi\/wp-json\/wp\/v2\/comments?post=503"}],"version-history":[{"count":3,"href":"https:\/\/llefia.org\/santjordi\/wp-json\/wp\/v2\/pages\/503\/revisions"}],"predecessor-version":[{"id":527,"href":"https:\/\/llefia.org\/santjordi\/wp-json\/wp\/v2\/pages\/503\/revisions\/527"}],"wp:attachment":[{"href":"https:\/\/llefia.org\/santjordi\/wp-json\/wp\/v2\/media?parent=503"}],"curies":[{"name":"wp","href":"https:\/\/api.w.org\/{rel}","templated":true}]}}