{"id":561,"date":"2026-04-20T22:50:46","date_gmt":"2026-04-20T20:50:46","guid":{"rendered":"https:\/\/llefia.org\/santjordi\/?page_id=561"},"modified":"2026-04-20T22:50:47","modified_gmt":"2026-04-20T20:50:47","slug":"buscant-la-dona-perfecta","status":"publish","type":"page","link":"https:\/\/llefia.org\/santjordi\/buscant-la-dona-perfecta\/","title":{"rendered":"BUSCANT LA DONA PERFECTA"},"content":{"rendered":"\n<p>(BASAT EN UN CONTE AN\u00d2NIM DE TRADICI\u00d3 POPULAR SUF\u00cd)<br>Tan bon punt l\u2019Agust\u00ed es va trobar amb el seu millor amic es van saludar amb cordialitat, despr\u00e9s de prendre\u2019s un any sab\u00e0tic viatjant pel m\u00f3n a fi de viure aventures i, de pas, buscar la seva mitja taronja per contraure n\u00fapcies.<br>-Explica\u2019m si durant aquest temps has conegut la teva \u00e0nima bessona, la dona perfecta per casar-te \u2013es va interessar el deler\u00f3s amic.<br>-Veur\u00e0s. Primer vaig rec\u00f3rrer la costa occidental africana fins al Senegal, on vaig quedar encisat d\u2019una bufona xavala de pell fosca, llargues trenes i llavis molsuts. Una jove dol\u00e7a, simp\u00e0tica i afectuosa.<br>-Per\u00f2 hi va haver casori? \u2013va tractar d\u2019esbrinar l\u2019altre arrufant les celles en una ganyota de perplexitat.<br>-En absolut. No era perfecta. Ni de bon tros. Tot seguit vaig volar fins a les illes tailandeses, on vaig sentir-me sedu\u00eft per una ex\u00f2tica poncella d\u2019ulls ametllats, nas arremangat i cabell llis. Una flor delicada, adorable i encisadora.<br>-No fiquis m\u00e9s llenya al foc. Et vas casar? \u2013va preguntar l\u2019amic intrigat.<br>-No era perfecta. Vaig tocar el dos i, m\u00e9s tard, vagarejant per les platges brasileres, vaig encegar-me d\u2019una mulata riallera, sensual i apassionada.<br>-Apa, no em facis ballar el cap. Tampoc hi va haver noces, oi?<br>-Ves per on, aquesta tampoc era perfecta \u2013va rondinar l\u2019Agust\u00ed arronsant les espatlles-. Per acabar el meu periple vaig travessar R\u00fassia i a la ciutat septentrional de Sant Petersburg vaig trobar la dona dels meus somnis: rossa, atractiva, espavilada, culta i d\u2019una gran personalitat. Aquella xicota m\u2019agradava d\u2019all\u00f2 m\u00e9s. Em feia patxoca de deb\u00f2. Si m\u00e9s no, confesso que al seu costat notava pessigolles a l\u2019est\u00f3mac i el cor em bategava amb la for\u00e7a de un timbal.<br>-Llavors, per qu\u00e8 no et vas casar amb ella?<br>-Vet aqu\u00ed el quid de la q\u00fcesti\u00f3, amic meu. Tant de bo ho hagu\u00e9s fet, per\u00f2 donava la casualitat que ella tamb\u00e9 buscava l\u2019home perfecte.<\/p>\n\n\n\n<p>Ramon Gonz\u00e1lez Reverter (Categoria adults)<\/p>\n","protected":false},"excerpt":{"rendered":"<p>(BASAT EN UN CONTE AN\u00d2NIM DE TRADICI\u00d3 POPULAR SUF\u00cd)Tan bon punt l\u2019Agust\u00ed es va trobar amb el seu millor amic es van saludar amb cordialitat, despr\u00e9s de prendre\u2019s un any sab\u00e0tic viatjant pel m\u00f3n a fi de viure aventures i, de pas, buscar la seva mitja taronja per contraure n\u00fapcies.-Explica\u2019m si durant aquest temps has conegut la teva \u00e0nima bessona, la dona perfecta per casar-te \u2013es va interessar el deler\u00f3s<\/p>\n<a href=\"https:\/\/llefia.org\/santjordi\/buscant-la-dona-perfecta\/\"> <div class=\"readmorelink\"><div class=\"rmtext\">[ Read More ]<\/div><\/div><\/a>","protected":false},"author":15,"featured_media":0,"parent":0,"menu_order":0,"comment_status":"closed","ping_status":"closed","template":"","meta":[],"_links":{"self":[{"href":"https:\/\/llefia.org\/santjordi\/wp-json\/wp\/v2\/pages\/561"}],"collection":[{"href":"https:\/\/llefia.org\/santjordi\/wp-json\/wp\/v2\/pages"}],"about":[{"href":"https:\/\/llefia.org\/santjordi\/wp-json\/wp\/v2\/types\/page"}],"author":[{"embeddable":true,"href":"https:\/\/llefia.org\/santjordi\/wp-json\/wp\/v2\/users\/15"}],"replies":[{"embeddable":true,"href":"https:\/\/llefia.org\/santjordi\/wp-json\/wp\/v2\/comments?post=561"}],"version-history":[{"count":1,"href":"https:\/\/llefia.org\/santjordi\/wp-json\/wp\/v2\/pages\/561\/revisions"}],"predecessor-version":[{"id":562,"href":"https:\/\/llefia.org\/santjordi\/wp-json\/wp\/v2\/pages\/561\/revisions\/562"}],"wp:attachment":[{"href":"https:\/\/llefia.org\/santjordi\/wp-json\/wp\/v2\/media?parent=561"}],"curies":[{"name":"wp","href":"https:\/\/api.w.org\/{rel}","templated":true}]}}