{"id":563,"date":"2026-04-20T22:52:13","date_gmt":"2026-04-20T20:52:13","guid":{"rendered":"https:\/\/llefia.org\/santjordi\/?page_id=563"},"modified":"2026-04-20T22:52:13","modified_gmt":"2026-04-20T20:52:13","slug":"una-batalla-sense-peons","status":"publish","type":"page","link":"https:\/\/llefia.org\/santjordi\/una-batalla-sense-peons\/","title":{"rendered":"UNA BATALLA SENSE PEONS"},"content":{"rendered":"\n<p>&#8220;Un cop acaba el joc, el rei i el pe\u00f3 tornen a la mateixa capsa&#8221; &#8211; Proverbi itali\u00e0<\/p>\n\n\n\n<p>El pe\u00f3 blanc de la columna d va despla\u00e7ar-se fins a la fila 4. Un cop all\u00e0, es va aturar. L&#8217;objectiu era ocupar l&#8217;espai del centre del tauler per dificultar l\u2019aven\u00e7 de l\u2019enemic i, de retruc, facilitar la sortida de l\u2019alfil. A l&#8217;altra banda, l&#8217;ex\u00e8rcit negre rumiava la millor resposta. La batalla entre iguals havia comen\u00e7at.<br>Al seu torn, el pe\u00f3 negre de la columna d va avan\u00e7ar fins a la fila 5, per plantar-li cara. Ambd\u00f3s peons quedaven enfrontats. Un atzucac del qual l\u2019ex\u00e8rcit blanc va decidir sortir fent un gambit de dama; \u00e9s a dir, oferint el sacrifici d\u2019un pe\u00f3 blanc per fer fora les negres del tan preuat centre del tauler.<br>Aix\u00ed doncs, el pe\u00f3 blanc de la columna c va moure\u2019s fins a la fila 4. Va anar-hi recel\u00f3s, amb poc convenciment, perqu\u00e8 tot i que li ho demanaven sovint, oferir la vida resultava poc estimulant. Quan va arribar a dest\u00ed, el pe\u00f3 negre de d5 se\u2019l va mirar de re\u00fcll. Va observar que el pe\u00f3 blanc de c4 tenia un aire pesar\u00f3s i aix\u00f2, contr\u00e0riament al que es podia esperar d\u2019un guerrer, va estovar-li l\u2019\u00e0nima. Segurament, perqu\u00e8 l\u2019experi\u00e8ncia li havia ensenyat que la possibilitat de patir un dest\u00ed similar era molt alta.<br>La lluita restava aturada perqu\u00e8 el pe\u00f3 negre havia quedat pensatiu al bell mig del tauler. Podia capturar el pe\u00f3 blanc de c4 i acceptar el sacrifici que els blancs li oferien o rebutjar-lo i mantenir la tensi\u00f3. Per\u00f2 la reflexi\u00f3 que l\u2019ocupava no era precisament sobre el seu futur immediat. El que realment l\u2019amo\u00efnava era constatar partida rere partida que, com tamb\u00e9 li passava al pe\u00f3 enemic, ell era considerat com una pe\u00e7a menor i prescindible. N\u2019estava fart que de la seva p\u00e8rdua se\u2019n beneficiessin sempre les mateixes peces, aquelles que eren protegides per la fila de peons, les poderoses, les que l&#8217;empenyien a un dest\u00ed que ell mai hagu\u00e9s triat.<br>\u2015Amic, algun cop t\u2019has preguntat quin sentit t\u00e9 aquesta guerra ancestral? No creus que tu i jo ens assemblem m\u00e9s del que ens pensem i tenim m\u00e9s coses en com\u00fa que no pas difer\u00e8ncies? \u2015Va preguntar sobtadament el pe\u00f3 negre de d5 al pe\u00f3 blanc de c4.<br>\u2015S\u00ed, de vegades ho penso, i per m\u00e9s voltes que li dono, no aconsegueixo entendre per quins set sous estem lliurant aquesta batalla. Qu\u00e8 hi guanyem tu i jo? \u2015Va respondre el pe\u00f3 blanc de c4, que havia estat triat per ser sacrificat.<br>\u2015Segurament perdem moltes m\u00e9s coses de les que guanyem. \u2015Va sentenciar s\u00e0viament el pe\u00f3 blanc de d4, que havia iniciat la batalla i que en aquell moment s\u2019afegia a la conversa.<br>Els tres peons s&#8217;entenien i aix\u00f2 va ser suficient per a decidir el seg\u00fcent moviment. Trencant totes les regles hagudes i per haver, els peons blancs i els negres es van dirigir plegats als laterals del tauler. Sense peons pel mig, les torres, els cavalls, els alfils, les dames i els reis d\u2019ambd\u00f3s ex\u00e8rcits van quedar directament enfrontats per a horror de cadascuna de les peces considerades com a majors. I si m\u2019ho demaneu, no sabria dir si va ser el rei blanc o va ser el negre el primer a demanar taules; com tampoc podria assegurar-vos quin dels dos reis es va afanyar a acceptar-les, sense dubtar-ho.<\/p>\n\n\n\n<p>Lourdes Rosell\u00f3 Oll\u00e9 (categoria adults)<\/p>\n","protected":false},"excerpt":{"rendered":"<p>&#8220;Un cop acaba el joc, el rei i el pe\u00f3 tornen a la mateixa capsa&#8221; &#8211; Proverbi itali\u00e0 El pe\u00f3 blanc de la columna d va despla\u00e7ar-se fins a la fila 4. Un cop all\u00e0, es va aturar. L&#8217;objectiu era ocupar l&#8217;espai del centre del tauler per dificultar l\u2019aven\u00e7 de l\u2019enemic i, de retruc, facilitar la sortida de l\u2019alfil. A l&#8217;altra banda, l&#8217;ex\u00e8rcit negre rumiava la millor resposta. La batalla<\/p>\n<a href=\"https:\/\/llefia.org\/santjordi\/una-batalla-sense-peons\/\"> <div class=\"readmorelink\"><div class=\"rmtext\">[ Read More ]<\/div><\/div><\/a>","protected":false},"author":15,"featured_media":0,"parent":0,"menu_order":0,"comment_status":"closed","ping_status":"closed","template":"","meta":[],"_links":{"self":[{"href":"https:\/\/llefia.org\/santjordi\/wp-json\/wp\/v2\/pages\/563"}],"collection":[{"href":"https:\/\/llefia.org\/santjordi\/wp-json\/wp\/v2\/pages"}],"about":[{"href":"https:\/\/llefia.org\/santjordi\/wp-json\/wp\/v2\/types\/page"}],"author":[{"embeddable":true,"href":"https:\/\/llefia.org\/santjordi\/wp-json\/wp\/v2\/users\/15"}],"replies":[{"embeddable":true,"href":"https:\/\/llefia.org\/santjordi\/wp-json\/wp\/v2\/comments?post=563"}],"version-history":[{"count":1,"href":"https:\/\/llefia.org\/santjordi\/wp-json\/wp\/v2\/pages\/563\/revisions"}],"predecessor-version":[{"id":564,"href":"https:\/\/llefia.org\/santjordi\/wp-json\/wp\/v2\/pages\/563\/revisions\/564"}],"wp:attachment":[{"href":"https:\/\/llefia.org\/santjordi\/wp-json\/wp\/v2\/media?parent=563"}],"curies":[{"name":"wp","href":"https:\/\/api.w.org\/{rel}","templated":true}]}}