{"id":567,"date":"2026-04-20T22:54:21","date_gmt":"2026-04-20T20:54:21","guid":{"rendered":"https:\/\/llefia.org\/santjordi\/?page_id=567"},"modified":"2026-04-20T22:54:22","modified_gmt":"2026-04-20T20:54:22","slug":"el-peluche-azul","status":"publish","type":"page","link":"https:\/\/llefia.org\/santjordi\/el-peluche-azul\/","title":{"rendered":"El peluche azul"},"content":{"rendered":"\n<p>Mi hermana ten\u00eda un peluche azul al que llamaba Nube. Estaba un poco viejo, con un ojo medio suelto y la tela gastada, pero ella dec\u00eda que era el mejor peluche del mundo.<\/p>\n\n\n\n<p>Siempre lo llevaba a todas partes. Incluso cuando ya era \u201cdemasiado mayor\u201d para eso, seg\u00fan mam\u00e1.<\/p>\n\n\n\n<p>Por las noches, lo dejaba en medio de las dos, como si tambi\u00e9n fuera parte de nuestras conversaciones antes de dormir.<\/p>\n\n\n\n<p>Ahora Nube est\u00e1 en mi estanter\u00eda.<\/p>\n\n\n\n<p>Desde que mi hermana ya no est\u00e1, nadie lo ha movido. Al principio no quer\u00eda tocarlo. Me daba miedo que dejara de oler a ella o que, de alguna manera, tambi\u00e9n desapareciera.<\/p>\n\n\n\n<p>Pero un d\u00eda no pude m\u00e1s.<\/p>\n\n\n\n<p>Lo cog\u00ed.<\/p>\n\n\n\n<p>Estaba igual de suave, igual de peque\u00f1o\u2026 pero sin ella parec\u00eda distinto.<\/p>\n\n\n\n<p>Esa noche dorm\u00ed abraz\u00e1ndolo.<\/p>\n\n\n\n<p>Y aunque sab\u00eda que no era lo mismo, cerr\u00e9 los ojos imaginando que todo segu\u00eda igual: sus risas, sus historias inventadas, su voz diciendo que Nube nos proteg\u00eda de las pesadillas.<\/p>\n\n\n\n<p>Llor\u00e9 un poco, sin hacer ruido.<\/p>\n\n\n\n<p>Pero tambi\u00e9n sent\u00ed algo calentito en el pecho, como cuando te acuerdas de algo bonito y triste a la vez.<\/p>\n\n\n\n<p>Ahora duermo con Nube todas las noches.<\/p>\n\n\n\n<p>Porque, aunque ella no est\u00e9, hay cosas que todav\u00eda saben quedarse.<\/p>\n\n\n\n<p>Irfa tariq (categoria juvenil)<\/p>\n","protected":false},"excerpt":{"rendered":"<p>Mi hermana ten\u00eda un peluche azul al que llamaba Nube. Estaba un poco viejo, con un ojo medio suelto y la tela gastada, pero ella dec\u00eda que era el mejor peluche del mundo. Siempre lo llevaba a todas partes. Incluso cuando ya era \u201cdemasiado mayor\u201d para eso, seg\u00fan mam\u00e1. Por las noches, lo dejaba en medio de las dos, como si tambi\u00e9n fuera parte de nuestras conversaciones antes de dormir.<\/p>\n<a href=\"https:\/\/llefia.org\/santjordi\/el-peluche-azul\/\"> <div class=\"readmorelink\"><div class=\"rmtext\">[ Read More ]<\/div><\/div><\/a>","protected":false},"author":15,"featured_media":0,"parent":0,"menu_order":0,"comment_status":"closed","ping_status":"closed","template":"","meta":[],"_links":{"self":[{"href":"https:\/\/llefia.org\/santjordi\/wp-json\/wp\/v2\/pages\/567"}],"collection":[{"href":"https:\/\/llefia.org\/santjordi\/wp-json\/wp\/v2\/pages"}],"about":[{"href":"https:\/\/llefia.org\/santjordi\/wp-json\/wp\/v2\/types\/page"}],"author":[{"embeddable":true,"href":"https:\/\/llefia.org\/santjordi\/wp-json\/wp\/v2\/users\/15"}],"replies":[{"embeddable":true,"href":"https:\/\/llefia.org\/santjordi\/wp-json\/wp\/v2\/comments?post=567"}],"version-history":[{"count":1,"href":"https:\/\/llefia.org\/santjordi\/wp-json\/wp\/v2\/pages\/567\/revisions"}],"predecessor-version":[{"id":568,"href":"https:\/\/llefia.org\/santjordi\/wp-json\/wp\/v2\/pages\/567\/revisions\/568"}],"wp:attachment":[{"href":"https:\/\/llefia.org\/santjordi\/wp-json\/wp\/v2\/media?parent=567"}],"curies":[{"name":"wp","href":"https:\/\/api.w.org\/{rel}","templated":true}]}}