{"id":571,"date":"2026-04-20T22:56:46","date_gmt":"2026-04-20T20:56:46","guid":{"rendered":"https:\/\/llefia.org\/santjordi\/?page_id=571"},"modified":"2026-04-20T22:56:46","modified_gmt":"2026-04-20T20:56:46","slug":"llevo-detras-de-ella-toda-una-vida","status":"publish","type":"page","link":"https:\/\/llefia.org\/santjordi\/llevo-detras-de-ella-toda-una-vida\/","title":{"rendered":"Llevo detr\u00e1s de ella toda una vida&#8230;"},"content":{"rendered":"\n<p>Llevo detr\u00e1s de ella toda una vida. Su vida no la m\u00eda, claro est\u00e1. En este caso no hablare de la vida de Liesel Meminger, sino de ella. No dir\u00e9 su nombre pues como el de mucha gente, es uno m\u00e1s en mi lista y para los mundanos como vosotros, poca importancia tendr\u00eda.<br>Llegar\u00eda incluso a sorprenderme si alguno de vosotros, simples mortales, llegase a entenderlo.<br>Todo en su vida era un desastre: la familia, los amigos, las clases\u2026 todo. As\u00ed que decid\u00ed acecharla. A veces pasaba d\u00edas enteros con ella, otras veces incluso las noches. Me era tan f\u00e1cil no desprenderme de su lado.<br>Tiernamente la acaricie, estaba esperando el momento. Su coraz\u00f3n as\u00ed me lo hac\u00eda saber.<br>El frio que me envuelve constantemente se hizo notar insofacto, enfri\u00e1ndola, emblanqueciendo su piel.<br>Una voz repet\u00eda sin cesar su nombre, mientras que ella, lo \u00fanico que quer\u00eda, era dormir.<br>Ella lo sab\u00eda al igual que yo. Nadie m\u00e1s parec\u00eda querer darse cuenta, pues insist\u00edan en mantenerla apartada y lejos de m\u00ed.<br>Pod\u00eda sentir su lejan\u00eda as\u00ed que decid\u00ed hacer algo que nunca habr\u00eda hecho por otra vida mundana. La arrope entre mis brazos, devolvi\u00e9ndole algo del frio perdido, cual madre a su bebe reci\u00e9n nacido.<br>La vida no hab\u00eda sido de color de rosas para ella no hab\u00eda pr\u00edncipes azules ni caballeros de brillante armadura, tambi\u00e9n brillaban por su ausencia los buenos reyes&#8230; es decir para ella no hab\u00eda nada por lo que luchar, nada por lo que seguir despierta.<br>Pero muy a mi pesar y jurar\u00eda que al suyo tambi\u00e9n, ella acabo despertando.<br>Perd\u00ed esa batalla, pero no la guerra, pues infinita como soy, la acecho por los rincones esperando el m\u00e1s m\u00ednimo destello de debilidad.<\/p>\n\n\n\n<p>Alba Navarrete Rodriguez (categoria adults)<\/p>\n","protected":false},"excerpt":{"rendered":"<p>Llevo detr\u00e1s de ella toda una vida. Su vida no la m\u00eda, claro est\u00e1. En este caso no hablare de la vida de Liesel Meminger, sino de ella. No dir\u00e9 su nombre pues como el de mucha gente, es uno m\u00e1s en mi lista y para los mundanos como vosotros, poca importancia tendr\u00eda.Llegar\u00eda incluso a sorprenderme si alguno de vosotros, simples mortales, llegase a entenderlo.Todo en su vida era un<\/p>\n<a href=\"https:\/\/llefia.org\/santjordi\/llevo-detras-de-ella-toda-una-vida\/\"> <div class=\"readmorelink\"><div class=\"rmtext\">[ Read More ]<\/div><\/div><\/a>","protected":false},"author":15,"featured_media":0,"parent":0,"menu_order":0,"comment_status":"closed","ping_status":"closed","template":"","meta":[],"_links":{"self":[{"href":"https:\/\/llefia.org\/santjordi\/wp-json\/wp\/v2\/pages\/571"}],"collection":[{"href":"https:\/\/llefia.org\/santjordi\/wp-json\/wp\/v2\/pages"}],"about":[{"href":"https:\/\/llefia.org\/santjordi\/wp-json\/wp\/v2\/types\/page"}],"author":[{"embeddable":true,"href":"https:\/\/llefia.org\/santjordi\/wp-json\/wp\/v2\/users\/15"}],"replies":[{"embeddable":true,"href":"https:\/\/llefia.org\/santjordi\/wp-json\/wp\/v2\/comments?post=571"}],"version-history":[{"count":1,"href":"https:\/\/llefia.org\/santjordi\/wp-json\/wp\/v2\/pages\/571\/revisions"}],"predecessor-version":[{"id":572,"href":"https:\/\/llefia.org\/santjordi\/wp-json\/wp\/v2\/pages\/571\/revisions\/572"}],"wp:attachment":[{"href":"https:\/\/llefia.org\/santjordi\/wp-json\/wp\/v2\/media?parent=571"}],"curies":[{"name":"wp","href":"https:\/\/api.w.org\/{rel}","templated":true}]}}