{"id":575,"date":"2026-04-20T22:59:15","date_gmt":"2026-04-20T20:59:15","guid":{"rendered":"https:\/\/llefia.org\/santjordi\/?page_id=575"},"modified":"2026-04-20T22:59:15","modified_gmt":"2026-04-20T20:59:15","slug":"como-seguir-amando-despues-de-una-vida","status":"publish","type":"page","link":"https:\/\/llefia.org\/santjordi\/como-seguir-amando-despues-de-una-vida\/","title":{"rendered":"C\u00f3mo seguir amando despu\u00e9s de una vida"},"content":{"rendered":"\n<p>Es ese amor diferente, colocado en el mismo lugar de siempre,<br>cargado de recuerdos con sonrisas y nostalgia.<br>Es ese amor que lo dice todo, sin decir a penas palabras,<br>avanzando, de manera cotidiana,<br>buscando a veces sin buscar nada.<br>Son vac\u00edos, que llenos ocupan el alma y<br>acarician emociones deseadas y no encontradas.<br>Es caminar juntos cuando unen las miradas,<br>llenando ese espacio, que est\u00e1 condicionado a la calma.<br>Puede ser cierto o puede que est\u00e9 equivocada,<br>pero el amor, a ciertas edades, s\u00f3lo cuida la compa\u00f1\u00eda y la esperanza.<br>Sabe lo que quiere, eso s\u00f3lo lo regala el tiempo que no falta.<br>A\u00fan as\u00ed, seguimos llamando amor a eso que s\u00f3lo reconoce el coraz\u00f3n,<br>que vive en la raz\u00f3n y que en el sentimiento se guarda.<br>Es ese amor de primavera, que disfrut\u00f3 un verano,<br>acunando un oto\u00f1o que dur\u00f3 mil inviernos.<br>El amor que am\u00f3 una vida entera.<\/p>\n\n\n\n<p>Anuncia Esteban Mart\u00edn (categoria adults)<\/p>\n","protected":false},"excerpt":{"rendered":"<p>Es ese amor diferente, colocado en el mismo lugar de siempre,cargado de recuerdos con sonrisas y nostalgia.Es ese amor que lo dice todo, sin decir a penas palabras,avanzando, de manera cotidiana,buscando a veces sin buscar nada.Son vac\u00edos, que llenos ocupan el alma yacarician emociones deseadas y no encontradas.Es caminar juntos cuando unen las miradas,llenando ese espacio, que est\u00e1 condicionado a la calma.Puede ser cierto o puede que est\u00e9 equivocada,pero el<\/p>\n<a href=\"https:\/\/llefia.org\/santjordi\/como-seguir-amando-despues-de-una-vida\/\"> <div class=\"readmorelink\"><div class=\"rmtext\">[ Read More ]<\/div><\/div><\/a>","protected":false},"author":15,"featured_media":0,"parent":0,"menu_order":0,"comment_status":"closed","ping_status":"closed","template":"","meta":[],"_links":{"self":[{"href":"https:\/\/llefia.org\/santjordi\/wp-json\/wp\/v2\/pages\/575"}],"collection":[{"href":"https:\/\/llefia.org\/santjordi\/wp-json\/wp\/v2\/pages"}],"about":[{"href":"https:\/\/llefia.org\/santjordi\/wp-json\/wp\/v2\/types\/page"}],"author":[{"embeddable":true,"href":"https:\/\/llefia.org\/santjordi\/wp-json\/wp\/v2\/users\/15"}],"replies":[{"embeddable":true,"href":"https:\/\/llefia.org\/santjordi\/wp-json\/wp\/v2\/comments?post=575"}],"version-history":[{"count":1,"href":"https:\/\/llefia.org\/santjordi\/wp-json\/wp\/v2\/pages\/575\/revisions"}],"predecessor-version":[{"id":576,"href":"https:\/\/llefia.org\/santjordi\/wp-json\/wp\/v2\/pages\/575\/revisions\/576"}],"wp:attachment":[{"href":"https:\/\/llefia.org\/santjordi\/wp-json\/wp\/v2\/media?parent=575"}],"curies":[{"name":"wp","href":"https:\/\/api.w.org\/{rel}","templated":true}]}}