{"id":589,"date":"2026-04-20T23:09:57","date_gmt":"2026-04-20T21:09:57","guid":{"rendered":"https:\/\/llefia.org\/santjordi\/?page_id=589"},"modified":"2026-04-20T23:09:58","modified_gmt":"2026-04-20T21:09:58","slug":"muelle","status":"publish","type":"page","link":"https:\/\/llefia.org\/santjordi\/muelle\/","title":{"rendered":"Muelle"},"content":{"rendered":"\n<p>Estuvo d\u00f3nde quiso y, no pudo<br>Ahora ya lento, exclama<br>\u00a1Podr\u00eda ser diferente!,<br>\u00bfQue t\u00fa crees?<br>No s\u00e9 ni que decirte<br>Look it there, \u00a1mira all\u00e1!<br>Ojal\u00e1 no le llueva<br>Porque mira el viento que trae<br>Ojal\u00e1 no le llueva<br>Porque hasta el viento pesa<br>Y las nubes caen<br>A esa altura de la vida<br>Sin darnos tregua<br>Sigue tu rumbo<br>Sin voltear a los lados,<br>Segu\u00eda dici\u00e9ndose en voz queda<br>Sobre el muelle de la tarde primavera,<br>Todo se muda, pienso yo.<br>Por esto de la pena&#8230;<br>Me voy<br>No s\u00e9 si tu te quedas,<br>Y contemplas con \u00e9l<br>Como sus pasos cortos<br>Se quedan sin huellas&#8230;<\/p>\n\n\n\n<p>Humberto Cuenca (categoria adults)<\/p>\n","protected":false},"excerpt":{"rendered":"<p>Estuvo d\u00f3nde quiso y, no pudoAhora ya lento, exclama\u00a1Podr\u00eda ser diferente!,\u00bfQue t\u00fa crees?No s\u00e9 ni que decirteLook it there, \u00a1mira all\u00e1!Ojal\u00e1 no le lluevaPorque mira el viento que traeOjal\u00e1 no le lluevaPorque hasta el viento pesaY las nubes caenA esa altura de la vidaSin darnos treguaSigue tu rumboSin voltear a los lados,Segu\u00eda dici\u00e9ndose en voz quedaSobre el muelle de la tarde primavera,Todo se muda, pienso yo.Por esto de la pena&#8230;Me<\/p>\n<a href=\"https:\/\/llefia.org\/santjordi\/muelle\/\"> <div class=\"readmorelink\"><div class=\"rmtext\">[ Read More ]<\/div><\/div><\/a>","protected":false},"author":15,"featured_media":0,"parent":0,"menu_order":0,"comment_status":"closed","ping_status":"closed","template":"","meta":[],"_links":{"self":[{"href":"https:\/\/llefia.org\/santjordi\/wp-json\/wp\/v2\/pages\/589"}],"collection":[{"href":"https:\/\/llefia.org\/santjordi\/wp-json\/wp\/v2\/pages"}],"about":[{"href":"https:\/\/llefia.org\/santjordi\/wp-json\/wp\/v2\/types\/page"}],"author":[{"embeddable":true,"href":"https:\/\/llefia.org\/santjordi\/wp-json\/wp\/v2\/users\/15"}],"replies":[{"embeddable":true,"href":"https:\/\/llefia.org\/santjordi\/wp-json\/wp\/v2\/comments?post=589"}],"version-history":[{"count":1,"href":"https:\/\/llefia.org\/santjordi\/wp-json\/wp\/v2\/pages\/589\/revisions"}],"predecessor-version":[{"id":590,"href":"https:\/\/llefia.org\/santjordi\/wp-json\/wp\/v2\/pages\/589\/revisions\/590"}],"wp:attachment":[{"href":"https:\/\/llefia.org\/santjordi\/wp-json\/wp\/v2\/media?parent=589"}],"curies":[{"name":"wp","href":"https:\/\/api.w.org\/{rel}","templated":true}]}}