{"id":591,"date":"2026-04-20T23:12:05","date_gmt":"2026-04-20T21:12:05","guid":{"rendered":"https:\/\/llefia.org\/santjordi\/?page_id=591"},"modified":"2026-04-20T23:12:06","modified_gmt":"2026-04-20T21:12:06","slug":"la-pregunta","status":"publish","type":"page","link":"https:\/\/llefia.org\/santjordi\/la-pregunta\/","title":{"rendered":"La pregunta"},"content":{"rendered":"\n<p>\u2014Mam\u00e1, \u00bfqu\u00e9 es el amor?<\/p>\n\n\n\n<p>Le dijo la ni\u00f1a a su madre, mir\u00e1ndola con cierta curiosidad y confusi\u00f3n, despu\u00e9s de escuchar aquella palabra que resonaba en la televisi\u00f3n.<br>La mujer, tras pensarlo un buen rato, finalmente le respondi\u00f3:<\/p>\n\n\n\n<p>\u2014Pues mira, el amor es cuando conoces a una persona a la que quieres mucho, mucho, te casas y luego tienes hijos.<\/p>\n\n\n\n<p>Segu\u00eda sin entenderlo muy bien, pero decidi\u00f3 olvidarlo y seguir jugando con sus mu\u00f1ecas, reproduciendo historias de relaciones heteronormativas. Mientras, la madre miraba en la televisi\u00f3n una de esas pel\u00edculas rom\u00e1nticas de Antena 3, so\u00f1ando despierta. So\u00f1ando que era ella la protagonista a la que le susurraban al o\u00eddo aquellas palabras llenas de pasi\u00f3n. So\u00f1ando con recuperar esa ilusi\u00f3n infantil del principio.<\/p>\n\n\n\n<p>[&#8230;]<\/p>\n\n\n\n<p>\u2014T\u00edas, \u00bfhab\u00e9is visto al que va al 4\u00ba B? Est\u00e1 buen\u00ediiiiiiiiiiiisimo. Creo que estoy enamorada \u2014dijo su amiga.<\/p>\n\n\n\n<p>Y entonces, a la adolescente, le vino aquella misma pregunta de cuando era ni\u00f1a. Le lleg\u00f3 como una ola chocando contra una roca, recubri\u00e9ndola de espuma:<\/p>\n\n\n\n<p>\u2014 As\u00ed que enamorada\u2026 \u00bfQu\u00e9 es el amor para ti?<\/p>\n\n\n\n<p>La amiga no esperaba tal pregunta, por lo que la pill\u00f3 por sorpresa. Despu\u00e9s de un buen rato pens\u00e1ndolo, dio una respuesta bastante fr\u00e1gil y poco s\u00f3lida:<\/p>\n\n\n\n<p>\u2014Pues yo creo que el amor es cuando ves a un chico muy guapo y sientes esas mariposas en el est\u00f3mago. Te llama todo el rato, te viene a buscar a casa, sales a pasear con \u00e9l\u2026 yo qu\u00e9 s\u00e9\u2026<br>\u2014Pues entonces, t\u00fa y yo sentimos amor, \u00bfno?<br>\u2014\u00bfPero qu\u00e9 dices?,jajaja. Eso es diferente. Ni que fu\u00e9ramos bolleras.<\/p>\n\n\n\n<p>[&#8230;]<\/p>\n\n\n\n<p>\u2014G\u00fcey, no paras de comer chocolate como una desesperada. Como engordes, te dejo.<\/p>\n\n\n\n<p>Al escuchar aquello, la universitaria no sab\u00eda qu\u00e9 decir. Era como si alguien estuviera oprimiendo sus cuerdas vocales y no la dejase hablar. Era extra\u00f1o. Sent\u00eda un impulso inmenso de gritar, pero, por alguna raz\u00f3n, no pod\u00eda. Y call\u00f3. Por miedo a ser dejada. Por miedo a perder el amor.<br>Y entonces, le volvi\u00f3 aquella misma pregunta como un rayo a la memoria. Solo que, aquella vez, no se atrevi\u00f3 a hac\u00e9rsela a aquel individuo. Y, por miedo, call\u00f3.<\/p>\n\n\n\n<p>[&#8230;]<\/p>\n\n\n\n<p>\u2014Lo que m\u00e1s me gusta de ti son tus ganas de vivir.<br>\u2014\u00bfMis ganas de vivir?<br>\u2014S\u00ed. Es que siempre haces cosas, te interesas por muchas cosas y eso me gusta.<\/p>\n\n\n\n<p>Y, nuevamente, ahora la adulta, hizo de nuevo aquella misma pregunta:<\/p>\n\n\n\n<p>\u2014Oye, \u00bfqu\u00e9 es para ti el amor?<br>\u2014Mmm\u2026 pues yo creo que es eso que te dec\u00eda antes. Ver que la persona con la que compartes la vida r\u00ede, queda con gente, lo pasa bien, hace sus cosas\u2026 y eso te hace feliz. Por eso quieres seguir compartiendo momentos juntos.<\/p>\n\n\n\n<p>Y as\u00ed, en ese preciso momento, obtuvo la respuesta. Le vino como una revelaci\u00f3n, como una luz. E, inesperadamente, agarr\u00f3 la cara del chico, le dio un beso dulce y tierno en los labios. Luego le dijo en un susurro:<\/p>\n\n\n\n<p>\u2014Yo tambi\u00e9n te quiero.<\/p>\n\n\n\n<p>Entonces, se levant\u00f3 del sof\u00e1, fue corriendo a coger su tel\u00e9fono en la habitaci\u00f3n y escribi\u00f3 a sus amigos, a sus padres y a su hermana:<\/p>\n\n\n\n<p>\u2014 Os quiero. Y quiero seguir compartiendo momentos juntos, momentos que nos hagan sentir una dicha rebosante, de vernos unos a otros llenos de felicidad, atesorando nuestra libertad.<\/p>\n\n\n\n<p>FIN<\/p>\n\n\n\n<p>Zaida Ferrer Meca (categoria adults)<\/p>\n","protected":false},"excerpt":{"rendered":"<p>\u2014Mam\u00e1, \u00bfqu\u00e9 es el amor? Le dijo la ni\u00f1a a su madre, mir\u00e1ndola con cierta curiosidad y confusi\u00f3n, despu\u00e9s de escuchar aquella palabra que resonaba en la televisi\u00f3n.La mujer, tras pensarlo un buen rato, finalmente le respondi\u00f3: \u2014Pues mira, el amor es cuando conoces a una persona a la que quieres mucho, mucho, te casas y luego tienes hijos. Segu\u00eda sin entenderlo muy bien, pero decidi\u00f3 olvidarlo y seguir jugando<\/p>\n<a href=\"https:\/\/llefia.org\/santjordi\/la-pregunta\/\"> <div class=\"readmorelink\"><div class=\"rmtext\">[ Read More ]<\/div><\/div><\/a>","protected":false},"author":15,"featured_media":0,"parent":0,"menu_order":0,"comment_status":"closed","ping_status":"closed","template":"","meta":[],"_links":{"self":[{"href":"https:\/\/llefia.org\/santjordi\/wp-json\/wp\/v2\/pages\/591"}],"collection":[{"href":"https:\/\/llefia.org\/santjordi\/wp-json\/wp\/v2\/pages"}],"about":[{"href":"https:\/\/llefia.org\/santjordi\/wp-json\/wp\/v2\/types\/page"}],"author":[{"embeddable":true,"href":"https:\/\/llefia.org\/santjordi\/wp-json\/wp\/v2\/users\/15"}],"replies":[{"embeddable":true,"href":"https:\/\/llefia.org\/santjordi\/wp-json\/wp\/v2\/comments?post=591"}],"version-history":[{"count":1,"href":"https:\/\/llefia.org\/santjordi\/wp-json\/wp\/v2\/pages\/591\/revisions"}],"predecessor-version":[{"id":592,"href":"https:\/\/llefia.org\/santjordi\/wp-json\/wp\/v2\/pages\/591\/revisions\/592"}],"wp:attachment":[{"href":"https:\/\/llefia.org\/santjordi\/wp-json\/wp\/v2\/media?parent=591"}],"curies":[{"name":"wp","href":"https:\/\/api.w.org\/{rel}","templated":true}]}}