{"id":593,"date":"2026-04-20T23:13:24","date_gmt":"2026-04-20T21:13:24","guid":{"rendered":"https:\/\/llefia.org\/santjordi\/?page_id=593"},"modified":"2026-04-20T23:13:25","modified_gmt":"2026-04-20T21:13:25","slug":"un-vei-a-la-porta","status":"publish","type":"page","link":"https:\/\/llefia.org\/santjordi\/un-vei-a-la-porta\/","title":{"rendered":"Un ve\u00ed a la porta"},"content":{"rendered":"\n<p>Divendres en Maurici va caure. L&#8217;home acabava de sortir de la dutxa i s&#8217;estava posant els cal\u00e7otets quan, de cop i volta, es va trobar estirat a terra. Va cridar a l&#8217;Aurora, la seva muller, per\u00f2 la pobra dona, amb vuitanta-tres anys i geperudeta, no el podia aixecar.<br>A primer cop d&#8217;ull, semblava que en Maurici no havia pres mal i que nom\u00e9s s&#8217;havia ferit l&#8217;orgull, per\u00f2 en aquelles circumst\u00e0ncies l&#8217;incident resultava preocupant, ja que era el mes de febrer i no tenien la calefacci\u00f3 encesa. Engegar els radiadors el\u00e8ctrics resultava massa car i s&#8217;escalfaven amb una estufa de but\u00e0 que tenien col\u00b7locada al menjador. Les pensions no donaven per tot.<br>L&#8217;Aurora va pensar a trucar a la filla, encara que sabia que nom\u00e9s aconseguiria espantar-la. La nena s&#8217;havia casat amb un muntany\u00e8s feia un parell d&#8217;anys i vivien a la Vall d&#8217;Aran.<br>Demanar una ambul\u00e0ncia li semblava exagerat i el seu home era massa orgull\u00f3s. La veritat \u00e9s que a tots dos els feia una mica de vergonya que els veiessin tan desvalguts. Va passar gaireb\u00e9 una hora. En Maurici encara jeia al terra de la cambra de bany i havia agafat fred perqu\u00e8 nom\u00e9s duia els cal\u00e7otets entortolligats al turmell i tenia la pell humida. Tot i que havia intentat incorporar-se, li mancava for\u00e7a i les cames li feien figa. La dona li havia posat una tovallola al damunt, per\u00f2 la situaci\u00f3 s&#8217;estava tornant perillosa perqu\u00e8 el vell havia comen\u00e7at a queixar-se, tremolava i feia mala cara.<br>De sobte, va sonar el timbre. L&#8217;Aurora estava tan desesperada que va obrir sense miraments. La va sorprendre veure en Paco, el ve\u00ed a qui sempre mirava amb desconfian\u00e7a i saludava amb desgana. No li agradava gens la seva aparen\u00e7a i, per aquesta ra\u00f3, estava conven\u00e7uda que era una mala persona.<br>El noi havia sentit les lamentacions dels ancians des del seu pis i volia saber si estaven b\u00e9. L&#8217;Aurora li va explicar all\u00f2 que els passava, i per primer cop a la vida, es va alegrar que les parets fossin de paper.<br>En Paco va ser molt amable i fins i tot va ajudar en Maurici a posar-se el pijama i ficar-se al llit. Es va quedar una estoneta parlant amb l&#8217;Aurora i la va tranquil\u00b7litzar. Ella li va donar un tros de past\u00eds de formatge com a mostra d&#8217;agra\u00efment i es va sentir avergonyida per haver sigut sempre tan antip\u00e0tica amb el jove.<br>L&#8217;endem\u00e0 a l&#8217;escala, mentre l&#8217;Aurora intentava sortir il\u00b7lesa a un dels habituals interrogatoris de la xafardera del cinqu\u00e8, va passar en Paco i li va picar l&#8217;ullet. Ella li va somriure i va pensar que val m\u00e9s un ve\u00ed a la porta que un parent a Mallorca.<\/p>\n\n\n\n<p>Anna Abad\u00eda Abell\u00e0 (categoria adults)<\/p>\n","protected":false},"excerpt":{"rendered":"<p>Divendres en Maurici va caure. L&#8217;home acabava de sortir de la dutxa i s&#8217;estava posant els cal\u00e7otets quan, de cop i volta, es va trobar estirat a terra. Va cridar a l&#8217;Aurora, la seva muller, per\u00f2 la pobra dona, amb vuitanta-tres anys i geperudeta, no el podia aixecar.A primer cop d&#8217;ull, semblava que en Maurici no havia pres mal i que nom\u00e9s s&#8217;havia ferit l&#8217;orgull, per\u00f2 en aquelles circumst\u00e0ncies l&#8217;incident<\/p>\n<a href=\"https:\/\/llefia.org\/santjordi\/un-vei-a-la-porta\/\"> <div class=\"readmorelink\"><div class=\"rmtext\">[ Read More ]<\/div><\/div><\/a>","protected":false},"author":15,"featured_media":0,"parent":0,"menu_order":0,"comment_status":"closed","ping_status":"closed","template":"","meta":[],"_links":{"self":[{"href":"https:\/\/llefia.org\/santjordi\/wp-json\/wp\/v2\/pages\/593"}],"collection":[{"href":"https:\/\/llefia.org\/santjordi\/wp-json\/wp\/v2\/pages"}],"about":[{"href":"https:\/\/llefia.org\/santjordi\/wp-json\/wp\/v2\/types\/page"}],"author":[{"embeddable":true,"href":"https:\/\/llefia.org\/santjordi\/wp-json\/wp\/v2\/users\/15"}],"replies":[{"embeddable":true,"href":"https:\/\/llefia.org\/santjordi\/wp-json\/wp\/v2\/comments?post=593"}],"version-history":[{"count":1,"href":"https:\/\/llefia.org\/santjordi\/wp-json\/wp\/v2\/pages\/593\/revisions"}],"predecessor-version":[{"id":594,"href":"https:\/\/llefia.org\/santjordi\/wp-json\/wp\/v2\/pages\/593\/revisions\/594"}],"wp:attachment":[{"href":"https:\/\/llefia.org\/santjordi\/wp-json\/wp\/v2\/media?parent=593"}],"curies":[{"name":"wp","href":"https:\/\/api.w.org\/{rel}","templated":true}]}}