{"id":597,"date":"2026-04-20T23:17:02","date_gmt":"2026-04-20T21:17:02","guid":{"rendered":"https:\/\/llefia.org\/santjordi\/?page_id=597"},"modified":"2026-04-20T23:17:03","modified_gmt":"2026-04-20T21:17:03","slug":"estrella","status":"publish","type":"page","link":"https:\/\/llefia.org\/santjordi\/estrella\/","title":{"rendered":"ESTRELLA"},"content":{"rendered":"\n<p>Es va acostar a la barra sigil\u00b7losament,<br>gaireb\u00e9 de puntetes i amb veu queda es va atrevir a demanar una cervesa gelada a la cambrera despampanant de p\u00e8l daurat que es trobava darrere.<\/p>\n\n\n\n<p>El bar estava ple de gent i sonava m\u00fasica country de fons.<\/p>\n\n\n\n<p>-Disculpa, -va contestar ella, mirant-lo fixament amb els seus impressionants ulls verds-, em pots repetir el que vols? No t&#8217;he sentit b\u00e9.<\/p>\n\n\n\n<p>Ell, ruboritzat, per\u00f2 amb veu una mica m\u00e9s en\u00e8rgica va dir:<br>-Una rossa, fresca i amb cos, per favor.<\/p>\n\n\n\n<p>La cambrera, li va picar l&#8217;ullet i seguidament li va donar el seu n\u00famero de tel\u00e8fon.<\/p>\n\n\n\n<p>ESTRELLA (castellano)<\/p>\n\n\n\n<p>Se acerc\u00f3 a la barra sigilosamente,<br>casi de puntillas y con voz queda se atrevi\u00f3 a pedir una cerveza helada a la camarera despampanante de pelo dorado que se encontraba detr\u00e1s.<\/p>\n\n\n\n<p>El bar estaba repleto de gente y sonaba m\u00fasica country de fondo.<\/p>\n\n\n\n<p>-Disculpa, -contest\u00f3 ella, mir\u00e1ndolo fijamente con sus impresionantes ojos verdes-, \u00bfme puedes repetir lo que quieres? No te escuch\u00e9 bien.<\/p>\n\n\n\n<p>\u00c9l, ruborizado, pero con voz algo m\u00e1s en\u00e9rgica dijo:<br>-Una rubia, fresca y con cuerpo, por favor.<\/p>\n\n\n\n<p>La camarera, le gui\u00f1\u00f3 un ojo y seguidamente le dio su n\u00famero de tel\u00e9fono.<\/p>\n\n\n\n<p>Luisa L\u00f3pez G\u00f3mez (categoria adults)<\/p>\n","protected":false},"excerpt":{"rendered":"<p>Es va acostar a la barra sigil\u00b7losament,gaireb\u00e9 de puntetes i amb veu queda es va atrevir a demanar una cervesa gelada a la cambrera despampanant de p\u00e8l daurat que es trobava darrere. El bar estava ple de gent i sonava m\u00fasica country de fons. -Disculpa, -va contestar ella, mirant-lo fixament amb els seus impressionants ulls verds-, em pots repetir el que vols? No t&#8217;he sentit b\u00e9. Ell, ruboritzat, per\u00f2 amb<\/p>\n<a href=\"https:\/\/llefia.org\/santjordi\/estrella\/\"> <div class=\"readmorelink\"><div class=\"rmtext\">[ Read More ]<\/div><\/div><\/a>","protected":false},"author":15,"featured_media":0,"parent":0,"menu_order":0,"comment_status":"closed","ping_status":"closed","template":"","meta":[],"_links":{"self":[{"href":"https:\/\/llefia.org\/santjordi\/wp-json\/wp\/v2\/pages\/597"}],"collection":[{"href":"https:\/\/llefia.org\/santjordi\/wp-json\/wp\/v2\/pages"}],"about":[{"href":"https:\/\/llefia.org\/santjordi\/wp-json\/wp\/v2\/types\/page"}],"author":[{"embeddable":true,"href":"https:\/\/llefia.org\/santjordi\/wp-json\/wp\/v2\/users\/15"}],"replies":[{"embeddable":true,"href":"https:\/\/llefia.org\/santjordi\/wp-json\/wp\/v2\/comments?post=597"}],"version-history":[{"count":1,"href":"https:\/\/llefia.org\/santjordi\/wp-json\/wp\/v2\/pages\/597\/revisions"}],"predecessor-version":[{"id":598,"href":"https:\/\/llefia.org\/santjordi\/wp-json\/wp\/v2\/pages\/597\/revisions\/598"}],"wp:attachment":[{"href":"https:\/\/llefia.org\/santjordi\/wp-json\/wp\/v2\/media?parent=597"}],"curies":[{"name":"wp","href":"https:\/\/api.w.org\/{rel}","templated":true}]}}