{"id":599,"date":"2026-04-20T23:17:52","date_gmt":"2026-04-20T21:17:52","guid":{"rendered":"https:\/\/llefia.org\/santjordi\/?page_id=599"},"modified":"2026-04-20T23:17:53","modified_gmt":"2026-04-20T21:17:53","slug":"al-parc-no-jugo-sol","status":"publish","type":"page","link":"https:\/\/llefia.org\/santjordi\/al-parc-no-jugo-sol\/","title":{"rendered":"Al parc no jugo sol"},"content":{"rendered":"\n<p>Visc a Sant Antoni de Llefi\u00e0 i cada tarda vaig al parc despr\u00e9s de l\u2019escola. Sempre hi ha molts nens, alguns parlen com jo i altres parlen diferent. A vegades no entenc qu\u00e8 diuen, per\u00f2 quan juguen riuen i criden, i aix\u00f2 s\u00ed que s\u2019ent\u00e9n.<br>Un dia em vaig estar al gronxador sol perqu\u00e8 els meus amics no havien vingut. Llavors va venir un nen amb una pilota. Em va mirar i va dir una paraula que no vaig entendre, per\u00f2 em va passar la pilota amb el peu. Jo li vaig tornar i aix\u00ed vam comen\u00e7ar a jugar junts. No sab\u00edem dir-nos els noms, ni les normes del joc, ni res, per\u00f2 corr\u00edem, r\u00e8iem i, quan la pilota s\u2019escapava, els dos an\u00e0vem darrere d\u2019ella com si fos el partit m\u00e9s important del m\u00f3n.<br>Al cap d\u2019una estona, la seva mare el va cridar. Ell em va fer adeu amb la m\u00e0 i jo tamb\u00e9.<br>L\u2019endem\u00e0 va tornar i el seg\u00fcent tamb\u00e9. Des d\u2019aquell dia ja no jugo mai sol.<br>Un dia li vaig dir el meu nom i ell va somriure i em va dir el seu, que era molt dif\u00edcil.<br>A casa, li vaig explicar a la meva mare que tenia un amic nou. Em va preguntar d\u2019on era. Jo li vaig dir que no ho sabia, per\u00f2 s\u00ed que sabia una cosa: \u201cal parc, quan jugues amb alg\u00fa, no importa d\u2019on \u00e9s\u201d.<br>L\u2019endem\u00e0 li vaig voler dir el seu nom b\u00e9. No em sortia, per\u00f2 ell va riure. Llavors vam tornar a fer el que s\u00ed que sab\u00edem dir tots dos: jugar.<\/p>\n\n\n\n<p>Ventura Bertran Domingo (categoria infantil)<\/p>\n","protected":false},"excerpt":{"rendered":"<p>Visc a Sant Antoni de Llefi\u00e0 i cada tarda vaig al parc despr\u00e9s de l\u2019escola. Sempre hi ha molts nens, alguns parlen com jo i altres parlen diferent. A vegades no entenc qu\u00e8 diuen, per\u00f2 quan juguen riuen i criden, i aix\u00f2 s\u00ed que s\u2019ent\u00e9n.Un dia em vaig estar al gronxador sol perqu\u00e8 els meus amics no havien vingut. Llavors va venir un nen amb una pilota. Em va mirar<\/p>\n<a href=\"https:\/\/llefia.org\/santjordi\/al-parc-no-jugo-sol\/\"> <div class=\"readmorelink\"><div class=\"rmtext\">[ Read More ]<\/div><\/div><\/a>","protected":false},"author":15,"featured_media":0,"parent":0,"menu_order":0,"comment_status":"closed","ping_status":"closed","template":"","meta":[],"_links":{"self":[{"href":"https:\/\/llefia.org\/santjordi\/wp-json\/wp\/v2\/pages\/599"}],"collection":[{"href":"https:\/\/llefia.org\/santjordi\/wp-json\/wp\/v2\/pages"}],"about":[{"href":"https:\/\/llefia.org\/santjordi\/wp-json\/wp\/v2\/types\/page"}],"author":[{"embeddable":true,"href":"https:\/\/llefia.org\/santjordi\/wp-json\/wp\/v2\/users\/15"}],"replies":[{"embeddable":true,"href":"https:\/\/llefia.org\/santjordi\/wp-json\/wp\/v2\/comments?post=599"}],"version-history":[{"count":1,"href":"https:\/\/llefia.org\/santjordi\/wp-json\/wp\/v2\/pages\/599\/revisions"}],"predecessor-version":[{"id":600,"href":"https:\/\/llefia.org\/santjordi\/wp-json\/wp\/v2\/pages\/599\/revisions\/600"}],"wp:attachment":[{"href":"https:\/\/llefia.org\/santjordi\/wp-json\/wp\/v2\/media?parent=599"}],"curies":[{"name":"wp","href":"https:\/\/api.w.org\/{rel}","templated":true}]}}