{"id":613,"date":"2026-04-20T23:28:03","date_gmt":"2026-04-20T21:28:03","guid":{"rendered":"https:\/\/llefia.org\/santjordi\/?page_id=613"},"modified":"2026-04-20T23:28:03","modified_gmt":"2026-04-20T21:28:03","slug":"un-dia-en-gimnasia-ritmica","status":"publish","type":"page","link":"https:\/\/llefia.org\/santjordi\/un-dia-en-gimnasia-ritmica\/","title":{"rendered":"UN DIA EN GIMNASIA RITMICA"},"content":{"rendered":"\n<p>Me apunt\u00e9 a los tres a\u00f1os, ahora tengo ocho. \u00a1Me gusta mucho la gimnasia r\u00edtmica!<br>Voy a clase los lunes, mi\u00e9rcoles, jueves y viernes de cinco a ocho.<br>\u00bfQuereis saber qu\u00e9 pongo en la mochila? El mallot, unos pantalones cortos, la cinta, el aro y dos botellas de agua.<br>Comenzamos la classe con estiramientos. Despu\u00e9s hacemos barras, piruetas y mortales hacia atr\u00e1s. \u00a1Soy el\u00e0stica como un chicle!<br>La primera pirueta que hice fue el pino en el aire. Estoy en el grupo de las mayores porque voy muy adelantada. En estos cinco a\u00f1os he aprendido un mont\u00f3n y he participado en numerosas competiciones en solitario, las que m\u00e1s, y y grupales.<br>Es un deporte que me encanta y espero practicarlo muchos a\u00f1os m\u00e1s.<br>Lo recomiendo cien por cien porque te mantiene en forma saludable y visites otros lugares; yo he ido a Madrid, Tarragona, Casablanca,&#8230;y me gustaria seguir visitando m\u00e1s.<br>Y este ha sido un dia conmigo en gimnasia r\u00edtmica.<br>Os animo a probarlo y adi\u00f3s.<\/p>\n\n\n\n<p>Dunia El Hassani Moreno (categoria infantil)<\/p>\n","protected":false},"excerpt":{"rendered":"<p>Me apunt\u00e9 a los tres a\u00f1os, ahora tengo ocho. \u00a1Me gusta mucho la gimnasia r\u00edtmica!Voy a clase los lunes, mi\u00e9rcoles, jueves y viernes de cinco a ocho.\u00bfQuereis saber qu\u00e9 pongo en la mochila? El mallot, unos pantalones cortos, la cinta, el aro y dos botellas de agua.Comenzamos la classe con estiramientos. Despu\u00e9s hacemos barras, piruetas y mortales hacia atr\u00e1s. \u00a1Soy el\u00e0stica como un chicle!La primera pirueta que hice fue el<\/p>\n<a href=\"https:\/\/llefia.org\/santjordi\/un-dia-en-gimnasia-ritmica\/\"> <div class=\"readmorelink\"><div class=\"rmtext\">[ Read More ]<\/div><\/div><\/a>","protected":false},"author":15,"featured_media":0,"parent":0,"menu_order":0,"comment_status":"closed","ping_status":"closed","template":"","meta":[],"_links":{"self":[{"href":"https:\/\/llefia.org\/santjordi\/wp-json\/wp\/v2\/pages\/613"}],"collection":[{"href":"https:\/\/llefia.org\/santjordi\/wp-json\/wp\/v2\/pages"}],"about":[{"href":"https:\/\/llefia.org\/santjordi\/wp-json\/wp\/v2\/types\/page"}],"author":[{"embeddable":true,"href":"https:\/\/llefia.org\/santjordi\/wp-json\/wp\/v2\/users\/15"}],"replies":[{"embeddable":true,"href":"https:\/\/llefia.org\/santjordi\/wp-json\/wp\/v2\/comments?post=613"}],"version-history":[{"count":1,"href":"https:\/\/llefia.org\/santjordi\/wp-json\/wp\/v2\/pages\/613\/revisions"}],"predecessor-version":[{"id":614,"href":"https:\/\/llefia.org\/santjordi\/wp-json\/wp\/v2\/pages\/613\/revisions\/614"}],"wp:attachment":[{"href":"https:\/\/llefia.org\/santjordi\/wp-json\/wp\/v2\/media?parent=613"}],"curies":[{"name":"wp","href":"https:\/\/api.w.org\/{rel}","templated":true}]}}