{"id":615,"date":"2026-04-20T23:28:58","date_gmt":"2026-04-20T21:28:58","guid":{"rendered":"https:\/\/llefia.org\/santjordi\/?page_id=615"},"modified":"2026-04-20T23:28:58","modified_gmt":"2026-04-20T21:28:58","slug":"els-futbolins","status":"publish","type":"page","link":"https:\/\/llefia.org\/santjordi\/els-futbolins\/","title":{"rendered":"ELS FUTBOLINS"},"content":{"rendered":"\n<p>Em dic Adri\u00e1n, visc a Badalona i m\u2019encanta el futbol.<br>Es un esport que t\u2019ajuda a socialitzar, fer amics i mantenir-te en forma.<br>Actualment jugo a futbol gespa en l\u2019equip de futbol Llefi\u00e0.<br>La posici\u00f3 a la que jugo es davanter i defensa.<br>Vaig comen\u00e7ar a jugar a futbol als quatre anys a la escola Antoni Botey. Des dels cinc fins als sis anys vaig jugar a la escola Josep Carner. Dels sis als set anys vaig jugar a la escola Margarida Xirgu.<br>En aquestes tres escoles he jugat a futbol sala i ara vaig a dir les escoles a les que he jugat a futbol gespa. He jugat al Lloreda i despr\u00e9s al Llefi\u00e0. Des dels set anys fins als vuit anys vaig estar al Lloreda i des que tinc vuit anys jugo al Llefi\u00e0. Ja porto 3 anys al mateix equip.<br>A tots els equips que he jugat hem perdut i hem guanyat. Encara que no sempre guanyem, ens ho passem molt b\u00e9. Juguem amb altres equips d\u2019altres ciutats i compartim bons moments.<br>Jo he marcat 56 gols en total.<br>Visca el futbol!<\/p>\n\n\n\n<p>Adri\u00e1n Castro Villarroel (categoria infantil)<\/p>\n","protected":false},"excerpt":{"rendered":"<p>Em dic Adri\u00e1n, visc a Badalona i m\u2019encanta el futbol.Es un esport que t\u2019ajuda a socialitzar, fer amics i mantenir-te en forma.Actualment jugo a futbol gespa en l\u2019equip de futbol Llefi\u00e0.La posici\u00f3 a la que jugo es davanter i defensa.Vaig comen\u00e7ar a jugar a futbol als quatre anys a la escola Antoni Botey. Des dels cinc fins als sis anys vaig jugar a la escola Josep Carner. Dels sis als<\/p>\n<a href=\"https:\/\/llefia.org\/santjordi\/els-futbolins\/\"> <div class=\"readmorelink\"><div class=\"rmtext\">[ Read More ]<\/div><\/div><\/a>","protected":false},"author":15,"featured_media":0,"parent":0,"menu_order":0,"comment_status":"closed","ping_status":"closed","template":"","meta":[],"_links":{"self":[{"href":"https:\/\/llefia.org\/santjordi\/wp-json\/wp\/v2\/pages\/615"}],"collection":[{"href":"https:\/\/llefia.org\/santjordi\/wp-json\/wp\/v2\/pages"}],"about":[{"href":"https:\/\/llefia.org\/santjordi\/wp-json\/wp\/v2\/types\/page"}],"author":[{"embeddable":true,"href":"https:\/\/llefia.org\/santjordi\/wp-json\/wp\/v2\/users\/15"}],"replies":[{"embeddable":true,"href":"https:\/\/llefia.org\/santjordi\/wp-json\/wp\/v2\/comments?post=615"}],"version-history":[{"count":1,"href":"https:\/\/llefia.org\/santjordi\/wp-json\/wp\/v2\/pages\/615\/revisions"}],"predecessor-version":[{"id":616,"href":"https:\/\/llefia.org\/santjordi\/wp-json\/wp\/v2\/pages\/615\/revisions\/616"}],"wp:attachment":[{"href":"https:\/\/llefia.org\/santjordi\/wp-json\/wp\/v2\/media?parent=615"}],"curies":[{"name":"wp","href":"https:\/\/api.w.org\/{rel}","templated":true}]}}