{"id":617,"date":"2026-04-20T23:29:52","date_gmt":"2026-04-20T21:29:52","guid":{"rendered":"https:\/\/llefia.org\/santjordi\/?page_id=617"},"modified":"2026-04-20T23:29:53","modified_gmt":"2026-04-20T21:29:53","slug":"el-engano","status":"publish","type":"page","link":"https:\/\/llefia.org\/santjordi\/el-engano\/","title":{"rendered":"EL ENGA\u00d1O"},"content":{"rendered":"\n<p>Escribir, es una forma de expresar lo que nuestra mente o coraz\u00f3n quieren decir.<\/p>\n\n\n\n<p>A mis 50 a\u00f1os estoy tratando de encajar las piezas de mi puzle, al que llamo vida.<br>Y tal vez porque reci\u00e9n le veo alguna forma, es que empiezo a comprender a mi manera la historia que me cuenta.<br>Y veo sombras y luces, variedad de colores que se mezclan, mostrando oscuridad y luz.<br>Entonces retrocedo hasta el principio, ese momento en el que yo cre\u00eda que todo era verdad.<br>El comienzo de mi existir, donde aprend\u00ed lo que me ense\u00f1aron. Normas b\u00e1sicas de comportamiento, esenciales para vivir en civilizaci\u00f3n; normas m\u00e1s estrictas de respeto y ubicaci\u00f3n, trazadas por una l\u00ednea que muchos no nos atrevimos a traspasar jam\u00e1s.<br>Pero segu\u00ed creciendo, form\u00e9 mi propia familia, el tiempo impuso sus normas y entonces todo cambi\u00f3. Se borr\u00f3 el respeto, se esfum\u00f3 la ubicaci\u00f3n, el amor se fue extinguiendo y en muchos lugares simplemente desapareci\u00f3.<br>Por eso quedamos todos mezclados, ni\u00f1os, adolescentes, adultos, sin jerarqu\u00edas, en un mismo plano marcando territorio, sin importarnos las consecuencias de todo lo que se rompi\u00f3.<br>C\u00f3mo se arregla el enredo que hemos formado?<br>C\u00f3mo podemos volver a equilibrar la vida?<br>Si muchas veces busco y no encuentro porque nos perdimos, donde fue que pasamos de marcar el paso a perder el ritmo.<br>Cuando nos convertimos en marionetas y permitimos que nos ataran hilos? dej\u00e1ndonos manipular por los que llevan el control, entretenidos, convencidos de que este tiempo es mejor a todo lo anterior vivido.<br>Y seguimos perdiendo el sentido, mezclando verdades y mentiras sin un rumbo fijo, cinchando cada cual para su lado, viendo y escuchando barbaridades sin alzar la voz.<br>C\u00f3mo se despierta un coraz\u00f3n vac\u00edo?<br>C\u00f3mo se hace para unirnos y buscar entre todos la salida de \u00e9ste inmenso laberinto?<br>Si no somos capaces de darnos cuenta de nuestra fuerza, del poder\u00edo que nos han dormido.<br>El enga\u00f1o est\u00e1 entre nosotros cada d\u00eda, si lo seguimos alimentando seguir\u00e1 vivo y se har\u00e1 m\u00e1s grande todav\u00eda.<\/p>\n\n\n\n<p>Somos las olas que golpean las rocas<br>aunque algunas sean gigantes,<br>solo la perseverancia<br>les dar\u00e1 forma.<br><\/p>\n\n\n\n<p>Laura Reyes (categoria adults)<\/p>\n","protected":false},"excerpt":{"rendered":"<p>Escribir, es una forma de expresar lo que nuestra mente o coraz\u00f3n quieren decir. A mis 50 a\u00f1os estoy tratando de encajar las piezas de mi puzle, al que llamo vida.Y tal vez porque reci\u00e9n le veo alguna forma, es que empiezo a comprender a mi manera la historia que me cuenta.Y veo sombras y luces, variedad de colores que se mezclan, mostrando oscuridad y luz.Entonces retrocedo hasta el principio,<\/p>\n<a href=\"https:\/\/llefia.org\/santjordi\/el-engano\/\"> <div class=\"readmorelink\"><div class=\"rmtext\">[ Read More ]<\/div><\/div><\/a>","protected":false},"author":15,"featured_media":0,"parent":0,"menu_order":0,"comment_status":"closed","ping_status":"closed","template":"","meta":[],"_links":{"self":[{"href":"https:\/\/llefia.org\/santjordi\/wp-json\/wp\/v2\/pages\/617"}],"collection":[{"href":"https:\/\/llefia.org\/santjordi\/wp-json\/wp\/v2\/pages"}],"about":[{"href":"https:\/\/llefia.org\/santjordi\/wp-json\/wp\/v2\/types\/page"}],"author":[{"embeddable":true,"href":"https:\/\/llefia.org\/santjordi\/wp-json\/wp\/v2\/users\/15"}],"replies":[{"embeddable":true,"href":"https:\/\/llefia.org\/santjordi\/wp-json\/wp\/v2\/comments?post=617"}],"version-history":[{"count":1,"href":"https:\/\/llefia.org\/santjordi\/wp-json\/wp\/v2\/pages\/617\/revisions"}],"predecessor-version":[{"id":618,"href":"https:\/\/llefia.org\/santjordi\/wp-json\/wp\/v2\/pages\/617\/revisions\/618"}],"wp:attachment":[{"href":"https:\/\/llefia.org\/santjordi\/wp-json\/wp\/v2\/media?parent=617"}],"curies":[{"name":"wp","href":"https:\/\/api.w.org\/{rel}","templated":true}]}}