{"id":619,"date":"2026-04-20T23:31:44","date_gmt":"2026-04-20T21:31:44","guid":{"rendered":"https:\/\/llefia.org\/santjordi\/?page_id=619"},"modified":"2026-04-20T23:31:44","modified_gmt":"2026-04-20T21:31:44","slug":"alicia","status":"publish","type":"page","link":"https:\/\/llefia.org\/santjordi\/alicia\/","title":{"rendered":"ALICIA"},"content":{"rendered":"\n<p>Hab\u00eda una vez, una chica que viv\u00eda en un pueblo muy muy lejano, la chica se llamaba Alicia pero la llamaban Alice.<br>Ella no pod\u00eda permitirse una cesta de frutas o de verduras a la semana ya que en esos tiempos las personas machistas no permit\u00edan que las mujeres trabajaran y lo peor es que ella no ten\u00eda ning\u00fan hombre que la mantuviera ni que le ayudara a conseguir cosas del hogar.<br>Un d\u00eda normal en su pueblo vinieron unas se\u00f1oras ancianas a anunciar que la semana siguiente iba a llegar un tal pr\u00edncipe Eric a ofrecer trabajo a los hombres de la ciudad. A Alice se le ocurri\u00f3 una gran idea.<br>Fue a casa de su vecina a cambiar un vestido de seda por algunas prendas de su marido para que Alice se disfrazara de chico para poder acceder a uno de esos trabajos que propondr\u00eda el pr\u00edncipe.<br>A la semana siguiente, cuando lleg\u00f3 el pr\u00edncipe Eric a ofrecer trabajo, ella se le acerc\u00f3 para hablarle y decirle que si le pod\u00eda dar un trabajo fijo, que no fuera temporal.<br>El pr\u00edncipe Eric le dijo:<br>&#8211; Claro que s\u00ed, pero necesito saber si usted tiene vivienda y cuales es su situaci\u00f3n econ\u00f3mica.<br>Alice se puso nerviosa ya que \u00e9l no pod\u00eda saber donde ella viv\u00eda porque habr\u00eda posibilidades de que la descubrieran.<br>A pesar de todo, sali\u00f3 todo perfecto ya que el pr\u00edncipe Eric no sospech\u00f3 nada de la casa de Alice. Al d\u00eda siguiente pas\u00f3 un grupo de se\u00f1ores de parte del pr\u00edncipe Eric a recoger a los hombres del pueblo que hab\u00edan conseguido trabajo en la ciudad. Alice ya estaba lista para colarse en la carroza donde iban los trabajadores disfrazada de chico.<br>Los se\u00f1ores no sospecharon nada. El trabajo era en un almac\u00e9n de alimentaci\u00f3n empaquetando cestas de comida, etc.<br>A los d\u00edas Alice robaba comida todos los d\u00edas en el trabajo, hasta que un d\u00eda el pr\u00edncipe Eric, que era el jefe, la descubri\u00f3 echando comida en un saco extra\u00f1o. El le pregunto:<br>&#8211; \u00bfQu\u00e9 llevas ah\u00ed?<br>Ella dijo: &#8211; Nada, solo estoy haciendo mi trabajo.<br>Y el pr\u00edncipe Eric replic\u00f3: &#8211; \u00bfEn un saco? \u00bfNo estar\u00e1s robando, no?<br>Alice ya sab\u00eda que la hab\u00edan descubierto, as\u00ed que cogi\u00f3 el saco y sali\u00f3 corriendo, mientras que el pr\u00edncipe Eric la segu\u00eda con su caballo blanco.<br>Cuando Alice lleg\u00f3 a su pueblo, la terminaron atrapando los sirvientes del pr\u00edncipe y le quitaron el sombrero que le cubr\u00eda su precioso cabello casta\u00f1o y lacio.<br>El pr\u00edncipe Eric le pregunto porqu\u00e9 se disfraz\u00f3 de chico y ella le respondi\u00f3 con tristeza que era porque no ten\u00eda nada para comer, ni dinero para ropa, ni nada de nada.<br>El pr\u00edncipe Eric se enamor\u00f3 de su sinceridad y de su belleza yle ofreci\u00f3 matrimonio y ella muy feliz le dijo que s\u00ed.<br>Al tiempo de vivir juntos se amaron profundamente.<br>Alice se convirti\u00f3 en princesa y no le volvi\u00f3 a faltar nada el resto de su vida, y as\u00ed acaba la gran historia de Alice.<\/p>\n\n\n\n<p>Adriana Gavarrete Mart\u00ednez (categoria juvenil)<\/p>\n","protected":false},"excerpt":{"rendered":"<p>Hab\u00eda una vez, una chica que viv\u00eda en un pueblo muy muy lejano, la chica se llamaba Alicia pero la llamaban Alice.Ella no pod\u00eda permitirse una cesta de frutas o de verduras a la semana ya que en esos tiempos las personas machistas no permit\u00edan que las mujeres trabajaran y lo peor es que ella no ten\u00eda ning\u00fan hombre que la mantuviera ni que le ayudara a conseguir cosas del<\/p>\n<a href=\"https:\/\/llefia.org\/santjordi\/alicia\/\"> <div class=\"readmorelink\"><div class=\"rmtext\">[ Read More ]<\/div><\/div><\/a>","protected":false},"author":15,"featured_media":0,"parent":0,"menu_order":0,"comment_status":"closed","ping_status":"closed","template":"","meta":[],"_links":{"self":[{"href":"https:\/\/llefia.org\/santjordi\/wp-json\/wp\/v2\/pages\/619"}],"collection":[{"href":"https:\/\/llefia.org\/santjordi\/wp-json\/wp\/v2\/pages"}],"about":[{"href":"https:\/\/llefia.org\/santjordi\/wp-json\/wp\/v2\/types\/page"}],"author":[{"embeddable":true,"href":"https:\/\/llefia.org\/santjordi\/wp-json\/wp\/v2\/users\/15"}],"replies":[{"embeddable":true,"href":"https:\/\/llefia.org\/santjordi\/wp-json\/wp\/v2\/comments?post=619"}],"version-history":[{"count":1,"href":"https:\/\/llefia.org\/santjordi\/wp-json\/wp\/v2\/pages\/619\/revisions"}],"predecessor-version":[{"id":620,"href":"https:\/\/llefia.org\/santjordi\/wp-json\/wp\/v2\/pages\/619\/revisions\/620"}],"wp:attachment":[{"href":"https:\/\/llefia.org\/santjordi\/wp-json\/wp\/v2\/media?parent=619"}],"curies":[{"name":"wp","href":"https:\/\/api.w.org\/{rel}","templated":true}]}}