{"id":621,"date":"2026-04-20T23:32:40","date_gmt":"2026-04-20T21:32:40","guid":{"rendered":"https:\/\/llefia.org\/santjordi\/?page_id=621"},"modified":"2026-04-20T23:32:40","modified_gmt":"2026-04-20T21:32:40","slug":"el-refugio-de-su-mirada","status":"publish","type":"page","link":"https:\/\/llefia.org\/santjordi\/el-refugio-de-su-mirada\/","title":{"rendered":"El refugio de su mirada"},"content":{"rendered":"\n<p>Ella hab\u00eda huido de Mauritania, con la mayor\u00eda de su familia, dejando atr\u00e1s con todo el dolor de su coraz\u00f3n a sus padres, demasiado mayores para aventurarse en una traves\u00eda tan arriesgada.<br>Su marido y sus hijos eran su bien m\u00e1s preciado, pues las mafias les hab\u00edan parasitado todos sus ahorros, producto de a\u00f1os de trabajo y penurias para poder realizar el peligroso periplo; aunque lo \u00fanico que no podr\u00edan arrebatarla jam\u00e1s era el cari\u00f1o por los suyos y una firme esperanza en una existencia mejor, lejos de la miseria y de guerras fratricidas.<br>Bordearon la costa africana, tan ex\u00f3tica a sus ojos como lo hab\u00eda sido para aquellas potencias coloniales que, siglos atr\u00e1s, hab\u00edan querido imponer sus costumbres y su lengua a pueblos ancestrales. Aunque jam\u00e1s pudieron arrancarle su alma imperecedera.<br>Al principio fue bien, a pesar de que aquella embarcaci\u00f3n no era m\u00e1s que una m\u00edsera barcaza que zozobraba al igual que los numerosos y atenazados esp\u00edritus que la poblaban en demas\u00eda, haciendo que navegara al l\u00edmite de su exiguo poder.<br>La mayor\u00eda eran mujeres y ni\u00f1os, pues los hombres eran minor\u00eda en aquella ruta en el mar de la incertidumbre m\u00e1s absoluta; la mayor\u00eda de los esposos lo hab\u00edan intentado antes, aunque muchos se hab\u00edan quedado en el camino.<br>Algunas musitaban para sus adentros y los ni\u00f1os m\u00e1s crecidos permanec\u00edan mudos, m\u00e1s que de asombro, perturbados por aquel oc\u00e9ano infinito que bramaba con voz estent\u00f3rea.<br>Solamente los beb\u00e9s lloraban a la inmensidad, cuyo espejo demacrado era el rostro de sus madres; as\u00ed era la terrible singladura.<br>Tras un tiempo que hab\u00eda durado una angustiosa eternidad, cruzaron el Estrecho, rumbo a las costas de Espa\u00f1a. A lo lejos se ve\u00edan las luces esperanzadoras de una tierra prometida en la que anclar sus sue\u00f1os en los cimientos de las ilusiones que se convierten en realidad. Se abraz\u00f3 a su familia con \u00e1nimo renovado, pues pronto estar\u00edan a salvo&#8230;<br>M\u00e1s tarde, cuando despert\u00f3 de lo que parec\u00eda una pesadilla, en un ag\u00f3nico parpadeo recordaba los instantes vividos, como si fuera una pel\u00edcula atroz filmada a c\u00e1mara lenta.<br>Cuando abr\u00eda sus ojos le cegaba la hiriente luz de la crudeza m\u00e1s descarnada y, al cerrarlos, recordaba c\u00f3mo hab\u00eda entrado una v\u00eda de agua en la barca, pereciendo la mayor\u00eda de sus ocupantes, entre ellos todos los suyos. \u00bfQu\u00e9 le quedaba, entonces&#8230;?, \u00bf\u00fanicamente un interminable abismo con paredes hechas de cortante y negra locura?<br>Los pocos supervivientes fueron atendidos, en primera instancia, en una playa cualquiera de una poblaci\u00f3n desconocida por ba\u00f1istas que estaban ya acostumbrados, por desgracia, a aquellas recurrentes tragedias; poco despu\u00e9s, lleg\u00f3 la polic\u00eda, acompa\u00f1ada de la Cruz Roja para auxiliarles en lo que pudieran.<br>Una manta cubr\u00eda sus ajados hombros, vencidos por un peso insoportable; un caldo caliente era aferrado con mansedumbre por sus manos temblorosas y todas sus l\u00e1grimas se hab\u00edan fundido -parec\u00eda que hac\u00eda milenios-, en lo m\u00e1s profundo de aquel mar traicionero, d\u00e1ndole una apariencia \u00e1spera. \u00a1Ojal\u00e1, aunque fuera solamente una de ellas, salvara aquella fosa abisal y rozara los labios y la frente de sus seres queridos, d\u00e1ndoles una l\u00e1nguida despedida en aquella tumba sin nombre!<br>Una mujer le pregunt\u00f3 en franc\u00e9s c\u00f3mo estaba y qu\u00e9 necesitaba, abstrayendo sus sombr\u00edos pensamientos por un instante; no la contest\u00f3 de inmediato, la visi\u00f3n y el alma a\u00fan perdidas, pero hubo un momento en que la trayectoria de sus ojos se cruzaron y, a\u00fan incipiente, encontr\u00f3 en aquellos dos faros la llama de la comprensi\u00f3n; una capa de dulzura los hac\u00eda brillar amistosamente.<br>Los cimientos eran todav\u00eda muy inestables, pero eran el inicio, a\u00fan inseguro, de un cobijo para su ser maltrecho y desamparado; a\u00fan tardar\u00eda mucho en techarlo y hacerlo m\u00ednimamente habitable; aunque lo comenz\u00f3 a construir el refugio de aquella tierna mirada.<\/p>\n\n\n\n<p>Oscar S\u00e1nchez Garc\u00eda (categoria adults)<\/p>\n","protected":false},"excerpt":{"rendered":"<p>Ella hab\u00eda huido de Mauritania, con la mayor\u00eda de su familia, dejando atr\u00e1s con todo el dolor de su coraz\u00f3n a sus padres, demasiado mayores para aventurarse en una traves\u00eda tan arriesgada.Su marido y sus hijos eran su bien m\u00e1s preciado, pues las mafias les hab\u00edan parasitado todos sus ahorros, producto de a\u00f1os de trabajo y penurias para poder realizar el peligroso periplo; aunque lo \u00fanico que no podr\u00edan arrebatarla<\/p>\n<a href=\"https:\/\/llefia.org\/santjordi\/el-refugio-de-su-mirada\/\"> <div class=\"readmorelink\"><div class=\"rmtext\">[ Read More ]<\/div><\/div><\/a>","protected":false},"author":15,"featured_media":0,"parent":0,"menu_order":0,"comment_status":"closed","ping_status":"closed","template":"","meta":[],"_links":{"self":[{"href":"https:\/\/llefia.org\/santjordi\/wp-json\/wp\/v2\/pages\/621"}],"collection":[{"href":"https:\/\/llefia.org\/santjordi\/wp-json\/wp\/v2\/pages"}],"about":[{"href":"https:\/\/llefia.org\/santjordi\/wp-json\/wp\/v2\/types\/page"}],"author":[{"embeddable":true,"href":"https:\/\/llefia.org\/santjordi\/wp-json\/wp\/v2\/users\/15"}],"replies":[{"embeddable":true,"href":"https:\/\/llefia.org\/santjordi\/wp-json\/wp\/v2\/comments?post=621"}],"version-history":[{"count":1,"href":"https:\/\/llefia.org\/santjordi\/wp-json\/wp\/v2\/pages\/621\/revisions"}],"predecessor-version":[{"id":622,"href":"https:\/\/llefia.org\/santjordi\/wp-json\/wp\/v2\/pages\/621\/revisions\/622"}],"wp:attachment":[{"href":"https:\/\/llefia.org\/santjordi\/wp-json\/wp\/v2\/media?parent=621"}],"curies":[{"name":"wp","href":"https:\/\/api.w.org\/{rel}","templated":true}]}}