{"id":627,"date":"2026-04-20T23:39:44","date_gmt":"2026-04-20T21:39:44","guid":{"rendered":"https:\/\/llefia.org\/santjordi\/?page_id=627"},"modified":"2026-04-22T21:56:04","modified_gmt":"2026-04-22T19:56:04","slug":"categoria-adults-2026","status":"publish","type":"page","link":"https:\/\/llefia.org\/santjordi\/categoria-adults-2026\/","title":{"rendered":"Categoria adults 2026"},"content":{"rendered":"\n<ul><li><a href=\"https:\/\/llefia.org\/santjordi\/buscant-la-dona-perfecta\/\" data-type=\"page\" data-id=\"561\">BUSCAN<strong>T LA DONA PERFECTA<\/strong><\/a> Ramon Gonz\u00e1lez Reverter<\/li><li><a href=\"https:\/\/llefia.org\/santjordi\/una-batalla-sense-peons\/\" data-type=\"page\" data-id=\"563\"><strong>UNA BATALLA SENSE PEONS<\/strong><\/a> Lourdes Rosell\u00f3 Oll\u00e9<\/li><li><strong><a href=\"https:\/\/llefia.org\/santjordi\/lespera\/\" data-type=\"page\" data-id=\"565\" target=\"_blank\" rel=\"noreferrer noopener\">L&#8217;ESPERA<\/a><\/strong> Montserrat Pi Mas<\/li><li><a href=\"https:\/\/llefia.org\/santjordi\/alli-donde-fueres\/\" data-type=\"page\" data-id=\"569\"><strong>All\u00ed donde fueres\u2026<\/strong><\/a> Manel Artero Badenes<\/li><li><a href=\"https:\/\/llefia.org\/santjordi\/llevo-detras-de-ella-toda-una-vida\/\" data-type=\"page\" data-id=\"571\"><strong>Llevo detr\u00e1s de ella toda una vida\u2026<\/strong><\/a> Alba Navarrete Rodriguez<\/li><li><strong><a href=\"https:\/\/llefia.org\/santjordi\/una-voz-del-pasado\/\" data-type=\"page\" data-id=\"573\">Una voz del pasado<\/a> <\/strong>Teresa Mart\u00ednez Chicote<\/li><li><a href=\"https:\/\/llefia.org\/santjordi\/como-seguir-amando-despues-de-una-vida\/\" data-type=\"page\" data-id=\"575\"><strong>C\u00f3mo seguir amando despu\u00e9s de una vida<\/strong><\/a> Anuncia Esteban Mart\u00edn<\/li><li><a href=\"https:\/\/llefia.org\/santjordi\/el-selfi\/\" data-type=\"page\" data-id=\"577\"><strong>El selfi.<\/strong><\/a> Marta Tadeo<\/li><li><a href=\"https:\/\/llefia.org\/santjordi\/el-regal\/\" data-type=\"page\" data-id=\"579\"><strong>EL REGAL<\/strong><\/a> Esteve Cristi\u00e0 Gasull<\/li><li><a href=\"https:\/\/llefia.org\/santjordi\/las-lagrimas-de-minerva\/\" data-type=\"page\" data-id=\"581\"><strong>Las l\u00e1grimas de Minerva<\/strong><\/a> \u00d3scar Lechuga Samper (\u00d3scar Green)<\/li><li><a href=\"https:\/\/llefia.org\/santjordi\/muelle\/\" data-type=\"page\" data-id=\"589\"><strong>Muelle<\/strong><\/a> Humberto Cuenca<\/li><li><a href=\"https:\/\/llefia.org\/santjordi\/la-pregunta\/\" data-type=\"page\" data-id=\"591\"><strong>La pregunta<\/strong><\/a> Zaida Ferrer Meca<\/li><li><a href=\"https:\/\/llefia.org\/santjordi\/un-vei-a-la-porta\/\" data-type=\"page\" data-id=\"593\"><strong>Un ve\u00ed a la porta<\/strong><\/a> Anna Abad\u00eda Abell\u00e0<\/li><li><strong><a href=\"https:\/\/llefia.org\/santjordi\/estrella\/\" data-type=\"page\" data-id=\"597\">ESTRELLA<\/a> <\/strong>Luisa L\u00f3pez G\u00f3mez<\/li><li><a href=\"https:\/\/llefia.org\/santjordi\/un-instante-llamado-siempre\/\" data-type=\"page\" data-id=\"601\"><strong>Un instante llamado siempre<\/strong><\/a> Jos\u00e9 Morales L\u00f3pez<\/li><li><strong><a href=\"https:\/\/llefia.org\/santjordi\/aquella-tarda-em-va-agafar-dinant\/\" data-type=\"page\" data-id=\"603\">Aquella tarda em va agafar dinant\u2026<\/a> <\/strong>Miguel Carmona Romero<\/li><li><a href=\"https:\/\/llefia.org\/santjordi\/el-engano\/\" data-type=\"page\" data-id=\"617\"><strong>EL ENGA\u00d1O<\/strong><\/a> Laura Reyes<\/li><li><a href=\"https:\/\/llefia.org\/santjordi\/el-refugio-de-su-mirada\/\" data-type=\"page\" data-id=\"621\"><strong>El refugio de su mirada<\/strong><\/a> Oscar S\u00e1nchez Garc\u00eda<\/li><li><a href=\"https:\/\/llefia.org\/santjordi\/la-fractura-invisible\/\" data-type=\"page\" data-id=\"623\"><strong>LA FRACTURA INVISIBLE.<\/strong><\/a> S\u00f2nia<\/li><li><a href=\"https:\/\/llefia.org\/santjordi\/aroma-a-infancia\/\" data-type=\"page\" data-id=\"625\"><strong>AROMA A INFANCIA<\/strong><\/a> Montse Movilla Moreno<\/li><\/ul>\n","protected":false},"excerpt":{"rendered":"<p>BUSCANT LA DONA PERFECTA Ramon Gonz\u00e1lez Reverter UNA BATALLA SENSE PEONS Lourdes Rosell\u00f3 Oll\u00e9 L&#8217;ESPERA Montserrat Pi Mas All\u00ed donde fueres\u2026 Manel Artero Badenes Llevo detr\u00e1s de ella toda una vida\u2026 Alba Navarrete Rodriguez Una voz del pasado Teresa Mart\u00ednez Chicote C\u00f3mo seguir amando despu\u00e9s de una vida Anuncia Esteban Mart\u00edn El selfi. Marta Tadeo EL REGAL Esteve Cristi\u00e0 Gasull Las l\u00e1grimas de Minerva \u00d3scar Lechuga Samper (\u00d3scar Green) Muelle<\/p>\n<a href=\"https:\/\/llefia.org\/santjordi\/categoria-adults-2026\/\"> <div class=\"readmorelink\"><div class=\"rmtext\">[ Read More ]<\/div><\/div><\/a>","protected":false},"author":15,"featured_media":0,"parent":0,"menu_order":0,"comment_status":"closed","ping_status":"closed","template":"","meta":[],"_links":{"self":[{"href":"https:\/\/llefia.org\/santjordi\/wp-json\/wp\/v2\/pages\/627"}],"collection":[{"href":"https:\/\/llefia.org\/santjordi\/wp-json\/wp\/v2\/pages"}],"about":[{"href":"https:\/\/llefia.org\/santjordi\/wp-json\/wp\/v2\/types\/page"}],"author":[{"embeddable":true,"href":"https:\/\/llefia.org\/santjordi\/wp-json\/wp\/v2\/users\/15"}],"replies":[{"embeddable":true,"href":"https:\/\/llefia.org\/santjordi\/wp-json\/wp\/v2\/comments?post=627"}],"version-history":[{"count":4,"href":"https:\/\/llefia.org\/santjordi\/wp-json\/wp\/v2\/pages\/627\/revisions"}],"predecessor-version":[{"id":649,"href":"https:\/\/llefia.org\/santjordi\/wp-json\/wp\/v2\/pages\/627\/revisions\/649"}],"wp:attachment":[{"href":"https:\/\/llefia.org\/santjordi\/wp-json\/wp\/v2\/media?parent=627"}],"curies":[{"name":"wp","href":"https:\/\/api.w.org\/{rel}","templated":true}]}}