{"id":109,"date":"2021-04-15T00:26:28","date_gmt":"2021-04-14T22:26:28","guid":{"rendered":"https:\/\/llefia.org\/stopcasesapostes\/?page_id=109"},"modified":"2022-11-06T19:13:16","modified_gmt":"2022-11-06T17:13:16","slug":"noticies-als-mitjans","status":"publish","type":"page","link":"https:\/\/llefia.org\/stopcasesapostes\/noticies-als-mitjans\/","title":{"rendered":"Not\u00edcies als mitjans"},"content":{"rendered":"<p><a href=\"https:\/\/enacast.com\/radiob\/programs\/connectatsalestiu\" target=\"_blank\" rel=\"noopener\">Connectats<\/a> (31\/10\/2022): Entrevista al programa Connectats, magaz\u00edn d&#8217;actualitat de les emissores locals, sobre la lluita de la plataforma i l&#8217;aprovaci\u00f3 del pla per a restringir obertura de sales d&#8217;apostes i bingos a Badalona<\/p>\n\n\n<figure class=\"wp-block-audio\"><audio controls src=\"http:\/\/llefia.org\/stopcasesapostes\/wp-content\/uploads\/sites\/31\/2022\/11\/2022-10-31_11584_connectatsalestiu_Entrevista_StopCasesApostes_Aprovacio-normativa.mp3\"><\/audio><\/figure>\n\n\n\n<p>La Vanguardia (25\/10\/2022): <a href=\"https:\/\/www.lavanguardia.com\/local\/barcelones-nord\/20221025\/8581678\/badalona-restringe-implantacion-salas-juego-termino-municipal.html\" target=\"_blank\" rel=\"noreferrer noopener\">Badalona restringe la implantaci\u00f3n de salas de juego en su t\u00e9rmino municipal <\/a><\/p>\n\n\n\n<p>L&#8217;Independent (26\/10\/2022): <a rel=\"noreferrer noopener\" href=\"https:\/\/independentbadalona.cat\/setmanari\/noticia\/1191-s-aprova-per-unanimitat-el-pla-que-evitara-obrir-sales-de-bingo-i-joc-a-prop-de-centres-de-salut-entitats-socials-educatives-i-biblioteques\" data-type=\"URL\" data-id=\"https:\/\/independentbadalona.cat\/setmanari\/noticia\/1191-s-aprova-per-unanimitat-el-pla-que-evitara-obrir-sales-de-bingo-i-joc-a-prop-de-centres-de-salut-entitats-socials-educatives-i-biblioteques\" target=\"_blank\">S\u2019aprova per unanimitat el pla que evitar\u00e0 obrir sales de bingo i joc a prop de centres de salut, entitats socials, educatives i biblioteques<\/a><\/p>\n\n\n\n<figure class=\"wp-block-embed is-type-video is-provider-youtube wp-block-embed-youtube wp-embed-aspect-16-9 wp-has-aspect-ratio\"><div class=\"wp-block-embed__wrapper\">\n<iframe loading=\"lazy\" title=\"Aprovaci\u00f3 normativa contra Bingo i Cases d&#039;Apostes a Badalona\" width=\"750\" height=\"422\" src=\"https:\/\/www.youtube.com\/embed\/McIKpM64Hqk?feature=oembed\" frameborder=\"0\" allow=\"accelerometer; autoplay; clipboard-write; encrypted-media; gyroscope; picture-in-picture\" allowfullscreen><\/iframe>\n<\/div><figcaption>Not\u00edcia a Badalona TV 26\/10\/2022 Aprovaci\u00f3 Normativa contra Bingo i Cases d&#8217;Apostes a Badalona<\/figcaption><\/figure>\n\n\n\n<figure class=\"wp-block-embed is-type-video is-provider-youtube wp-block-embed-youtube wp-embed-aspect-16-9 wp-has-aspect-ratio\"><div class=\"wp-block-embed__wrapper\">\n<iframe loading=\"lazy\" title=\"M\u00e9s de 45 entitats badalonines intenten evitar que s&#039;obri un bingo a Llefi\u00e0 - Badalona Tres60\" width=\"750\" height=\"422\" src=\"https:\/\/www.youtube.com\/embed\/rtbNAw0fqyE?feature=oembed\" frameborder=\"0\" allow=\"accelerometer; autoplay; clipboard-write; encrypted-media; gyroscope; picture-in-picture\" allowfullscreen><\/iframe>\n<\/div><figcaption>Entrevista al programa Badalona 360 Televisi\u00f3 de Badalona (21\/04\/2021)<\/figcaption><\/figure>\n\n\n\n<figure class=\"wp-block-embed is-type-video is-provider-youtube wp-block-embed-youtube wp-embed-aspect-16-9 wp-has-aspect-ratio\"><div class=\"wp-block-embed__wrapper\">\n<iframe loading=\"lazy\" title=\"Notic\u00eda a informatiu migdia Televisi\u00f3 Badalona\" width=\"750\" height=\"422\" src=\"https:\/\/www.youtube.com\/embed\/ppM52R0G7-U?feature=oembed\" frameborder=\"0\" allow=\"accelerometer; autoplay; clipboard-write; encrypted-media; gyroscope; picture-in-picture\" allowfullscreen><\/iframe>\n<\/div><figcaption><strong>Televis\u00f3 de Badalona<\/strong>: Informatiu migdia (13\/04\/2021)<\/figcaption><\/figure>\n\n\n\n<p>L&#8217;independent: <a href=\"https:\/\/independentbadalona.cat\/setmanari\/noticia\/888-l-ajuntament-de-badalona-va-dir-a-la-generalitat-que-el-local-on-es-vol-obrir-un-bingo-a-llefia-es-apte-per-a-us-recreatiu\" target=\"_blank\" rel=\"noreferrer noopener\">L\u2019Ajuntament de Badalona va dir a la Generalitat que el local on es vol obrir un bingo a Llefi\u00e0 \u00e9s apte per a \u00fas recreatiu<\/a><\/p>\n\n\n\n<p><strong>El Peri\u00f3dico<\/strong>: <a rel=\"noreferrer noopener\" href=\"https:\/\/www.elperiodico.com\/es\/badalona\/20210414\/asociaciones-vecinales-badalona-oponen-instalacion-11655890\" target=\"_blank\">Asociaciones vecinales de Badalona se oponen a la instalaci\u00f3n de un bingo en el barrio de Llefi\u00e0<\/a><\/p>\n\n\n\n<p><strong>La Vanguardia<\/strong>: <a rel=\"noreferrer noopener\" href=\"https:\/\/www.lavanguardia.com\/local\/barcelones-nord\/20210414\/6752470\/vecinos-llefia-badalona-movilizan-bingo-sala-apuestas.amp.html\" target=\"_blank\">Vecinos de Llefi\u00e0 en Badalona se movilizan contra un Bingo y una sala de apuestas<\/a><\/p>\n\n\n\n<p><strong>L&#8217;independent<\/strong>: <a rel=\"noreferrer noopener\" href=\"https:\/\/independentbadalona.cat\/setmanari\/noticia\/886-les-entitats-de-llefia-en-peu-de-guerra-contra-l-obertura-d-un-bingo-en-una-zona-molt-castigada-per-la-precarietat\" target=\"_blank\">Les entitats de Llefi\u00e0 en peu de guerra contra l\u2019obertura d\u2019un bingo en una zona molt castigada per la precarietat<\/a><\/p>\n\n\n\n<p><strong>L\u00ednia Nord Barcelon\u00e8s<\/strong>: <a rel=\"noreferrer noopener\" href=\"https:\/\/liniaxarxa.cat\/linianord-barcelonesnord\/noticies\/oposicio-frontal-a-lobertura-dun-nou-bingo-a-llefia\/\" target=\"_blank\">Oposici\u00f3 frontal a l\u2019obertura d\u2019un nou bingo a Llefi\u00e0<\/a><\/p>\n\n\n\n<p><strong>El Tot<\/strong>: <a rel=\"noreferrer noopener\" href=\"https:\/\/www.eltotbadalona.cat\/presentada-la-campanya-contra-la-installacio-dun-bingo-a-llefia\/\" target=\"_blank\">Presentada la campanya contra la instal\u00b7laci\u00f3 d\u2019un bingo a Llefi\u00e0<\/a><\/p>\n","protected":false},"excerpt":{"rendered":"<p>Connectats (31\/10\/2022): Entrevista al programa Connectats, magaz\u00edn d&#8217;actualitat de les emissores locals, sobre la lluita de la plataforma i l&#8217;aprovaci\u00f3 del pla per a restringir obertura de sales d&#8217;apostes i bingos a Badalona La Vanguardia (25\/10\/2022): Badalona restringe la implantaci\u00f3n de salas de juego en su t\u00e9rmino municipal L&#8217;Independent (26\/10\/2022): S\u2019aprova per unanimitat el pla&hellip; <a class=\"more-link\" href=\"https:\/\/llefia.org\/stopcasesapostes\/noticies-als-mitjans\/\">Continueu llegint <span class=\"screen-reader-text\">Not\u00edcies als mitjans<\/span><\/a><\/p>\n","protected":false},"author":15,"featured_media":0,"parent":0,"menu_order":0,"comment_status":"closed","ping_status":"closed","template":"","meta":[],"_links":{"self":[{"href":"https:\/\/llefia.org\/stopcasesapostes\/wp-json\/wp\/v2\/pages\/109"}],"collection":[{"href":"https:\/\/llefia.org\/stopcasesapostes\/wp-json\/wp\/v2\/pages"}],"about":[{"href":"https:\/\/llefia.org\/stopcasesapostes\/wp-json\/wp\/v2\/types\/page"}],"author":[{"embeddable":true,"href":"https:\/\/llefia.org\/stopcasesapostes\/wp-json\/wp\/v2\/users\/15"}],"replies":[{"embeddable":true,"href":"https:\/\/llefia.org\/stopcasesapostes\/wp-json\/wp\/v2\/comments?post=109"}],"version-history":[{"count":20,"href":"https:\/\/llefia.org\/stopcasesapostes\/wp-json\/wp\/v2\/pages\/109\/revisions"}],"predecessor-version":[{"id":239,"href":"https:\/\/llefia.org\/stopcasesapostes\/wp-json\/wp\/v2\/pages\/109\/revisions\/239"}],"wp:attachment":[{"href":"https:\/\/llefia.org\/stopcasesapostes\/wp-json\/wp\/v2\/media?parent=109"}],"curies":[{"name":"wp","href":"https:\/\/api.w.org\/{rel}","templated":true}]}}