{"id":125,"date":"2021-04-15T15:53:29","date_gmt":"2021-04-15T13:53:29","guid":{"rendered":"https:\/\/llefia.org\/stopcasesapostes\/?page_id=125"},"modified":"2021-04-15T16:07:35","modified_gmt":"2021-04-15T14:07:35","slug":"contactar","status":"publish","type":"page","link":"https:\/\/llefia.org\/stopcasesapostes\/contactar\/","title":{"rendered":"Contactar"},"content":{"rendered":"\n<p>Si voleu contactar-nos per participar, consultar o m\u00e9s informaci\u00f3 sobre la campanya us podeu adre\u00e7ar al correu: stopcasesapostes@llefia.org<\/p>\n","protected":false},"excerpt":{"rendered":"<p>Si voleu contactar-nos per participar, consultar o m\u00e9s informaci\u00f3 sobre la campanya us podeu adre\u00e7ar al correu: stopcasesapostes@llefia.org<\/p>\n","protected":false},"author":15,"featured_media":0,"parent":0,"menu_order":0,"comment_status":"closed","ping_status":"closed","template":"","meta":[],"_links":{"self":[{"href":"https:\/\/llefia.org\/stopcasesapostes\/wp-json\/wp\/v2\/pages\/125"}],"collection":[{"href":"https:\/\/llefia.org\/stopcasesapostes\/wp-json\/wp\/v2\/pages"}],"about":[{"href":"https:\/\/llefia.org\/stopcasesapostes\/wp-json\/wp\/v2\/types\/page"}],"author":[{"embeddable":true,"href":"https:\/\/llefia.org\/stopcasesapostes\/wp-json\/wp\/v2\/users\/15"}],"replies":[{"embeddable":true,"href":"https:\/\/llefia.org\/stopcasesapostes\/wp-json\/wp\/v2\/comments?post=125"}],"version-history":[{"count":2,"href":"https:\/\/llefia.org\/stopcasesapostes\/wp-json\/wp\/v2\/pages\/125\/revisions"}],"predecessor-version":[{"id":128,"href":"https:\/\/llefia.org\/stopcasesapostes\/wp-json\/wp\/v2\/pages\/125\/revisions\/128"}],"wp:attachment":[{"href":"https:\/\/llefia.org\/stopcasesapostes\/wp-json\/wp\/v2\/media?parent=125"}],"curies":[{"name":"wp","href":"https:\/\/api.w.org\/{rel}","templated":true}]}}